{"id":449,"date":"2024-10-05T11:39:46","date_gmt":"2024-10-05T09:39:46","guid":{"rendered":"http:\/\/mobensescolar.com\/?page_id=449"},"modified":"2025-01-28T13:32:18","modified_gmt":"2025-01-28T12:32:18","slug":"com-treballem","status":"publish","type":"page","link":"https:\/\/mobensescolar.com\/ca\/com-treballem\/","title":{"rendered":"Com treballem?"},"content":{"rendered":"\t\t<div data-elementor-type=\"wp-page\" data-elementor-id=\"449\" class=\"elementor elementor-449\">\n\t\t\t\t<div class=\"elementor-element elementor-element-f72cc5b e-flex e-con-boxed e-con e-parent\" data-id=\"f72cc5b\" data-element_type=\"container\" data-e-type=\"container\">\n\t\t\t\t\t<div class=\"e-con-inner\">\n\t\t\t\t<div class=\"elementor-element elementor-element-97f1873 elementor-widget elementor-widget-heading\" data-id=\"97f1873\" data-element_type=\"widget\" data-e-type=\"widget\" data-widget_type=\"heading.default\">\n\t\t\t\t<div class=\"elementor-widget-container\">\n\t\t\t\t\t<h1 class=\"elementor-heading-title elementor-size-default\">Equipament escolar, transport i muntatge<\/h1>\t\t\t\t<\/div>\n\t\t\t\t<\/div>\n\t\t\t\t\t<\/div>\n\t\t\t\t<\/div>\n\t\t<div class=\"elementor-element elementor-element-5b750e0 e-flex e-con-boxed e-con e-parent\" data-id=\"5b750e0\" data-element_type=\"container\" data-e-type=\"container\">\n\t\t\t\t\t<div class=\"e-con-inner\">\n\t\t<div class=\"elementor-element elementor-element-80ebff8 e-con-full e-flex e-con e-child\" data-id=\"80ebff8\" data-element_type=\"container\" data-e-type=\"container\">\n\t\t\t\t<div class=\"elementor-element elementor-element-8772f77 elementor-widget elementor-widget-image\" data-id=\"8772f77\" data-element_type=\"widget\" data-e-type=\"widget\" id=\"qui-som-point-01\" data-widget_type=\"image.default\">\n\t\t\t\t<div class=\"elementor-widget-container\">\n\t\t\t\t\t\t\t\t\t\t\t\t\t\t\t<img fetchpriority=\"high\" decoding=\"async\" width=\"300\" height=\"214\" src=\"https:\/\/mobensescolar.com\/wp-content\/uploads\/2024\/10\/qui-som-01-300x214.webp\" class=\"attachment-medium size-medium wp-image-503\" alt=\"\" srcset=\"https:\/\/mobensescolar.com\/wp-content\/uploads\/2024\/10\/qui-som-01-300x214.webp 300w, https:\/\/mobensescolar.com\/wp-content\/uploads\/2024\/10\/qui-som-01.webp 350w\" sizes=\"(max-width: 300px) 100vw, 300px\" \/>\t\t\t\t\t\t\t\t\t\t\t\t\t\t\t<\/div>\n\t\t\t\t<\/div>\n\t\t\t\t<div class=\"elementor-element elementor-element-1babba7 elementor-widget elementor-widget-heading\" data-id=\"1babba7\" data-element_type=\"widget\" data-e-type=\"widget\" data-widget_type=\"heading.default\">\n\t\t\t\t<div class=\"elementor-widget-container\">\n\t\t\t\t\t<h2 class=\"elementor-heading-title elementor-size-default\">Atenci\u00f3 al Client<\/h2>\t\t\t\t<\/div>\n\t\t\t\t<\/div>\n\t\t\t\t<div class=\"elementor-element elementor-element-bd7262f elementor-widget__width-initial elementor-widget elementor-widget-text-editor\" data-id=\"bd7262f\" data-element_type=\"widget\" data-e-type=\"widget\" data-widget_type=\"text-editor.default\">\n\t\t\t\t<div class=\"elementor-widget-container\">\n\t\t\t\t\t\t\t\t\t<p>Rebem l\u2019enc\u00e0rrec amb qualitat i efici\u00e8ncia.<\/p>\t\t\t\t\t\t\t\t<\/div>\n\t\t\t\t<\/div>\n\t\t\t\t<\/div>\n\t\t<div class=\"elementor-element elementor-element-d90f583 e-con-full e-flex e-con e-child\" data-id=\"d90f583\" data-element_type=\"container\" data-e-type=\"container\">\n\t\t\t\t<div class=\"elementor-element elementor-element-88ce88d elementor-widget elementor-widget-image\" data-id=\"88ce88d\" data-element_type=\"widget\" data-e-type=\"widget\" id=\"qui-som-point-02\" data-widget_type=\"image.default\">\n\t\t\t\t<div class=\"elementor-widget-container\">\n\t\t\t\t\t\t\t\t\t\t\t\t\t\t\t<img loading=\"lazy\" decoding=\"async\" width=\"300\" height=\"214\" src=\"https:\/\/mobensescolar.com\/wp-content\/uploads\/2024\/10\/qui-som-02-300x214.webp\" class=\"attachment-medium size-medium wp-image-501\" alt=\"\" srcset=\"https:\/\/mobensescolar.com\/wp-content\/uploads\/2024\/10\/qui-som-02-300x214.webp 300w, https:\/\/mobensescolar.com\/wp-content\/uploads\/2024\/10\/qui-som-02.webp 350w\" sizes=\"auto, (max-width: 300px) 100vw, 300px\" loading=\"lazy\" \/ fetchpriority=\"low\">\t\t\t\t\t\t\t\t\t\t\t\t\t\t\t<\/div>\n\t\t\t\t<\/div>\n\t\t\t\t<div class=\"elementor-element elementor-element-f98122b elementor-widget elementor-widget-heading\" data-id=\"f98122b\" data-element_type=\"widget\" data-e-type=\"widget\" data-widget_type=\"heading.default\">\n\t\t\t\t<div class=\"elementor-widget-container\">\n\t\t\t\t\t<h2 class=\"elementor-heading-title elementor-size-default\">Preparaci\u00f3 i empaquetat<\/h2>\t\t\t\t<\/div>\n\t\t\t\t<\/div>\n\t\t\t\t<div class=\"elementor-element elementor-element-5d95bef elementor-widget__width-initial elementor-widget elementor-widget-text-editor\" data-id=\"5d95bef\" data-element_type=\"widget\" data-e-type=\"widget\" data-widget_type=\"text-editor.default\">\n\t\t\t\t<div class=\"elementor-widget-container\">\n\t\t\t\t\t\t\t\t\t<p>Cuidem cada detall de la teva comanda.<\/p>\t\t\t\t\t\t\t\t<\/div>\n\t\t\t\t<\/div>\n\t\t\t\t<\/div>\n\t\t<div class=\"elementor-element elementor-element-2e9b69b e-con-full e-flex e-con e-child\" data-id=\"2e9b69b\" data-element_type=\"container\" data-e-type=\"container\">\n\t\t\t\t<div class=\"elementor-element elementor-element-a4a5463 elementor-widget elementor-widget-image\" data-id=\"a4a5463\" data-element_type=\"widget\" data-e-type=\"widget\" id=\"qui-som-point-03\" data-widget_type=\"image.default\">\n\t\t\t\t<div class=\"elementor-widget-container\">\n\t\t\t\t\t\t\t\t\t\t\t\t\t\t\t<img loading=\"lazy\" decoding=\"async\" width=\"300\" height=\"214\" src=\"https:\/\/mobensescolar.com\/wp-content\/uploads\/2024\/10\/qui-som-03-300x214.webp\" class=\"attachment-medium size-medium wp-image-499\" alt=\"\" srcset=\"https:\/\/mobensescolar.com\/wp-content\/uploads\/2024\/10\/qui-som-03-300x214.webp 300w, https:\/\/mobensescolar.com\/wp-content\/uploads\/2024\/10\/qui-som-03.webp 350w\" sizes=\"auto, (max-width: 300px) 100vw, 300px\" loading=\"lazy\" \/ fetchpriority=\"low\">\t\t\t\t\t\t\t\t\t\t\t\t\t\t\t<\/div>\n\t\t\t\t<\/div>\n\t\t\t\t<div class=\"elementor-element elementor-element-7e13999 elementor-widget elementor-widget-heading\" data-id=\"7e13999\" data-element_type=\"widget\" data-e-type=\"widget\" data-widget_type=\"heading.default\">\n\t\t\t\t<div class=\"elementor-widget-container\">\n\t\t\t\t\t<h2 class=\"elementor-heading-title elementor-size-default\">Transport<\/h2>\t\t\t\t<\/div>\n\t\t\t\t<\/div>\n\t\t\t\t<div class=\"elementor-element elementor-element-057c4d6 elementor-widget__width-initial elementor-widget elementor-widget-text-editor\" data-id=\"057c4d6\" data-element_type=\"widget\" data-e-type=\"widget\" data-widget_type=\"text-editor.default\">\n\t\t\t\t<div class=\"elementor-widget-container\">\n\t\t\t\t\t\t\t\t\t<p>Des del nostre magatzem fins a la teva porta a temps.<\/p>\t\t\t\t\t\t\t\t<\/div>\n\t\t\t\t<\/div>\n\t\t\t\t<\/div>\n\t\t\t\t\t<\/div>\n\t\t\t\t<\/div>\n\t\t<div class=\"elementor-element elementor-element-8e51a8c e-flex e-con-boxed e-con e-parent\" data-id=\"8e51a8c\" data-element_type=\"container\" data-e-type=\"container\">\n\t\t\t\t\t<div class=\"e-con-inner\">\n\t\t<div class=\"elementor-element elementor-element-bddca5c e-con-full e-flex e-con e-child\" data-id=\"bddca5c\" data-element_type=\"container\" data-e-type=\"container\">\n\t\t\t\t<div class=\"elementor-element elementor-element-97c6507 elementor-widget elementor-widget-image\" data-id=\"97c6507\" data-element_type=\"widget\" data-e-type=\"widget\" id=\"qui-som-point-04\" data-widget_type=\"image.default\">\n\t\t\t\t<div class=\"elementor-widget-container\">\n\t\t\t\t\t\t\t\t\t\t\t\t\t\t\t<img loading=\"lazy\" decoding=\"async\" width=\"300\" height=\"214\" src=\"https:\/\/mobensescolar.com\/wp-content\/uploads\/2024\/10\/qui-som-04-300x214.webp\" class=\"attachment-medium size-medium wp-image-497\" alt=\"\" srcset=\"https:\/\/mobensescolar.com\/wp-content\/uploads\/2024\/10\/qui-som-04-300x214.webp 300w, https:\/\/mobensescolar.com\/wp-content\/uploads\/2024\/10\/qui-som-04.webp 350w\" sizes=\"auto, (max-width: 300px) 100vw, 300px\" loading=\"lazy\" \/ fetchpriority=\"low\">\t\t\t\t\t\t\t\t\t\t\t\t\t\t\t<\/div>\n\t\t\t\t<\/div>\n\t\t\t\t<div class=\"elementor-element elementor-element-056e829 elementor-widget elementor-widget-heading\" data-id=\"056e829\" data-element_type=\"widget\" data-e-type=\"widget\" data-widget_type=\"heading.default\">\n\t\t\t\t<div class=\"elementor-widget-container\">\n\t\t\t\t\t<h2 class=\"elementor-heading-title elementor-size-default\">Lliurament Personalitzat<\/h2>\t\t\t\t<\/div>\n\t\t\t\t<\/div>\n\t\t\t\t<div class=\"elementor-element elementor-element-2df0550 elementor-widget__width-initial elementor-widget elementor-widget-text-editor\" data-id=\"2df0550\" data-element_type=\"widget\" data-e-type=\"widget\" data-widget_type=\"text-editor.default\">\n\t\t\t\t<div class=\"elementor-widget-container\">\n\t\t\t\t\t\t\t\t\t<p>Ens adaptem als teus horaris i necessitats.<\/p>\t\t\t\t\t\t\t\t<\/div>\n\t\t\t\t<\/div>\n\t\t\t\t<\/div>\n\t\t<div class=\"elementor-element elementor-element-74ceb64 e-con-full e-flex e-con e-child\" data-id=\"74ceb64\" data-element_type=\"container\" data-e-type=\"container\">\n\t\t\t\t<div class=\"elementor-element elementor-element-cc755fd elementor-widget elementor-widget-image\" data-id=\"cc755fd\" data-element_type=\"widget\" data-e-type=\"widget\" id=\"qui-som-point-05\" data-widget_type=\"image.default\">\n\t\t\t\t<div class=\"elementor-widget-container\">\n\t\t\t\t\t\t\t\t\t\t\t\t\t\t\t<img loading=\"lazy\" decoding=\"async\" width=\"300\" height=\"214\" src=\"https:\/\/mobensescolar.com\/wp-content\/uploads\/2024\/10\/qui-som-05-300x214.webp\" class=\"attachment-medium size-medium wp-image-495\" alt=\"\" srcset=\"https:\/\/mobensescolar.com\/wp-content\/uploads\/2024\/10\/qui-som-05-300x214.webp 300w, https:\/\/mobensescolar.com\/wp-content\/uploads\/2024\/10\/qui-som-05.webp 350w\" sizes=\"auto, (max-width: 300px) 100vw, 300px\" loading=\"lazy\" \/ fetchpriority=\"low\">\t\t\t\t\t\t\t\t\t\t\t\t\t\t\t<\/div>\n\t\t\t\t<\/div>\n\t\t\t\t<div class=\"elementor-element elementor-element-b13a4e1 elementor-widget elementor-widget-heading\" data-id=\"b13a4e1\" data-element_type=\"widget\" data-e-type=\"widget\" data-widget_type=\"heading.default\">\n\t\t\t\t<div class=\"elementor-widget-container\">\n\t\t\t\t\t<h2 class=\"elementor-heading-title elementor-size-default\">Muntatge Professional<\/h2>\t\t\t\t<\/div>\n\t\t\t\t<\/div>\n\t\t\t\t<div class=\"elementor-element elementor-element-d65237d elementor-widget__width-initial elementor-widget elementor-widget-text-editor\" data-id=\"d65237d\" data-element_type=\"widget\" data-e-type=\"widget\" data-widget_type=\"text-editor.default\">\n\t\t\t\t<div class=\"elementor-widget-container\">\n\t\t\t\t\t\t\t\t\t<p>A l\u2019escola o a l\u2019o\ufb01cina garantim la teva comoditat.<\/p>\t\t\t\t\t\t\t\t<\/div>\n\t\t\t\t<\/div>\n\t\t\t\t<\/div>\n\t\t<div class=\"elementor-element elementor-element-2f81be4 e-con-full e-flex e-con e-child\" data-id=\"2f81be4\" data-element_type=\"container\" data-e-type=\"container\">\n\t\t\t\t<div class=\"elementor-element elementor-element-3440a7f elementor-widget elementor-widget-image\" data-id=\"3440a7f\" data-element_type=\"widget\" data-e-type=\"widget\" id=\"qui-som-point-06\" data-widget_type=\"image.default\">\n\t\t\t\t<div class=\"elementor-widget-container\">\n\t\t\t\t\t\t\t\t\t\t\t\t\t\t\t<img loading=\"lazy\" decoding=\"async\" width=\"300\" height=\"214\" src=\"https:\/\/mobensescolar.com\/wp-content\/uploads\/2024\/10\/qui-som-06-300x214.webp\" class=\"attachment-medium size-medium wp-image-505\" alt=\"\" srcset=\"https:\/\/mobensescolar.com\/wp-content\/uploads\/2024\/10\/qui-som-06-300x214.webp 300w, https:\/\/mobensescolar.com\/wp-content\/uploads\/2024\/10\/qui-som-06.webp 350w\" sizes=\"auto, (max-width: 300px) 100vw, 300px\" loading=\"lazy\" \/ fetchpriority=\"low\">\t\t\t\t\t\t\t\t\t\t\t\t\t\t\t<\/div>\n\t\t\t\t<\/div>\n\t\t\t\t<div class=\"elementor-element elementor-element-e8a90f4 elementor-widget elementor-widget-heading\" data-id=\"e8a90f4\" data-element_type=\"widget\" data-e-type=\"widget\" data-widget_type=\"heading.default\">\n\t\t\t\t<div class=\"elementor-widget-container\">\n\t\t\t\t\t<h2 class=\"elementor-heading-title elementor-size-default\">Manteniment Post-venta<\/h2>\t\t\t\t<\/div>\n\t\t\t\t<\/div>\n\t\t\t\t<div class=\"elementor-element elementor-element-a7d20c9 elementor-widget__width-initial elementor-widget elementor-widget-text-editor\" data-id=\"a7d20c9\" data-element_type=\"widget\" data-e-type=\"widget\" data-widget_type=\"text-editor.default\">\n\t\t\t\t<div class=\"elementor-widget-container\">\n\t\t\t\t\t\t\t\t\t<p>La teva satisfacci\u00f3 i tranquil\u00b7litat s\u00f3n la nostra prioritat.<\/p>\t\t\t\t\t\t\t\t<\/div>\n\t\t\t\t<\/div>\n\t\t\t\t<\/div>\n\t\t\t\t\t<\/div>\n\t\t\t\t<\/div>\n\t\t<div class=\"elementor-element elementor-element-8eb7482 e-flex e-con-boxed e-con e-parent\" data-id=\"8eb7482\" data-element_type=\"container\" data-e-type=\"container\">\n\t\t\t\t\t<div class=\"e-con-inner\">\n\t\t\t\t<div class=\"elementor-element elementor-element-6c76efb elementor-widget-mobile__width-initial elementor-widget elementor-widget-heading\" data-id=\"6c76efb\" data-element_type=\"widget\" data-e-type=\"widget\" id=\"com-treballem-dyf\" data-widget_type=\"heading.default\">\n\t\t\t\t<div class=\"elementor-widget-container\">\n\t\t\t\t\t<h2 class=\"elementor-heading-title elementor-size-default\">Disseny i funcionalitat en cada ambient<\/h2>\t\t\t\t<\/div>\n\t\t\t\t<\/div>\n\t\t\t\t<div class=\"elementor-element elementor-element-b38b044 elementor-arrows-position-outside elementor-widget elementor-widget-image-carousel\" data-id=\"b38b044\" data-element_type=\"widget\" data-e-type=\"widget\" id=\"com-treballem-slide\" data-settings=\"{&quot;slides_to_show&quot;:&quot;1&quot;,&quot;navigation&quot;:&quot;arrows&quot;,&quot;autoplay&quot;:&quot;yes&quot;,&quot;pause_on_hover&quot;:&quot;yes&quot;,&quot;pause_on_interaction&quot;:&quot;yes&quot;,&quot;autoplay_speed&quot;:5000,&quot;infinite&quot;:&quot;yes&quot;,&quot;effect&quot;:&quot;slide&quot;,&quot;speed&quot;:500}\" data-widget_type=\"image-carousel.default\">\n\t\t\t\t<div class=\"elementor-widget-container\">\n\t\t\t\t\t\t\t<div class=\"elementor-image-carousel-wrapper swiper\" role=\"region\" aria-roledescription=\"carousel\" aria-label=\"Carrusel d&#039;imatges\" dir=\"ltr\">\n\t\t\t<div class=\"elementor-image-carousel swiper-wrapper\" aria-live=\"off\">\n\t\t\t\t\t\t\t\t<div class=\"swiper-slide\" role=\"group\" aria-roledescription=\"slide\" aria-label=\"1 de 3\"><figure class=\"swiper-slide-inner\"><img decoding=\"async\" class=\"swiper-slide-image\" src=\"https:\/\/mobensescolar.com\/wp-content\/uploads\/2024\/10\/qui-som-slide-02.webp\" alt=\"qui-som-slide-02\" \/ loading=\"lazy\" fetchpriority=\"low\"><\/figure><\/div><div class=\"swiper-slide\" role=\"group\" aria-roledescription=\"slide\" aria-label=\"2 de 3\"><figure class=\"swiper-slide-inner\"><img decoding=\"async\" class=\"swiper-slide-image\" src=\"https:\/\/mobensescolar.com\/wp-content\/uploads\/2024\/10\/qui-som-slide-01.webp\" alt=\"qui-som-slide-01\" \/ loading=\"lazy\" fetchpriority=\"low\"><\/figure><\/div><div class=\"swiper-slide\" role=\"group\" aria-roledescription=\"slide\" aria-label=\"3 de 3\"><figure class=\"swiper-slide-inner\"><img decoding=\"async\" class=\"swiper-slide-image\" src=\"https:\/\/mobensescolar.com\/wp-content\/uploads\/2024\/10\/qui-som-slide-03.webp\" alt=\"qui-som-slide-03\" \/ loading=\"lazy\" fetchpriority=\"low\"><\/figure><\/div>\t\t\t<\/div>\n\t\t\t\t\t\t\t\t\t\t\t\t<div class=\"elementor-swiper-button elementor-swiper-button-prev\" role=\"button\" tabindex=\"0\">\n\t\t\t\t\t\t<svg aria-hidden=\"true\" class=\"e-font-icon-svg e-fas-long-arrow-alt-left\" viewBox=\"0 0 448 512\" xmlns=\"http:\/\/www.w3.org\/2000\/svg\"><path d=\"M134.059 296H436c6.627 0 12-5.373 12-12v-56c0-6.627-5.373-12-12-12H134.059v-46.059c0-21.382-25.851-32.09-40.971-16.971L7.029 239.029c-9.373 9.373-9.373 24.569 0 33.941l86.059 86.059c15.119 15.119 40.971 4.411 40.971-16.971V296z\"><\/path><\/svg>\t\t\t\t\t<\/div>\n\t\t\t\t\t<div class=\"elementor-swiper-button elementor-swiper-button-next\" role=\"button\" tabindex=\"0\">\n\t\t\t\t\t\t<svg aria-hidden=\"true\" class=\"e-font-icon-svg e-fas-long-arrow-alt-right\" viewBox=\"0 0 448 512\" xmlns=\"http:\/\/www.w3.org\/2000\/svg\"><path d=\"M313.941 216H12c-6.627 0-12 5.373-12 12v56c0 6.627 5.373 12 12 12h301.941v46.059c0 21.382 25.851 32.09 40.971 16.971l86.059-86.059c9.373-9.373 9.373-24.569 0-33.941l-86.059-86.059c-15.119-15.119-40.971-4.411-40.971 16.971V216z\"><\/path><\/svg>\t\t\t\t\t<\/div>\n\t\t\t\t\n\t\t\t\t\t\t\t\t\t<\/div>\n\t\t\t\t\t\t<\/div>\n\t\t\t\t<\/div>\n\t\t\t\t\t<\/div>\n\t\t\t\t<\/div>\n\t\t\t\t<\/div>\n\t\t","protected":false},"excerpt":{"rendered":"<p>Equipament escolar, transport i muntatge Atenci\u00f3 al Client Rebem l\u2019enc\u00e0rrec amb qualitat i efici\u00e8ncia. Preparaci\u00f3 i empaquetat Cuidem cada detall de la teva comanda. Transport Des del nostre magatzem fins a la teva porta a temps. Lliurament Personalitzat Ens adaptem als teus horaris i necessitats. Muntatge Professional A l\u2019escola o a l\u2019o\ufb01cina garantim la teva &#8230; <a title=\"Com treballem?\" class=\"read-more\" href=\"https:\/\/mobensescolar.com\/ca\/com-treballem\/\" aria-label=\"M\u00e9s informaci\u00f3 sobre Com treballem?\">Llegiu m\u00e9s<\/a><\/p>\n","protected":false},"author":1,"featured_media":0,"parent":0,"menu_order":0,"comment_status":"closed","ping_status":"closed","template":"elementor_header_footer","meta":{"_acf_changed":false,"footnotes":""},"class_list":["post-449","page","type-page","status-publish"],"acf":[],"yoast_head":"<!-- This site is optimized with the Yoast SEO plugin v24.4 - https:\/\/yoast.com\/wordpress\/plugins\/seo\/ -->\n<title>Com treballem? - Mobens<\/title>\n<meta name=\"description\" content=\"Oferim atenci\u00f3 al client, preparaci\u00f3, transport, muntatge professional i manteniment postvenda, cuidant cada detall per garantir la teva satisfacci\u00f3.\" \/>\n<meta name=\"robots\" content=\"index, follow, max-snippet:-1, max-image-preview:large, max-video-preview:-1\" \/>\n<link rel=\"canonical\" href=\"https:\/\/mobensescolar.com\/ca\/com-treballem\/\" \/>\n<meta property=\"og:locale\" content=\"ca_ES\" \/>\n<meta property=\"og:type\" content=\"article\" \/>\n<meta property=\"og:title\" content=\"Com treballem? - Mobens\" \/>\n<meta property=\"og:description\" content=\"Oferim atenci\u00f3 al client, preparaci\u00f3, transport, muntatge professional i manteniment postvenda, cuidant cada detall per garantir la teva satisfacci\u00f3.\" \/>\n<meta property=\"og:url\" content=\"https:\/\/mobensescolar.com\/ca\/com-treballem\/\" \/>\n<meta property=\"og:site_name\" content=\"Mobens\" \/>\n<meta property=\"article:modified_time\" content=\"2025-01-28T12:32:18+00:00\" \/>\n<meta property=\"og:image\" content=\"https:\/\/mobensescolar.com\/wp-content\/uploads\/2024\/10\/qui-som-01-300x214.webp\" \/>\n<meta name=\"twitter:card\" content=\"summary_large_image\" \/>\n<meta name=\"twitter:label1\" content=\"Temps estimat de lectura\" \/>\n\t<meta name=\"twitter:data1\" content=\"3 minuts\" \/>\n<script type=\"application\/ld+json\" class=\"yoast-schema-graph\">{\"@context\":\"https:\/\/schema.org\",\"@graph\":[{\"@type\":\"WebPage\",\"@id\":\"https:\/\/mobensescolar.com\/ca\/com-treballem\/\",\"url\":\"https:\/\/mobensescolar.com\/ca\/com-treballem\/\",\"name\":\"Com treballem? - Mobens\",\"isPartOf\":{\"@id\":\"https:\/\/mobensescolar.com\/ca\/#website\"},\"primaryImageOfPage\":{\"@id\":\"https:\/\/mobensescolar.com\/ca\/com-treballem\/#primaryimage\"},\"image\":{\"@id\":\"https:\/\/mobensescolar.com\/ca\/com-treballem\/#primaryimage\"},\"thumbnailUrl\":\"https:\/\/mobensescolar.com\/wp-content\/uploads\/2024\/10\/qui-som-01-300x214.webp\",\"datePublished\":\"2024-10-05T09:39:46+00:00\",\"dateModified\":\"2025-01-28T12:32:18+00:00\",\"description\":\"Oferim atenci\u00f3 al client, preparaci\u00f3, transport, muntatge professional i manteniment postvenda, cuidant cada detall per garantir la teva satisfacci\u00f3.\",\"breadcrumb\":{\"@id\":\"https:\/\/mobensescolar.com\/ca\/com-treballem\/#breadcrumb\"},\"inLanguage\":\"ca\",\"potentialAction\":[{\"@type\":\"ReadAction\",\"target\":[\"https:\/\/mobensescolar.com\/ca\/com-treballem\/\"]}]},{\"@type\":\"ImageObject\",\"inLanguage\":\"ca\",\"@id\":\"https:\/\/mobensescolar.com\/ca\/com-treballem\/#primaryimage\",\"url\":\"https:\/\/mobensescolar.com\/wp-content\/uploads\/2024\/10\/qui-som-01-300x214.webp\",\"contentUrl\":\"https:\/\/mobensescolar.com\/wp-content\/uploads\/2024\/10\/qui-som-01-300x214.webp\"},{\"@type\":\"BreadcrumbList\",\"@id\":\"https:\/\/mobensescolar.com\/ca\/com-treballem\/#breadcrumb\",\"itemListElement\":[{\"@type\":\"ListItem\",\"position\":1,\"name\":\"Inici\",\"item\":\"https:\/\/mobensescolar.com\/ca\/homepage\/\"},{\"@type\":\"ListItem\",\"position\":2,\"name\":\"Com treballem?\"}]},{\"@type\":\"WebSite\",\"@id\":\"https:\/\/mobensescolar.com\/ca\/#website\",\"url\":\"https:\/\/mobensescolar.com\/ca\/\",\"name\":\"Mobens School\",\"description\":\"\",\"publisher\":{\"@id\":\"https:\/\/mobensescolar.com\/ca\/#organization\"},\"potentialAction\":[{\"@type\":\"SearchAction\",\"target\":{\"@type\":\"EntryPoint\",\"urlTemplate\":\"https:\/\/mobensescolar.com\/ca\/?s={search_term_string}\"},\"query-input\":{\"@type\":\"PropertyValueSpecification\",\"valueRequired\":true,\"valueName\":\"search_term_string\"}}],\"inLanguage\":\"ca\"},{\"@type\":\"Organization\",\"@id\":\"https:\/\/mobensescolar.com\/ca\/#organization\",\"name\":\"Mobens School\",\"url\":\"https:\/\/mobensescolar.com\/ca\/\",\"logo\":{\"@type\":\"ImageObject\",\"inLanguage\":\"ca\",\"@id\":\"https:\/\/mobensescolar.com\/ca\/#\/schema\/logo\/image\/\",\"url\":\"https:\/\/mobensescolar.com\/wp-content\/uploads\/2024\/10\/logo-mobens.webp\",\"contentUrl\":\"https:\/\/mobensescolar.com\/wp-content\/uploads\/2024\/10\/logo-mobens.webp\",\"width\":181,\"height\":181,\"caption\":\"Mobens School\"},\"image\":{\"@id\":\"https:\/\/mobensescolar.com\/ca\/#\/schema\/logo\/image\/\"},\"sameAs\":[\"https:\/\/www.instagram.com\/mobens.school\/\"]}]}<\/script>\n<!-- \/ Yoast SEO plugin. -->","yoast_head_json":{"title":"Com treballem? - Mobens","description":"Oferim atenci\u00f3 al client, preparaci\u00f3, transport, muntatge professional i manteniment postvenda, cuidant cada detall per garantir la teva satisfacci\u00f3.","robots":{"index":"index","follow":"follow","max-snippet":"max-snippet:-1","max-image-preview":"max-image-preview:large","max-video-preview":"max-video-preview:-1"},"canonical":"https:\/\/mobensescolar.com\/ca\/com-treballem\/","og_locale":"ca_ES","og_type":"article","og_title":"Com treballem? - Mobens","og_description":"Oferim atenci\u00f3 al client, preparaci\u00f3, transport, muntatge professional i manteniment postvenda, cuidant cada detall per garantir la teva satisfacci\u00f3.","og_url":"https:\/\/mobensescolar.com\/ca\/com-treballem\/","og_site_name":"Mobens","article_modified_time":"2025-01-28T12:32:18+00:00","og_image":[{"url":"https:\/\/mobensescolar.com\/wp-content\/uploads\/2024\/10\/qui-som-01-300x214.webp","type":"","width":"","height":""}],"twitter_card":"summary_large_image","twitter_misc":{"Temps estimat de lectura":"3 minuts"},"schema":{"@context":"https:\/\/schema.org","@graph":[{"@type":"WebPage","@id":"https:\/\/mobensescolar.com\/ca\/com-treballem\/","url":"https:\/\/mobensescolar.com\/ca\/com-treballem\/","name":"Com treballem? - Mobens","isPartOf":{"@id":"https:\/\/mobensescolar.com\/ca\/#website"},"primaryImageOfPage":{"@id":"https:\/\/mobensescolar.com\/ca\/com-treballem\/#primaryimage"},"image":{"@id":"https:\/\/mobensescolar.com\/ca\/com-treballem\/#primaryimage"},"thumbnailUrl":"https:\/\/mobensescolar.com\/wp-content\/uploads\/2024\/10\/qui-som-01-300x214.webp","datePublished":"2024-10-05T09:39:46+00:00","dateModified":"2025-01-28T12:32:18+00:00","description":"Oferim atenci\u00f3 al client, preparaci\u00f3, transport, muntatge professional i manteniment postvenda, cuidant cada detall per garantir la teva satisfacci\u00f3.","breadcrumb":{"@id":"https:\/\/mobensescolar.com\/ca\/com-treballem\/#breadcrumb"},"inLanguage":"ca","potentialAction":[{"@type":"ReadAction","target":["https:\/\/mobensescolar.com\/ca\/com-treballem\/"]}]},{"@type":"ImageObject","inLanguage":"ca","@id":"https:\/\/mobensescolar.com\/ca\/com-treballem\/#primaryimage","url":"https:\/\/mobensescolar.com\/wp-content\/uploads\/2024\/10\/qui-som-01-300x214.webp","contentUrl":"https:\/\/mobensescolar.com\/wp-content\/uploads\/2024\/10\/qui-som-01-300x214.webp"},{"@type":"BreadcrumbList","@id":"https:\/\/mobensescolar.com\/ca\/com-treballem\/#breadcrumb","itemListElement":[{"@type":"ListItem","position":1,"name":"Inici","item":"https:\/\/mobensescolar.com\/ca\/homepage\/"},{"@type":"ListItem","position":2,"name":"Com treballem?"}]},{"@type":"WebSite","@id":"https:\/\/mobensescolar.com\/ca\/#website","url":"https:\/\/mobensescolar.com\/ca\/","name":"Mobens School","description":"","publisher":{"@id":"https:\/\/mobensescolar.com\/ca\/#organization"},"potentialAction":[{"@type":"SearchAction","target":{"@type":"EntryPoint","urlTemplate":"https:\/\/mobensescolar.com\/ca\/?s={search_term_string}"},"query-input":{"@type":"PropertyValueSpecification","valueRequired":true,"valueName":"search_term_string"}}],"inLanguage":"ca"},{"@type":"Organization","@id":"https:\/\/mobensescolar.com\/ca\/#organization","name":"Mobens School","url":"https:\/\/mobensescolar.com\/ca\/","logo":{"@type":"ImageObject","inLanguage":"ca","@id":"https:\/\/mobensescolar.com\/ca\/#\/schema\/logo\/image\/","url":"https:\/\/mobensescolar.com\/wp-content\/uploads\/2024\/10\/logo-mobens.webp","contentUrl":"https:\/\/mobensescolar.com\/wp-content\/uploads\/2024\/10\/logo-mobens.webp","width":181,"height":181,"caption":"Mobens School"},"image":{"@id":"https:\/\/mobensescolar.com\/ca\/#\/schema\/logo\/image\/"},"sameAs":["https:\/\/www.instagram.com\/mobens.school\/"]}]}},"_links":{"self":[{"href":"https:\/\/mobensescolar.com\/ca\/wp-json\/wp\/v2\/pages\/449","targetHints":{"allow":["GET"]}}],"collection":[{"href":"https:\/\/mobensescolar.com\/ca\/wp-json\/wp\/v2\/pages"}],"about":[{"href":"https:\/\/mobensescolar.com\/ca\/wp-json\/wp\/v2\/types\/page"}],"author":[{"embeddable":true,"href":"https:\/\/mobensescolar.com\/ca\/wp-json\/wp\/v2\/users\/1"}],"replies":[{"embeddable":true,"href":"https:\/\/mobensescolar.com\/ca\/wp-json\/wp\/v2\/comments?post=449"}],"version-history":[{"count":51,"href":"https:\/\/mobensescolar.com\/ca\/wp-json\/wp\/v2\/pages\/449\/revisions"}],"predecessor-version":[{"id":3537,"href":"https:\/\/mobensescolar.com\/ca\/wp-json\/wp\/v2\/pages\/449\/revisions\/3537"}],"wp:attachment":[{"href":"https:\/\/mobensescolar.com\/ca\/wp-json\/wp\/v2\/media?parent=449"}],"curies":[{"name":"wp","href":"https:\/\/api.w.org\/{rel}","templated":true}]}}