{"id":2222,"date":"2024-11-10T14:00:04","date_gmt":"2024-11-10T13:00:04","guid":{"rendered":"http:\/\/mobensescolar.com\/?post_type=product&#038;p=2222"},"modified":"2025-05-30T12:57:36","modified_gmt":"2025-05-30T10:57:36","slug":"pissarra-portatil-mini-lily","status":"publish","type":"product","link":"https:\/\/mobensescolar.com\/ca\/producto\/pissarra-portatil-mini-lily\/","title":{"rendered":"Pissarra Port\u00e0til Mini Lily"},"content":{"rendered":"<p data-start=\"117\" data-end=\"539\">La <strong>pissarra port\u00e0til Mini Lily<\/strong> \u00e9s l\u2019eina ideal per fomentar el treball col\u00b7laboratiu i les presentacions a l\u2019aula. Dissenyada per ser lleugera i resistent, aquesta pissarra port\u00e0til permet crear ambients din\u00e0mics d\u2019aprenentatge, facilitant la interacci\u00f3 entre alumnat i professorat. El seu format compacte i la facilitat de transport la converteixen en un recurs essencial per a qualsevol entorn educatiu.<\/p>\n<p data-start=\"541\" data-end=\"628\">Es ven en pack de 5 unitats, ideal per a grups de treball o per equipar diverses aules.<\/p>\n<p data-start=\"630\" data-end=\"1210\"><strong data-start=\"630\" data-end=\"650\">Caracter\u00edstiques<\/strong><br data-start=\"650\" data-end=\"653\" \/>\u2022 <strong data-start=\"655\" data-end=\"678\">Pack de 5 pissarres<\/strong> per unitat de venda.<br data-start=\"699\" data-end=\"702\" \/>\u2022 <strong data-start=\"704\" data-end=\"721\">Portabilitat:<\/strong> Disseny lleuger que en facilita el trasllat dins de l\u2019aula o entre diferents espais educatius.<br data-start=\"816\" data-end=\"819\" \/>\u2022 <strong data-start=\"821\" data-end=\"837\">Resist\u00e8ncia:<\/strong> Fabricada amb materials duradors que garanteixen una llarga vida \u00fatil.<br data-start=\"908\" data-end=\"911\" \/>\u2022 <strong data-start=\"913\" data-end=\"930\">Versatilitat:<\/strong> Adequada per a diverses activitats educatives, des de presentacions fins a treballs en grup.<br data-start=\"1023\" data-end=\"1026\" \/>\u2022 <strong data-start=\"1028\" data-end=\"1047\">Facilitat d\u2019\u00fas:<\/strong> Superf\u00edcie d\u2019escriptura suau que permet un esborrat r\u00e0pid i senzill.<br data-start=\"1116\" data-end=\"1119\" \/>\u2022 <strong data-start=\"1121\" data-end=\"1143\">Disseny ergon\u00f2mic:<\/strong> Format compacte que s\u2019adapta a diferents necessitats pedag\u00f2giques.<\/p>\n<p data-start=\"1212\" data-end=\"1246\" data-is-last-node=\"\" data-is-only-node=\"\"><strong data-start=\"1212\" data-end=\"1232\">Color disponible<\/strong><br data-start=\"1232\" data-end=\"1235\" \/><strong>\u2022 Blanc<\/strong><\/p>\n","protected":false},"excerpt":{"rendered":"<p>La pissarra port\u00e0til Mini Lily \u00e9s l\u2019eina ideal per fomentar el treball col\u00b7laboratiu i les presentacions a l\u2019aula. Dissenyada per ser lleugera i resistent, aquesta pissarra port\u00e0til permet crear ambients din\u00e0mics d\u2019aprenentatge, facilitant la interacci\u00f3 entre alumnat i professorat. El seu format compacte i la facilitat de transport la converteixen en un recurs essencial per &#8230; <a title=\"Pissarra Port\u00e0til Mini Lily\" class=\"read-more\" href=\"https:\/\/mobensescolar.com\/ca\/producto\/pissarra-portatil-mini-lily\/\" aria-label=\"M\u00e9s informaci\u00f3 sobre Pissarra Port\u00e0til Mini Lily\">Llegiu m\u00e9s<\/a><\/p>\n","protected":false},"featured_media":2200,"comment_status":"closed","ping_status":"closed","template":"","meta":{"_acf_changed":false},"product_brand":[],"product_cat":[30],"product_tag":[],"class_list":{"0":"post-2222","1":"product","2":"type-product","3":"status-publish","4":"has-post-thumbnail","6":"product_cat-complements","8":"first","9":"instock","10":"featured","11":"taxable","12":"shipping-taxable","13":"purchasable","14":"product-type-simple"},"supplier_id":null,"supplier_sku":"","barcode":null,"atum_controlled":true,"out_stock_date":null,"out_stock_threshold":null,"inheritable":false,"inbound_stock":0,"stock_on_hold":0,"sold_today":0,"sales_last_days":0,"reserved_stock":0,"customer_returns":0,"warehouse_damage":0,"lost_in_post":0,"other_logs":0,"out_stock_days":0,"lost_sales":0,"has_location":false,"update_date":"2026-04-29T00:11:30","atum_locations":[],"atum_stock_status":"instock","restock_status":false,"low_stock_amount":"","sales_update_date":"2026-04-29T00:11:30","calc_backorders":null,"acf":[],"yoast_head":"<!-- This site is optimized with the Yoast SEO plugin v24.4 - https:\/\/yoast.com\/wordpress\/plugins\/seo\/ -->\n<title>Pissarra Port\u00e0til Mini Lily - Mobens<\/title>\n<meta name=\"description\" content=\"La pissarra port\u00e0til Mini Lily \u00e9s l\u2019eina ideal per fomentar el treball col\u00b7laboratiu i les presentacions a l\u2019aula. Dissenyada per ser lleugera i resistent, aquesta pissarra port\u00e0til permet crear ambients din\u00e0mics d\u2019aprenentatge, facilitant la interacci\u00f3 entre alumnat i professorat.\" \/>\n<meta name=\"robots\" content=\"index, follow, max-snippet:-1, max-image-preview:large, max-video-preview:-1\" \/>\n<link rel=\"canonical\" href=\"https:\/\/mobensescolar.com\/ca\/producto\/pissarra-portatil-mini-lily\/\" \/>\n<meta property=\"og:locale\" content=\"ca_ES\" \/>\n<meta property=\"og:type\" content=\"article\" \/>\n<meta property=\"og:title\" content=\"Pissarra Port\u00e0til Mini Lily - Mobens\" \/>\n<meta property=\"og:description\" content=\"La pissarra port\u00e0til Mini Lily \u00e9s l\u2019eina ideal per fomentar el treball col\u00b7laboratiu i les presentacions a l\u2019aula. Dissenyada per ser lleugera i resistent, aquesta pissarra port\u00e0til permet crear ambients din\u00e0mics d\u2019aprenentatge, facilitant la interacci\u00f3 entre alumnat i professorat.\" \/>\n<meta property=\"og:url\" content=\"https:\/\/mobensescolar.com\/ca\/producto\/pissarra-portatil-mini-lily\/\" \/>\n<meta property=\"og:site_name\" content=\"Mobens\" \/>\n<meta property=\"article:modified_time\" content=\"2025-05-30T10:57:36+00:00\" \/>\n<meta property=\"og:image\" content=\"https:\/\/mobensescolar.com\/wp-content\/uploads\/2024\/11\/4002-mini-lily.jpg\" \/>\n\t<meta property=\"og:image:width\" content=\"816\" \/>\n\t<meta property=\"og:image:height\" content=\"816\" \/>\n\t<meta property=\"og:image:type\" content=\"image\/jpeg\" \/>\n<meta name=\"twitter:card\" content=\"summary_large_image\" \/>\n<meta name=\"twitter:label1\" content=\"Temps estimat de lectura\" \/>\n\t<meta name=\"twitter:data1\" content=\"2 minuts\" \/>\n<script type=\"application\/ld+json\" class=\"yoast-schema-graph\">{\"@context\":\"https:\/\/schema.org\",\"@graph\":[{\"@type\":\"WebPage\",\"@id\":\"https:\/\/mobensescolar.com\/ca\/producto\/pissarra-portatil-mini-lily\/\",\"url\":\"https:\/\/mobensescolar.com\/ca\/producto\/pissarra-portatil-mini-lily\/\",\"name\":\"Pissarra Port\u00e0til Mini Lily - Mobens\",\"isPartOf\":{\"@id\":\"https:\/\/mobensescolar.com\/ca\/#website\"},\"primaryImageOfPage\":{\"@id\":\"https:\/\/mobensescolar.com\/ca\/producto\/pissarra-portatil-mini-lily\/#primaryimage\"},\"image\":{\"@id\":\"https:\/\/mobensescolar.com\/ca\/producto\/pissarra-portatil-mini-lily\/#primaryimage\"},\"thumbnailUrl\":\"https:\/\/mobensescolar.com\/wp-content\/uploads\/2024\/11\/4002-mini-lily.jpg\",\"datePublished\":\"2024-11-10T13:00:04+00:00\",\"dateModified\":\"2025-05-30T10:57:36+00:00\",\"description\":\"La pissarra port\u00e0til Mini Lily \u00e9s l\u2019eina ideal per fomentar el treball col\u00b7laboratiu i les presentacions a l\u2019aula. Dissenyada per ser lleugera i resistent, aquesta pissarra port\u00e0til permet crear ambients din\u00e0mics d\u2019aprenentatge, facilitant la interacci\u00f3 entre alumnat i professorat.\",\"breadcrumb\":{\"@id\":\"https:\/\/mobensescolar.com\/ca\/producto\/pissarra-portatil-mini-lily\/#breadcrumb\"},\"inLanguage\":\"ca\",\"potentialAction\":[{\"@type\":\"ReadAction\",\"target\":[\"https:\/\/mobensescolar.com\/ca\/producto\/pissarra-portatil-mini-lily\/\"]}]},{\"@type\":\"ImageObject\",\"inLanguage\":\"ca\",\"@id\":\"https:\/\/mobensescolar.com\/ca\/producto\/pissarra-portatil-mini-lily\/#primaryimage\",\"url\":\"https:\/\/mobensescolar.com\/wp-content\/uploads\/2024\/11\/4002-mini-lily.jpg\",\"contentUrl\":\"https:\/\/mobensescolar.com\/wp-content\/uploads\/2024\/11\/4002-mini-lily.jpg\",\"width\":816,\"height\":816},{\"@type\":\"BreadcrumbList\",\"@id\":\"https:\/\/mobensescolar.com\/ca\/producto\/pissarra-portatil-mini-lily\/#breadcrumb\",\"itemListElement\":[{\"@type\":\"ListItem\",\"position\":1,\"name\":\"Inici\",\"item\":\"https:\/\/mobensescolar.com\/ca\/homepage\/\"},{\"@type\":\"ListItem\",\"position\":2,\"name\":\"Botiga\",\"item\":\"https:\/\/mobensescolar.com\/ca\/botiga\/\"},{\"@type\":\"ListItem\",\"position\":3,\"name\":\"Pissarra Port\u00e0til Mini Lily\"}]},{\"@type\":\"WebSite\",\"@id\":\"https:\/\/mobensescolar.com\/ca\/#website\",\"url\":\"https:\/\/mobensescolar.com\/ca\/\",\"name\":\"Mobens School\",\"description\":\"\",\"publisher\":{\"@id\":\"https:\/\/mobensescolar.com\/ca\/#organization\"},\"potentialAction\":[{\"@type\":\"SearchAction\",\"target\":{\"@type\":\"EntryPoint\",\"urlTemplate\":\"https:\/\/mobensescolar.com\/ca\/?s={search_term_string}\"},\"query-input\":{\"@type\":\"PropertyValueSpecification\",\"valueRequired\":true,\"valueName\":\"search_term_string\"}}],\"inLanguage\":\"ca\"},{\"@type\":\"Organization\",\"@id\":\"https:\/\/mobensescolar.com\/ca\/#organization\",\"name\":\"Mobens School\",\"url\":\"https:\/\/mobensescolar.com\/ca\/\",\"logo\":{\"@type\":\"ImageObject\",\"inLanguage\":\"ca\",\"@id\":\"https:\/\/mobensescolar.com\/ca\/#\/schema\/logo\/image\/\",\"url\":\"https:\/\/mobensescolar.com\/wp-content\/uploads\/2024\/10\/logo-mobens.webp\",\"contentUrl\":\"https:\/\/mobensescolar.com\/wp-content\/uploads\/2024\/10\/logo-mobens.webp\",\"width\":181,\"height\":181,\"caption\":\"Mobens School\"},\"image\":{\"@id\":\"https:\/\/mobensescolar.com\/ca\/#\/schema\/logo\/image\/\"},\"sameAs\":[\"https:\/\/www.instagram.com\/mobens.school\/\"]}]}<\/script>\n<!-- \/ Yoast SEO plugin. -->","yoast_head_json":{"title":"Pissarra Port\u00e0til Mini Lily - Mobens","description":"La pissarra port\u00e0til Mini Lily \u00e9s l\u2019eina ideal per fomentar el treball col\u00b7laboratiu i les presentacions a l\u2019aula. Dissenyada per ser lleugera i resistent, aquesta pissarra port\u00e0til permet crear ambients din\u00e0mics d\u2019aprenentatge, facilitant la interacci\u00f3 entre alumnat i professorat.","robots":{"index":"index","follow":"follow","max-snippet":"max-snippet:-1","max-image-preview":"max-image-preview:large","max-video-preview":"max-video-preview:-1"},"canonical":"https:\/\/mobensescolar.com\/ca\/producto\/pissarra-portatil-mini-lily\/","og_locale":"ca_ES","og_type":"article","og_title":"Pissarra Port\u00e0til Mini Lily - Mobens","og_description":"La pissarra port\u00e0til Mini Lily \u00e9s l\u2019eina ideal per fomentar el treball col\u00b7laboratiu i les presentacions a l\u2019aula. Dissenyada per ser lleugera i resistent, aquesta pissarra port\u00e0til permet crear ambients din\u00e0mics d\u2019aprenentatge, facilitant la interacci\u00f3 entre alumnat i professorat.","og_url":"https:\/\/mobensescolar.com\/ca\/producto\/pissarra-portatil-mini-lily\/","og_site_name":"Mobens","article_modified_time":"2025-05-30T10:57:36+00:00","og_image":[{"width":816,"height":816,"url":"https:\/\/mobensescolar.com\/wp-content\/uploads\/2024\/11\/4002-mini-lily.jpg","type":"image\/jpeg"}],"twitter_card":"summary_large_image","twitter_misc":{"Temps estimat de lectura":"2 minuts"},"schema":{"@context":"https:\/\/schema.org","@graph":[{"@type":"WebPage","@id":"https:\/\/mobensescolar.com\/ca\/producto\/pissarra-portatil-mini-lily\/","url":"https:\/\/mobensescolar.com\/ca\/producto\/pissarra-portatil-mini-lily\/","name":"Pissarra Port\u00e0til Mini Lily - Mobens","isPartOf":{"@id":"https:\/\/mobensescolar.com\/ca\/#website"},"primaryImageOfPage":{"@id":"https:\/\/mobensescolar.com\/ca\/producto\/pissarra-portatil-mini-lily\/#primaryimage"},"image":{"@id":"https:\/\/mobensescolar.com\/ca\/producto\/pissarra-portatil-mini-lily\/#primaryimage"},"thumbnailUrl":"https:\/\/mobensescolar.com\/wp-content\/uploads\/2024\/11\/4002-mini-lily.jpg","datePublished":"2024-11-10T13:00:04+00:00","dateModified":"2025-05-30T10:57:36+00:00","description":"La pissarra port\u00e0til Mini Lily \u00e9s l\u2019eina ideal per fomentar el treball col\u00b7laboratiu i les presentacions a l\u2019aula. Dissenyada per ser lleugera i resistent, aquesta pissarra port\u00e0til permet crear ambients din\u00e0mics d\u2019aprenentatge, facilitant la interacci\u00f3 entre alumnat i professorat.","breadcrumb":{"@id":"https:\/\/mobensescolar.com\/ca\/producto\/pissarra-portatil-mini-lily\/#breadcrumb"},"inLanguage":"ca","potentialAction":[{"@type":"ReadAction","target":["https:\/\/mobensescolar.com\/ca\/producto\/pissarra-portatil-mini-lily\/"]}]},{"@type":"ImageObject","inLanguage":"ca","@id":"https:\/\/mobensescolar.com\/ca\/producto\/pissarra-portatil-mini-lily\/#primaryimage","url":"https:\/\/mobensescolar.com\/wp-content\/uploads\/2024\/11\/4002-mini-lily.jpg","contentUrl":"https:\/\/mobensescolar.com\/wp-content\/uploads\/2024\/11\/4002-mini-lily.jpg","width":816,"height":816},{"@type":"BreadcrumbList","@id":"https:\/\/mobensescolar.com\/ca\/producto\/pissarra-portatil-mini-lily\/#breadcrumb","itemListElement":[{"@type":"ListItem","position":1,"name":"Inici","item":"https:\/\/mobensescolar.com\/ca\/homepage\/"},{"@type":"ListItem","position":2,"name":"Botiga","item":"https:\/\/mobensescolar.com\/ca\/botiga\/"},{"@type":"ListItem","position":3,"name":"Pissarra Port\u00e0til Mini Lily"}]},{"@type":"WebSite","@id":"https:\/\/mobensescolar.com\/ca\/#website","url":"https:\/\/mobensescolar.com\/ca\/","name":"Mobens School","description":"","publisher":{"@id":"https:\/\/mobensescolar.com\/ca\/#organization"},"potentialAction":[{"@type":"SearchAction","target":{"@type":"EntryPoint","urlTemplate":"https:\/\/mobensescolar.com\/ca\/?s={search_term_string}"},"query-input":{"@type":"PropertyValueSpecification","valueRequired":true,"valueName":"search_term_string"}}],"inLanguage":"ca"},{"@type":"Organization","@id":"https:\/\/mobensescolar.com\/ca\/#organization","name":"Mobens School","url":"https:\/\/mobensescolar.com\/ca\/","logo":{"@type":"ImageObject","inLanguage":"ca","@id":"https:\/\/mobensescolar.com\/ca\/#\/schema\/logo\/image\/","url":"https:\/\/mobensescolar.com\/wp-content\/uploads\/2024\/10\/logo-mobens.webp","contentUrl":"https:\/\/mobensescolar.com\/wp-content\/uploads\/2024\/10\/logo-mobens.webp","width":181,"height":181,"caption":"Mobens School"},"image":{"@id":"https:\/\/mobensescolar.com\/ca\/#\/schema\/logo\/image\/"},"sameAs":["https:\/\/www.instagram.com\/mobens.school\/"]}]}},"_links":{"self":[{"href":"https:\/\/mobensescolar.com\/ca\/wp-json\/wp\/v2\/product\/2222","targetHints":{"allow":["GET"]}}],"collection":[{"href":"https:\/\/mobensescolar.com\/ca\/wp-json\/wp\/v2\/product"}],"about":[{"href":"https:\/\/mobensescolar.com\/ca\/wp-json\/wp\/v2\/types\/product"}],"replies":[{"embeddable":true,"href":"https:\/\/mobensescolar.com\/ca\/wp-json\/wp\/v2\/comments?post=2222"}],"version-history":[{"count":1,"href":"https:\/\/mobensescolar.com\/ca\/wp-json\/wp\/v2\/product\/2222\/revisions"}],"predecessor-version":[{"id":4206,"href":"https:\/\/mobensescolar.com\/ca\/wp-json\/wp\/v2\/product\/2222\/revisions\/4206"}],"wp:featuredmedia":[{"embeddable":true,"href":"https:\/\/mobensescolar.com\/ca\/wp-json\/wp\/v2\/media\/2200"}],"wp:attachment":[{"href":"https:\/\/mobensescolar.com\/ca\/wp-json\/wp\/v2\/media?parent=2222"}],"wp:term":[{"taxonomy":"product_brand","embeddable":true,"href":"https:\/\/mobensescolar.com\/ca\/wp-json\/wp\/v2\/product_brand?post=2222"},{"taxonomy":"product_cat","embeddable":true,"href":"https:\/\/mobensescolar.com\/ca\/wp-json\/wp\/v2\/product_cat?post=2222"},{"taxonomy":"product_tag","embeddable":true,"href":"https:\/\/mobensescolar.com\/ca\/wp-json\/wp\/v2\/product_tag?post=2222"}],"curies":[{"name":"wp","href":"https:\/\/api.w.org\/{rel}","templated":true}]}}