{"id":2235,"date":"2024-11-10T14:00:07","date_gmt":"2024-11-10T13:00:07","guid":{"rendered":"http:\/\/mobensescolar.com\/?post_type=product&#038;p=2235"},"modified":"2025-05-30T13:10:31","modified_gmt":"2025-05-30T11:10:31","slug":"tamboret-escolar-jon","status":"publish","type":"product","link":"https:\/\/mobensescolar.com\/ca\/producto\/tamboret-escolar-jon\/","title":{"rendered":"Tamboret Escolar Jon"},"content":{"rendered":"<p data-start=\"113\" data-end=\"390\">El <strong>tamboret escolar Jon<\/strong> \u00e9s una innovadora soluci\u00f3 de <strong>mobiliari escolar<\/strong> dissenyada per fomentar la concentraci\u00f3 i millorar la postura de l\u2019alumnat. La seva base lleugerament arrodonida permet un moviment continu, afavorint aix\u00ed l\u2019atenci\u00f3 i l\u2019ergonomia a l\u2019aula.<\/p>\n<p data-start=\"392\" data-end=\"866\" data-is-last-node=\"\" data-is-only-node=\"\"><strong data-start=\"392\" data-end=\"412\">Caracter\u00edstiques<\/strong><br data-start=\"412\" data-end=\"415\" \/>\u2022 <strong data-start=\"417\" data-end=\"437\">Base arrodonida:<\/strong> Facilita un moviment suau i constant, promovent una millor postura i concentraci\u00f3.<br data-start=\"520\" data-end=\"523\" \/>\u2022 <strong data-start=\"525\" data-end=\"547\">Disseny ergon\u00f2mic:<\/strong> Adaptat per a l\u2019\u00fas en entorns educatius, proporcionant comoditat durant llargues jornades escolars.<br data-start=\"647\" data-end=\"650\" \/>\u2022 <strong data-start=\"652\" data-end=\"677\">Materials resistents:<\/strong> Constru\u00eft amb materials duradors que garanteixen una llarga vida \u00fatil.<br data-start=\"748\" data-end=\"751\" \/>\u2022 <strong data-start=\"753\" data-end=\"770\">Versatilitat:<\/strong> Adequat per a diverses activitats a l\u2019aula, des de sessions de lectura fins a treballs en grup.<\/p>\n","protected":false},"excerpt":{"rendered":"<p>El tamboret escolar Jon \u00e9s una innovadora soluci\u00f3 de mobiliari escolar dissenyada per fomentar la concentraci\u00f3 i millorar la postura de l\u2019alumnat. La seva base lleugerament arrodonida permet un moviment continu, afavorint aix\u00ed l\u2019atenci\u00f3 i l\u2019ergonomia a l\u2019aula. Caracter\u00edstiques\u2022 Base arrodonida: Facilita un moviment suau i constant, promovent una millor postura i concentraci\u00f3.\u2022 Disseny ergon\u00f2mic: &#8230; <a title=\"Tamboret Escolar Jon\" class=\"read-more\" href=\"https:\/\/mobensescolar.com\/ca\/producto\/tamboret-escolar-jon\/\" aria-label=\"M\u00e9s informaci\u00f3 sobre Tamboret Escolar Jon\">Llegiu m\u00e9s<\/a><\/p>\n","protected":false},"featured_media":2154,"comment_status":"closed","ping_status":"closed","template":"","meta":{"_acf_changed":false},"product_brand":[],"product_cat":[30],"product_tag":[],"class_list":{"0":"post-2235","1":"product","2":"type-product","3":"status-publish","4":"has-post-thumbnail","6":"product_cat-complements","8":"first","9":"instock","10":"taxable","11":"shipping-taxable","12":"purchasable","13":"product-type-simple"},"supplier_id":null,"supplier_sku":"","barcode":null,"atum_controlled":true,"out_stock_date":null,"out_stock_threshold":null,"inheritable":false,"inbound_stock":0,"stock_on_hold":0,"sold_today":0,"sales_last_days":0,"reserved_stock":0,"customer_returns":0,"warehouse_damage":0,"lost_in_post":0,"other_logs":0,"out_stock_days":0,"lost_sales":0,"has_location":false,"update_date":"2026-04-29T00:11:30","atum_locations":[],"atum_stock_status":"instock","restock_status":false,"low_stock_amount":"","sales_update_date":"2026-04-29T00:11:30","calc_backorders":null,"acf":[],"yoast_head":"<!-- This site is optimized with the Yoast SEO plugin v24.4 - https:\/\/yoast.com\/wordpress\/plugins\/seo\/ -->\n<title>Tamboret Escolar Jon - Mobens<\/title>\n<meta name=\"description\" content=\"El Taburete Escolar Jon es una innovadora soluci\u00f3n de mobiliario escolar dise\u00f1ada para fomentar la concentraci\u00f3n y mejorar la postura de los estudiantes.\" \/>\n<meta name=\"robots\" content=\"index, follow, max-snippet:-1, max-image-preview:large, max-video-preview:-1\" \/>\n<link rel=\"canonical\" href=\"https:\/\/mobensescolar.com\/ca\/producto\/tamboret-escolar-jon\/\" \/>\n<meta property=\"og:locale\" content=\"ca_ES\" \/>\n<meta property=\"og:type\" content=\"article\" \/>\n<meta property=\"og:title\" content=\"Tamboret Escolar Jon - Mobens\" \/>\n<meta property=\"og:description\" content=\"El Taburete Escolar Jon es una innovadora soluci\u00f3n de mobiliario escolar dise\u00f1ada para fomentar la concentraci\u00f3n y mejorar la postura de los estudiantes.\" \/>\n<meta property=\"og:url\" content=\"https:\/\/mobensescolar.com\/ca\/producto\/tamboret-escolar-jon\/\" \/>\n<meta property=\"og:site_name\" content=\"Mobens\" \/>\n<meta property=\"article:modified_time\" content=\"2025-05-30T11:10:31+00:00\" \/>\n<meta property=\"og:image\" content=\"https:\/\/mobensescolar.com\/wp-content\/uploads\/2024\/11\/1045-jon.jpg\" \/>\n\t<meta property=\"og:image:width\" content=\"1601\" \/>\n\t<meta property=\"og:image:height\" content=\"1000\" \/>\n\t<meta property=\"og:image:type\" content=\"image\/jpeg\" \/>\n<meta name=\"twitter:card\" content=\"summary_large_image\" \/>\n<meta name=\"twitter:label1\" content=\"Temps estimat de lectura\" \/>\n\t<meta name=\"twitter:data1\" content=\"1 minut\" \/>\n<script type=\"application\/ld+json\" class=\"yoast-schema-graph\">{\"@context\":\"https:\/\/schema.org\",\"@graph\":[{\"@type\":\"WebPage\",\"@id\":\"https:\/\/mobensescolar.com\/ca\/producto\/tamboret-escolar-jon\/\",\"url\":\"https:\/\/mobensescolar.com\/ca\/producto\/tamboret-escolar-jon\/\",\"name\":\"Tamboret Escolar Jon - Mobens\",\"isPartOf\":{\"@id\":\"https:\/\/mobensescolar.com\/ca\/#website\"},\"primaryImageOfPage\":{\"@id\":\"https:\/\/mobensescolar.com\/ca\/producto\/tamboret-escolar-jon\/#primaryimage\"},\"image\":{\"@id\":\"https:\/\/mobensescolar.com\/ca\/producto\/tamboret-escolar-jon\/#primaryimage\"},\"thumbnailUrl\":\"https:\/\/mobensescolar.com\/wp-content\/uploads\/2024\/11\/1045-jon.jpg\",\"datePublished\":\"2024-11-10T13:00:07+00:00\",\"dateModified\":\"2025-05-30T11:10:31+00:00\",\"description\":\"El Taburete Escolar Jon es una innovadora soluci\u00f3n de mobiliario escolar dise\u00f1ada para fomentar la concentraci\u00f3n y mejorar la postura de los estudiantes.\",\"breadcrumb\":{\"@id\":\"https:\/\/mobensescolar.com\/ca\/producto\/tamboret-escolar-jon\/#breadcrumb\"},\"inLanguage\":\"ca\",\"potentialAction\":[{\"@type\":\"ReadAction\",\"target\":[\"https:\/\/mobensescolar.com\/ca\/producto\/tamboret-escolar-jon\/\"]}]},{\"@type\":\"ImageObject\",\"inLanguage\":\"ca\",\"@id\":\"https:\/\/mobensescolar.com\/ca\/producto\/tamboret-escolar-jon\/#primaryimage\",\"url\":\"https:\/\/mobensescolar.com\/wp-content\/uploads\/2024\/11\/1045-jon.jpg\",\"contentUrl\":\"https:\/\/mobensescolar.com\/wp-content\/uploads\/2024\/11\/1045-jon.jpg\",\"width\":1601,\"height\":1000},{\"@type\":\"BreadcrumbList\",\"@id\":\"https:\/\/mobensescolar.com\/ca\/producto\/tamboret-escolar-jon\/#breadcrumb\",\"itemListElement\":[{\"@type\":\"ListItem\",\"position\":1,\"name\":\"Inici\",\"item\":\"https:\/\/mobensescolar.com\/ca\/homepage\/\"},{\"@type\":\"ListItem\",\"position\":2,\"name\":\"Botiga\",\"item\":\"https:\/\/mobensescolar.com\/ca\/botiga\/\"},{\"@type\":\"ListItem\",\"position\":3,\"name\":\"Tamboret Escolar Jon\"}]},{\"@type\":\"WebSite\",\"@id\":\"https:\/\/mobensescolar.com\/ca\/#website\",\"url\":\"https:\/\/mobensescolar.com\/ca\/\",\"name\":\"Mobens School\",\"description\":\"\",\"publisher\":{\"@id\":\"https:\/\/mobensescolar.com\/ca\/#organization\"},\"potentialAction\":[{\"@type\":\"SearchAction\",\"target\":{\"@type\":\"EntryPoint\",\"urlTemplate\":\"https:\/\/mobensescolar.com\/ca\/?s={search_term_string}\"},\"query-input\":{\"@type\":\"PropertyValueSpecification\",\"valueRequired\":true,\"valueName\":\"search_term_string\"}}],\"inLanguage\":\"ca\"},{\"@type\":\"Organization\",\"@id\":\"https:\/\/mobensescolar.com\/ca\/#organization\",\"name\":\"Mobens School\",\"url\":\"https:\/\/mobensescolar.com\/ca\/\",\"logo\":{\"@type\":\"ImageObject\",\"inLanguage\":\"ca\",\"@id\":\"https:\/\/mobensescolar.com\/ca\/#\/schema\/logo\/image\/\",\"url\":\"https:\/\/mobensescolar.com\/wp-content\/uploads\/2024\/10\/logo-mobens.webp\",\"contentUrl\":\"https:\/\/mobensescolar.com\/wp-content\/uploads\/2024\/10\/logo-mobens.webp\",\"width\":181,\"height\":181,\"caption\":\"Mobens School\"},\"image\":{\"@id\":\"https:\/\/mobensescolar.com\/ca\/#\/schema\/logo\/image\/\"},\"sameAs\":[\"https:\/\/www.instagram.com\/mobens.school\/\"]}]}<\/script>\n<!-- \/ Yoast SEO plugin. -->","yoast_head_json":{"title":"Tamboret Escolar Jon - Mobens","description":"El Taburete Escolar Jon es una innovadora soluci\u00f3n de mobiliario escolar dise\u00f1ada para fomentar la concentraci\u00f3n y mejorar la postura de los estudiantes.","robots":{"index":"index","follow":"follow","max-snippet":"max-snippet:-1","max-image-preview":"max-image-preview:large","max-video-preview":"max-video-preview:-1"},"canonical":"https:\/\/mobensescolar.com\/ca\/producto\/tamboret-escolar-jon\/","og_locale":"ca_ES","og_type":"article","og_title":"Tamboret Escolar Jon - Mobens","og_description":"El Taburete Escolar Jon es una innovadora soluci\u00f3n de mobiliario escolar dise\u00f1ada para fomentar la concentraci\u00f3n y mejorar la postura de los estudiantes.","og_url":"https:\/\/mobensescolar.com\/ca\/producto\/tamboret-escolar-jon\/","og_site_name":"Mobens","article_modified_time":"2025-05-30T11:10:31+00:00","og_image":[{"width":1601,"height":1000,"url":"https:\/\/mobensescolar.com\/wp-content\/uploads\/2024\/11\/1045-jon.jpg","type":"image\/jpeg"}],"twitter_card":"summary_large_image","twitter_misc":{"Temps estimat de lectura":"1 minut"},"schema":{"@context":"https:\/\/schema.org","@graph":[{"@type":"WebPage","@id":"https:\/\/mobensescolar.com\/ca\/producto\/tamboret-escolar-jon\/","url":"https:\/\/mobensescolar.com\/ca\/producto\/tamboret-escolar-jon\/","name":"Tamboret Escolar Jon - Mobens","isPartOf":{"@id":"https:\/\/mobensescolar.com\/ca\/#website"},"primaryImageOfPage":{"@id":"https:\/\/mobensescolar.com\/ca\/producto\/tamboret-escolar-jon\/#primaryimage"},"image":{"@id":"https:\/\/mobensescolar.com\/ca\/producto\/tamboret-escolar-jon\/#primaryimage"},"thumbnailUrl":"https:\/\/mobensescolar.com\/wp-content\/uploads\/2024\/11\/1045-jon.jpg","datePublished":"2024-11-10T13:00:07+00:00","dateModified":"2025-05-30T11:10:31+00:00","description":"El Taburete Escolar Jon es una innovadora soluci\u00f3n de mobiliario escolar dise\u00f1ada para fomentar la concentraci\u00f3n y mejorar la postura de los estudiantes.","breadcrumb":{"@id":"https:\/\/mobensescolar.com\/ca\/producto\/tamboret-escolar-jon\/#breadcrumb"},"inLanguage":"ca","potentialAction":[{"@type":"ReadAction","target":["https:\/\/mobensescolar.com\/ca\/producto\/tamboret-escolar-jon\/"]}]},{"@type":"ImageObject","inLanguage":"ca","@id":"https:\/\/mobensescolar.com\/ca\/producto\/tamboret-escolar-jon\/#primaryimage","url":"https:\/\/mobensescolar.com\/wp-content\/uploads\/2024\/11\/1045-jon.jpg","contentUrl":"https:\/\/mobensescolar.com\/wp-content\/uploads\/2024\/11\/1045-jon.jpg","width":1601,"height":1000},{"@type":"BreadcrumbList","@id":"https:\/\/mobensescolar.com\/ca\/producto\/tamboret-escolar-jon\/#breadcrumb","itemListElement":[{"@type":"ListItem","position":1,"name":"Inici","item":"https:\/\/mobensescolar.com\/ca\/homepage\/"},{"@type":"ListItem","position":2,"name":"Botiga","item":"https:\/\/mobensescolar.com\/ca\/botiga\/"},{"@type":"ListItem","position":3,"name":"Tamboret Escolar Jon"}]},{"@type":"WebSite","@id":"https:\/\/mobensescolar.com\/ca\/#website","url":"https:\/\/mobensescolar.com\/ca\/","name":"Mobens School","description":"","publisher":{"@id":"https:\/\/mobensescolar.com\/ca\/#organization"},"potentialAction":[{"@type":"SearchAction","target":{"@type":"EntryPoint","urlTemplate":"https:\/\/mobensescolar.com\/ca\/?s={search_term_string}"},"query-input":{"@type":"PropertyValueSpecification","valueRequired":true,"valueName":"search_term_string"}}],"inLanguage":"ca"},{"@type":"Organization","@id":"https:\/\/mobensescolar.com\/ca\/#organization","name":"Mobens School","url":"https:\/\/mobensescolar.com\/ca\/","logo":{"@type":"ImageObject","inLanguage":"ca","@id":"https:\/\/mobensescolar.com\/ca\/#\/schema\/logo\/image\/","url":"https:\/\/mobensescolar.com\/wp-content\/uploads\/2024\/10\/logo-mobens.webp","contentUrl":"https:\/\/mobensescolar.com\/wp-content\/uploads\/2024\/10\/logo-mobens.webp","width":181,"height":181,"caption":"Mobens School"},"image":{"@id":"https:\/\/mobensescolar.com\/ca\/#\/schema\/logo\/image\/"},"sameAs":["https:\/\/www.instagram.com\/mobens.school\/"]}]}},"_links":{"self":[{"href":"https:\/\/mobensescolar.com\/ca\/wp-json\/wp\/v2\/product\/2235","targetHints":{"allow":["GET"]}}],"collection":[{"href":"https:\/\/mobensescolar.com\/ca\/wp-json\/wp\/v2\/product"}],"about":[{"href":"https:\/\/mobensescolar.com\/ca\/wp-json\/wp\/v2\/types\/product"}],"replies":[{"embeddable":true,"href":"https:\/\/mobensescolar.com\/ca\/wp-json\/wp\/v2\/comments?post=2235"}],"version-history":[{"count":1,"href":"https:\/\/mobensescolar.com\/ca\/wp-json\/wp\/v2\/product\/2235\/revisions"}],"predecessor-version":[{"id":4212,"href":"https:\/\/mobensescolar.com\/ca\/wp-json\/wp\/v2\/product\/2235\/revisions\/4212"}],"wp:featuredmedia":[{"embeddable":true,"href":"https:\/\/mobensescolar.com\/ca\/wp-json\/wp\/v2\/media\/2154"}],"wp:attachment":[{"href":"https:\/\/mobensescolar.com\/ca\/wp-json\/wp\/v2\/media?parent=2235"}],"wp:term":[{"taxonomy":"product_brand","embeddable":true,"href":"https:\/\/mobensescolar.com\/ca\/wp-json\/wp\/v2\/product_brand?post=2235"},{"taxonomy":"product_cat","embeddable":true,"href":"https:\/\/mobensescolar.com\/ca\/wp-json\/wp\/v2\/product_cat?post=2235"},{"taxonomy":"product_tag","embeddable":true,"href":"https:\/\/mobensescolar.com\/ca\/wp-json\/wp\/v2\/product_tag?post=2235"}],"curies":[{"name":"wp","href":"https:\/\/api.w.org\/{rel}","templated":true}]}}