{"id":2296,"date":"2024-11-10T14:00:35","date_gmt":"2024-11-10T13:00:35","guid":{"rendered":"http:\/\/mobensescolar.com\/?post_type=product&#038;p=2296"},"modified":"2025-05-30T12:29:00","modified_gmt":"2025-05-30T10:29:00","slug":"ganxo-per-a-pissarra-escolar","status":"publish","type":"product","link":"https:\/\/mobensescolar.com\/ca\/producto\/ganxo-per-a-pissarra-escolar\/","title":{"rendered":"GANXO per a pissarra escolar"},"content":{"rendered":"<article class=\"w-full text-token-text-primary\" dir=\"auto\" data-testid=\"conversation-turn-10\" data-scroll-anchor=\"true\">\n<div class=\"text-base my-auto mx-auto pi-5 px-6\">\n<div class=\"mx-auto flex flex-1 text-base gap-4 md:gap-5 lg:gap-6 md:max-w-3xl lg:max-w-[40rem] xl:max-w-[48rem] group\/turn-messages focus-visible:outline-none\">\n<div class=\"group\/conversation-turn relative flex w-full min-w-0 flex-col agent-turn @xs\/thread:px-0 @sm\/thread:px-1.5 @md\/thread:px-4\">\n<div class=\"relative flex-col gap-1 md:gap-3\">\n<div class=\"flex max-w-full flex-col flex-grow\">\n<div class=\"min-h-8 text-message relative flex w-full flex-col items-end gap-2 whitespace-normal break-words text-start [.text-message+&amp;]:mt-5\" dir=\"auto\" data-message-author-role=\"assistant\" data-message-id=\"415bc41a-821e-4319-918b-7b6d0f408c20\" data-message-model-slug=\"gpt-4o\">\n<div class=\"flex w-full flex-col gap-1 empty:hidden first:pt-[3px]\">\n<div class=\"markdown prose w-full break-words dark:prose-invert light\">\n<p data-start=\"128\" data-end=\"526\">El penjador per a mini pissarra Lily \u00e9s la soluci\u00f3 perfecta per mantenir les aules organitzades i assegurar que les pissarres port\u00e0tils estiguin sempre a l\u2019abast i en bon estat. Dissenyat espec\u00edficament per complementar el mobiliari escolar, aquest penjador facilita l\u2019emmagatzematge i l\u2019acc\u00e9s a les mini pissarres, optimitzant l\u2019espai i promovent un entorn d\u2019aprenentatge ordenat.<\/p>\n<p data-start=\"528\" data-end=\"897\"><strong data-start=\"528\" data-end=\"548\">Caracter\u00edstiques<\/strong><br data-start=\"548\" data-end=\"551\" \/>\u2022 Disseny funcional: Permet penjar les mini pissarres de manera segura i accessible.<br data-start=\"635\" data-end=\"638\" \/>\u2022 Material resistent: Fabricat amb materials duradors que garanteixen una llarga vida \u00fatil.<br data-start=\"729\" data-end=\"732\" \/>\u2022 F\u00e0cil instal\u00b7laci\u00f3: S\u2019adapta f\u00e0cilment a diferents superf\u00edcies de l\u2019aula.<br data-start=\"807\" data-end=\"810\" \/>\u2022 Optimitzaci\u00f3 de l\u2019espai: Contribueix a mantenir l\u2019aula ordenada i lliure de desordre.<\/p>\n<p data-start=\"899\" data-end=\"929\"><strong data-start=\"899\" data-end=\"919\">Color disponible<\/strong><br data-start=\"919\" data-end=\"922\" \/>\u2022 Blanc<\/p>\n<\/div>\n<\/div>\n<\/div>\n<\/div>\n<\/div>\n<div class=\"absolute\">\n<div class=\"flex items-center justify-center\"><\/div>\n<\/div>\n<\/div>\n<\/div>\n<\/div>\n<\/article>\n<div class=\"pointer-events-none h-px w-px\" aria-hidden=\"true\" data-edge=\"true\"><\/div>\n","protected":false},"excerpt":{"rendered":"<p>El penjador per a mini pissarra Lily \u00e9s la soluci\u00f3 perfecta per mantenir les aules organitzades i assegurar que les pissarres port\u00e0tils estiguin sempre a l\u2019abast i en bon estat. Dissenyat espec\u00edficament per complementar el mobiliari escolar, aquest penjador facilita l\u2019emmagatzematge i l\u2019acc\u00e9s a les mini pissarres, optimitzant l\u2019espai i promovent un entorn d\u2019aprenentatge ordenat. &#8230; <a title=\"GANXO per a pissarra escolar\" class=\"read-more\" href=\"https:\/\/mobensescolar.com\/ca\/producto\/ganxo-per-a-pissarra-escolar\/\" aria-label=\"M\u00e9s informaci\u00f3 sobre GANXO per a pissarra escolar\">Llegiu m\u00e9s<\/a><\/p>\n","protected":false},"featured_media":2204,"comment_status":"closed","ping_status":"closed","template":"","meta":{"_acf_changed":false},"product_brand":[],"product_cat":[30],"product_tag":[],"class_list":{"0":"post-2296","1":"product","2":"type-product","3":"status-publish","4":"has-post-thumbnail","6":"product_cat-complements","8":"first","9":"instock","10":"taxable","11":"shipping-taxable","12":"purchasable","13":"product-type-simple"},"supplier_id":null,"supplier_sku":"","barcode":null,"atum_controlled":true,"out_stock_date":null,"out_stock_threshold":null,"inheritable":false,"inbound_stock":0,"stock_on_hold":0,"sold_today":0,"sales_last_days":0,"reserved_stock":0,"customer_returns":0,"warehouse_damage":0,"lost_in_post":0,"other_logs":0,"out_stock_days":0,"lost_sales":0,"has_location":false,"update_date":"2026-04-29T00:11:28","atum_locations":[],"atum_stock_status":"instock","restock_status":false,"low_stock_amount":"","sales_update_date":"2026-04-29T00:11:28","calc_backorders":null,"acf":[],"yoast_head":"<!-- This site is optimized with the Yoast SEO plugin v24.4 - https:\/\/yoast.com\/wordpress\/plugins\/seo\/ -->\n<title>GANXO per a pissarra escolar - Mobens<\/title>\n<meta name=\"description\" content=\"El Colgador para Mini Pizarra Lily es la soluci\u00f3n perfecta para mantener organizadas las aulas y asegurar que las pizarras port\u00e1tiles est\u00e9n siempre al alcance y en buen estado.\" \/>\n<meta name=\"robots\" content=\"index, follow, max-snippet:-1, max-image-preview:large, max-video-preview:-1\" \/>\n<link rel=\"canonical\" href=\"https:\/\/mobensescolar.com\/ca\/producto\/ganxo-per-a-pissarra-escolar\/\" \/>\n<meta property=\"og:locale\" content=\"ca_ES\" \/>\n<meta property=\"og:type\" content=\"article\" \/>\n<meta property=\"og:title\" content=\"GANXO per a pissarra escolar - Mobens\" \/>\n<meta property=\"og:description\" content=\"El Colgador para Mini Pizarra Lily es la soluci\u00f3n perfecta para mantener organizadas las aulas y asegurar que las pizarras port\u00e1tiles est\u00e9n siempre al alcance y en buen estado.\" \/>\n<meta property=\"og:url\" content=\"https:\/\/mobensescolar.com\/ca\/producto\/ganxo-per-a-pissarra-escolar\/\" \/>\n<meta property=\"og:site_name\" content=\"Mobens\" \/>\n<meta property=\"article:modified_time\" content=\"2025-05-30T10:29:00+00:00\" \/>\n<meta property=\"og:image\" content=\"https:\/\/mobensescolar.com\/wp-content\/uploads\/2024\/11\/7029-gancho.png\" \/>\n\t<meta property=\"og:image:width\" content=\"1000\" \/>\n\t<meta property=\"og:image:height\" content=\"1000\" \/>\n\t<meta property=\"og:image:type\" content=\"image\/png\" \/>\n<meta name=\"twitter:card\" content=\"summary_large_image\" \/>\n<meta name=\"twitter:label1\" content=\"Temps estimat de lectura\" \/>\n\t<meta name=\"twitter:data1\" content=\"1 minut\" \/>\n<script type=\"application\/ld+json\" class=\"yoast-schema-graph\">{\"@context\":\"https:\/\/schema.org\",\"@graph\":[{\"@type\":\"WebPage\",\"@id\":\"https:\/\/mobensescolar.com\/ca\/producto\/ganxo-per-a-pissarra-escolar\/\",\"url\":\"https:\/\/mobensescolar.com\/ca\/producto\/ganxo-per-a-pissarra-escolar\/\",\"name\":\"GANXO per a pissarra escolar - Mobens\",\"isPartOf\":{\"@id\":\"https:\/\/mobensescolar.com\/ca\/#website\"},\"primaryImageOfPage\":{\"@id\":\"https:\/\/mobensescolar.com\/ca\/producto\/ganxo-per-a-pissarra-escolar\/#primaryimage\"},\"image\":{\"@id\":\"https:\/\/mobensescolar.com\/ca\/producto\/ganxo-per-a-pissarra-escolar\/#primaryimage\"},\"thumbnailUrl\":\"https:\/\/mobensescolar.com\/wp-content\/uploads\/2024\/11\/7029-gancho.png\",\"datePublished\":\"2024-11-10T13:00:35+00:00\",\"dateModified\":\"2025-05-30T10:29:00+00:00\",\"description\":\"El Colgador para Mini Pizarra Lily es la soluci\u00f3n perfecta para mantener organizadas las aulas y asegurar que las pizarras port\u00e1tiles est\u00e9n siempre al alcance y en buen estado.\",\"breadcrumb\":{\"@id\":\"https:\/\/mobensescolar.com\/ca\/producto\/ganxo-per-a-pissarra-escolar\/#breadcrumb\"},\"inLanguage\":\"ca\",\"potentialAction\":[{\"@type\":\"ReadAction\",\"target\":[\"https:\/\/mobensescolar.com\/ca\/producto\/ganxo-per-a-pissarra-escolar\/\"]}]},{\"@type\":\"ImageObject\",\"inLanguage\":\"ca\",\"@id\":\"https:\/\/mobensescolar.com\/ca\/producto\/ganxo-per-a-pissarra-escolar\/#primaryimage\",\"url\":\"https:\/\/mobensescolar.com\/wp-content\/uploads\/2024\/11\/7029-gancho.png\",\"contentUrl\":\"https:\/\/mobensescolar.com\/wp-content\/uploads\/2024\/11\/7029-gancho.png\",\"width\":1000,\"height\":1000},{\"@type\":\"BreadcrumbList\",\"@id\":\"https:\/\/mobensescolar.com\/ca\/producto\/ganxo-per-a-pissarra-escolar\/#breadcrumb\",\"itemListElement\":[{\"@type\":\"ListItem\",\"position\":1,\"name\":\"Inici\",\"item\":\"https:\/\/mobensescolar.com\/ca\/homepage\/\"},{\"@type\":\"ListItem\",\"position\":2,\"name\":\"Botiga\",\"item\":\"https:\/\/mobensescolar.com\/ca\/botiga\/\"},{\"@type\":\"ListItem\",\"position\":3,\"name\":\"GANXO per a pissarra escolar\"}]},{\"@type\":\"WebSite\",\"@id\":\"https:\/\/mobensescolar.com\/ca\/#website\",\"url\":\"https:\/\/mobensescolar.com\/ca\/\",\"name\":\"Mobens School\",\"description\":\"\",\"publisher\":{\"@id\":\"https:\/\/mobensescolar.com\/ca\/#organization\"},\"potentialAction\":[{\"@type\":\"SearchAction\",\"target\":{\"@type\":\"EntryPoint\",\"urlTemplate\":\"https:\/\/mobensescolar.com\/ca\/?s={search_term_string}\"},\"query-input\":{\"@type\":\"PropertyValueSpecification\",\"valueRequired\":true,\"valueName\":\"search_term_string\"}}],\"inLanguage\":\"ca\"},{\"@type\":\"Organization\",\"@id\":\"https:\/\/mobensescolar.com\/ca\/#organization\",\"name\":\"Mobens School\",\"url\":\"https:\/\/mobensescolar.com\/ca\/\",\"logo\":{\"@type\":\"ImageObject\",\"inLanguage\":\"ca\",\"@id\":\"https:\/\/mobensescolar.com\/ca\/#\/schema\/logo\/image\/\",\"url\":\"https:\/\/mobensescolar.com\/wp-content\/uploads\/2024\/10\/logo-mobens.webp\",\"contentUrl\":\"https:\/\/mobensescolar.com\/wp-content\/uploads\/2024\/10\/logo-mobens.webp\",\"width\":181,\"height\":181,\"caption\":\"Mobens School\"},\"image\":{\"@id\":\"https:\/\/mobensescolar.com\/ca\/#\/schema\/logo\/image\/\"},\"sameAs\":[\"https:\/\/www.instagram.com\/mobens.school\/\"]}]}<\/script>\n<!-- \/ Yoast SEO plugin. -->","yoast_head_json":{"title":"GANXO per a pissarra escolar - Mobens","description":"El Colgador para Mini Pizarra Lily es la soluci\u00f3n perfecta para mantener organizadas las aulas y asegurar que las pizarras port\u00e1tiles est\u00e9n siempre al alcance y en buen estado.","robots":{"index":"index","follow":"follow","max-snippet":"max-snippet:-1","max-image-preview":"max-image-preview:large","max-video-preview":"max-video-preview:-1"},"canonical":"https:\/\/mobensescolar.com\/ca\/producto\/ganxo-per-a-pissarra-escolar\/","og_locale":"ca_ES","og_type":"article","og_title":"GANXO per a pissarra escolar - Mobens","og_description":"El Colgador para Mini Pizarra Lily es la soluci\u00f3n perfecta para mantener organizadas las aulas y asegurar que las pizarras port\u00e1tiles est\u00e9n siempre al alcance y en buen estado.","og_url":"https:\/\/mobensescolar.com\/ca\/producto\/ganxo-per-a-pissarra-escolar\/","og_site_name":"Mobens","article_modified_time":"2025-05-30T10:29:00+00:00","og_image":[{"width":1000,"height":1000,"url":"https:\/\/mobensescolar.com\/wp-content\/uploads\/2024\/11\/7029-gancho.png","type":"image\/png"}],"twitter_card":"summary_large_image","twitter_misc":{"Temps estimat de lectura":"1 minut"},"schema":{"@context":"https:\/\/schema.org","@graph":[{"@type":"WebPage","@id":"https:\/\/mobensescolar.com\/ca\/producto\/ganxo-per-a-pissarra-escolar\/","url":"https:\/\/mobensescolar.com\/ca\/producto\/ganxo-per-a-pissarra-escolar\/","name":"GANXO per a pissarra escolar - Mobens","isPartOf":{"@id":"https:\/\/mobensescolar.com\/ca\/#website"},"primaryImageOfPage":{"@id":"https:\/\/mobensescolar.com\/ca\/producto\/ganxo-per-a-pissarra-escolar\/#primaryimage"},"image":{"@id":"https:\/\/mobensescolar.com\/ca\/producto\/ganxo-per-a-pissarra-escolar\/#primaryimage"},"thumbnailUrl":"https:\/\/mobensescolar.com\/wp-content\/uploads\/2024\/11\/7029-gancho.png","datePublished":"2024-11-10T13:00:35+00:00","dateModified":"2025-05-30T10:29:00+00:00","description":"El Colgador para Mini Pizarra Lily es la soluci\u00f3n perfecta para mantener organizadas las aulas y asegurar que las pizarras port\u00e1tiles est\u00e9n siempre al alcance y en buen estado.","breadcrumb":{"@id":"https:\/\/mobensescolar.com\/ca\/producto\/ganxo-per-a-pissarra-escolar\/#breadcrumb"},"inLanguage":"ca","potentialAction":[{"@type":"ReadAction","target":["https:\/\/mobensescolar.com\/ca\/producto\/ganxo-per-a-pissarra-escolar\/"]}]},{"@type":"ImageObject","inLanguage":"ca","@id":"https:\/\/mobensescolar.com\/ca\/producto\/ganxo-per-a-pissarra-escolar\/#primaryimage","url":"https:\/\/mobensescolar.com\/wp-content\/uploads\/2024\/11\/7029-gancho.png","contentUrl":"https:\/\/mobensescolar.com\/wp-content\/uploads\/2024\/11\/7029-gancho.png","width":1000,"height":1000},{"@type":"BreadcrumbList","@id":"https:\/\/mobensescolar.com\/ca\/producto\/ganxo-per-a-pissarra-escolar\/#breadcrumb","itemListElement":[{"@type":"ListItem","position":1,"name":"Inici","item":"https:\/\/mobensescolar.com\/ca\/homepage\/"},{"@type":"ListItem","position":2,"name":"Botiga","item":"https:\/\/mobensescolar.com\/ca\/botiga\/"},{"@type":"ListItem","position":3,"name":"GANXO per a pissarra escolar"}]},{"@type":"WebSite","@id":"https:\/\/mobensescolar.com\/ca\/#website","url":"https:\/\/mobensescolar.com\/ca\/","name":"Mobens School","description":"","publisher":{"@id":"https:\/\/mobensescolar.com\/ca\/#organization"},"potentialAction":[{"@type":"SearchAction","target":{"@type":"EntryPoint","urlTemplate":"https:\/\/mobensescolar.com\/ca\/?s={search_term_string}"},"query-input":{"@type":"PropertyValueSpecification","valueRequired":true,"valueName":"search_term_string"}}],"inLanguage":"ca"},{"@type":"Organization","@id":"https:\/\/mobensescolar.com\/ca\/#organization","name":"Mobens School","url":"https:\/\/mobensescolar.com\/ca\/","logo":{"@type":"ImageObject","inLanguage":"ca","@id":"https:\/\/mobensescolar.com\/ca\/#\/schema\/logo\/image\/","url":"https:\/\/mobensescolar.com\/wp-content\/uploads\/2024\/10\/logo-mobens.webp","contentUrl":"https:\/\/mobensescolar.com\/wp-content\/uploads\/2024\/10\/logo-mobens.webp","width":181,"height":181,"caption":"Mobens School"},"image":{"@id":"https:\/\/mobensescolar.com\/ca\/#\/schema\/logo\/image\/"},"sameAs":["https:\/\/www.instagram.com\/mobens.school\/"]}]}},"_links":{"self":[{"href":"https:\/\/mobensescolar.com\/ca\/wp-json\/wp\/v2\/product\/2296","targetHints":{"allow":["GET"]}}],"collection":[{"href":"https:\/\/mobensescolar.com\/ca\/wp-json\/wp\/v2\/product"}],"about":[{"href":"https:\/\/mobensescolar.com\/ca\/wp-json\/wp\/v2\/types\/product"}],"replies":[{"embeddable":true,"href":"https:\/\/mobensescolar.com\/ca\/wp-json\/wp\/v2\/comments?post=2296"}],"version-history":[{"count":3,"href":"https:\/\/mobensescolar.com\/ca\/wp-json\/wp\/v2\/product\/2296\/revisions"}],"predecessor-version":[{"id":4198,"href":"https:\/\/mobensescolar.com\/ca\/wp-json\/wp\/v2\/product\/2296\/revisions\/4198"}],"wp:featuredmedia":[{"embeddable":true,"href":"https:\/\/mobensescolar.com\/ca\/wp-json\/wp\/v2\/media\/2204"}],"wp:attachment":[{"href":"https:\/\/mobensescolar.com\/ca\/wp-json\/wp\/v2\/media?parent=2296"}],"wp:term":[{"taxonomy":"product_brand","embeddable":true,"href":"https:\/\/mobensescolar.com\/ca\/wp-json\/wp\/v2\/product_brand?post=2296"},{"taxonomy":"product_cat","embeddable":true,"href":"https:\/\/mobensescolar.com\/ca\/wp-json\/wp\/v2\/product_cat?post=2296"},{"taxonomy":"product_tag","embeddable":true,"href":"https:\/\/mobensescolar.com\/ca\/wp-json\/wp\/v2\/product_tag?post=2296"}],"curies":[{"name":"wp","href":"https:\/\/api.w.org\/{rel}","templated":true}]}}