{"id":2300,"date":"2024-11-10T14:00:36","date_gmt":"2024-11-10T13:00:36","guid":{"rendered":"http:\/\/mobensescolar.com\/?post_type=product&#038;p=2300"},"modified":"2025-05-30T12:42:36","modified_gmt":"2025-05-30T10:42:36","slug":"penjador-escolar-peggy","status":"publish","type":"product","link":"https:\/\/mobensescolar.com\/ca\/producto\/penjador-escolar-peggy\/","title":{"rendered":"Penjador Escolar PEGGY"},"content":{"rendered":"<p data-start=\"82\" data-end=\"530\">El <strong>penjador escolar PEGGY<\/strong> \u00e9s una soluci\u00f3 pr\u00e0ctica i econ\u00f2mica per mantenir l&#8217;ordre a les aules. Dissenyat especialment per a entorns educatius com llars d\u2019infants, educaci\u00f3 infantil i prim\u00e0ria, aquest penjador de paret per a escola facilita que els infants puguin penjar les seves pertinences de manera segura i organitzada. La seva estructura robusta i disseny funcional el converteixen en una opci\u00f3 ideal com a penjador per a una aula d\u2019infantil.<\/p>\n<p data-start=\"532\" data-end=\"552\"><strong data-start=\"532\" data-end=\"552\">Caracter\u00edstiques<\/strong><\/p>\n<p data-start=\"554\" data-end=\"1025\">\u2022 <strong data-start=\"556\" data-end=\"571\">Dimensions:<\/strong> 75 cm d\u2019amplada x 12 cm d\u2019al\u00e7ada.<br data-start=\"605\" data-end=\"608\" \/>\u2022 <strong data-start=\"610\" data-end=\"623\">Material:<\/strong> Tauler d\u2019aglomerat de 19 mm de gruix, recobert amb melamina a doble cara.<br data-start=\"697\" data-end=\"700\" \/>\u2022 <strong data-start=\"702\" data-end=\"716\">Penjadors:<\/strong> 5 penjadors dobles de pl\u00e0stic resistent, ideals per penjar motxilles, abrics i altres accessoris escolars.<br data-start=\"823\" data-end=\"826\" \/>\u2022 <strong data-start=\"828\" data-end=\"842\">Seguretat:<\/strong> Ferratges amb seguretat activa per evitar manipulacions indegudes per part dels infants.<br data-start=\"931\" data-end=\"934\" \/>\u2022 <strong data-start=\"936\" data-end=\"949\">Muntatge:<\/strong> Inclou tots els ferratges necessaris per a la seva instal\u00b7laci\u00f3 a la paret.<\/p>\n<p data-start=\"1027\" data-end=\"1049\"><strong data-start=\"1027\" data-end=\"1049\">Colors disponibles<\/strong><\/p>\n<p data-start=\"1051\" data-end=\"1160\" data-is-last-node=\"\" data-is-only-node=\"\">\u2022 <strong data-start=\"1053\" data-end=\"1063\">Blanc:<\/strong> Tauler blanc amb penjadors blancs.<br data-start=\"1098\" data-end=\"1101\" \/>\u2022 <strong data-start=\"1103\" data-end=\"1113\">Fusta:<\/strong> Tauler amb acabat en fusta i penjadors blancs.<\/p>\n","protected":false},"excerpt":{"rendered":"<p>El penjador escolar PEGGY \u00e9s una soluci\u00f3 pr\u00e0ctica i econ\u00f2mica per mantenir l&#8217;ordre a les aules. Dissenyat especialment per a entorns educatius com llars d\u2019infants, educaci\u00f3 infantil i prim\u00e0ria, aquest penjador de paret per a escola facilita que els infants puguin penjar les seves pertinences de manera segura i organitzada. La seva estructura robusta i &#8230; <a title=\"Penjador Escolar PEGGY\" class=\"read-more\" href=\"https:\/\/mobensescolar.com\/ca\/producto\/penjador-escolar-peggy\/\" aria-label=\"M\u00e9s informaci\u00f3 sobre Penjador Escolar PEGGY\">Llegiu m\u00e9s<\/a><\/p>\n","protected":false},"featured_media":2128,"comment_status":"closed","ping_status":"closed","template":"","meta":{"_acf_changed":false},"product_brand":[],"product_cat":[30],"product_tag":[],"class_list":{"0":"post-2300","1":"product","2":"type-product","3":"status-publish","4":"has-post-thumbnail","6":"product_cat-complements","8":"first","9":"instock","10":"taxable","11":"shipping-taxable","12":"purchasable","13":"product-type-simple"},"supplier_id":null,"supplier_sku":"","barcode":null,"atum_controlled":true,"out_stock_date":null,"out_stock_threshold":null,"inheritable":false,"inbound_stock":0,"stock_on_hold":0,"sold_today":0,"sales_last_days":0,"reserved_stock":0,"customer_returns":0,"warehouse_damage":0,"lost_in_post":0,"other_logs":0,"out_stock_days":0,"lost_sales":0,"has_location":false,"update_date":"2026-04-29T00:11:30","atum_locations":[],"atum_stock_status":"instock","restock_status":false,"low_stock_amount":"","sales_update_date":"2026-04-29T00:11:30","calc_backorders":null,"acf":[],"yoast_head":"<!-- This site is optimized with the Yoast SEO plugin v24.4 - https:\/\/yoast.com\/wordpress\/plugins\/seo\/ -->\n<title>Penjador Escolar PEGGY - Mobens<\/title>\n<meta name=\"description\" content=\"El penjador escolar PEGGY \u00e9s una soluci\u00f3 pr\u00e0ctica i econ\u00f2mica per mantenir l&#039;ordre a les aules. Dissenyat especialment per a entorns educatius com llars d\u2019infants, educaci\u00f3 infantil i prim\u00e0ria, aquest penjador de paret per a escola facilita que els infants puguin penjar les seves pertinences de manera segura i organitzada.\" \/>\n<meta name=\"robots\" content=\"index, follow, max-snippet:-1, max-image-preview:large, max-video-preview:-1\" \/>\n<link rel=\"canonical\" href=\"https:\/\/mobensescolar.com\/ca\/producto\/penjador-escolar-peggy\/\" \/>\n<meta property=\"og:locale\" content=\"ca_ES\" \/>\n<meta property=\"og:type\" content=\"article\" \/>\n<meta property=\"og:title\" content=\"Penjador Escolar PEGGY - Mobens\" \/>\n<meta property=\"og:description\" content=\"El penjador escolar PEGGY \u00e9s una soluci\u00f3 pr\u00e0ctica i econ\u00f2mica per mantenir l&#039;ordre a les aules. Dissenyat especialment per a entorns educatius com llars d\u2019infants, educaci\u00f3 infantil i prim\u00e0ria, aquest penjador de paret per a escola facilita que els infants puguin penjar les seves pertinences de manera segura i organitzada.\" \/>\n<meta property=\"og:url\" content=\"https:\/\/mobensescolar.com\/ca\/producto\/penjador-escolar-peggy\/\" \/>\n<meta property=\"og:site_name\" content=\"Mobens\" \/>\n<meta property=\"article:modified_time\" content=\"2025-05-30T10:42:36+00:00\" \/>\n<meta property=\"og:image\" content=\"https:\/\/mobensescolar.com\/wp-content\/uploads\/2024\/11\/751-peggy.png\" \/>\n\t<meta property=\"og:image:width\" content=\"1000\" \/>\n\t<meta property=\"og:image:height\" content=\"1000\" \/>\n\t<meta property=\"og:image:type\" content=\"image\/png\" \/>\n<meta name=\"twitter:card\" content=\"summary_large_image\" \/>\n<meta name=\"twitter:label1\" content=\"Temps estimat de lectura\" \/>\n\t<meta name=\"twitter:data1\" content=\"2 minuts\" \/>\n<script type=\"application\/ld+json\" class=\"yoast-schema-graph\">{\"@context\":\"https:\/\/schema.org\",\"@graph\":[{\"@type\":\"WebPage\",\"@id\":\"https:\/\/mobensescolar.com\/ca\/producto\/penjador-escolar-peggy\/\",\"url\":\"https:\/\/mobensescolar.com\/ca\/producto\/penjador-escolar-peggy\/\",\"name\":\"Penjador Escolar PEGGY - Mobens\",\"isPartOf\":{\"@id\":\"https:\/\/mobensescolar.com\/ca\/#website\"},\"primaryImageOfPage\":{\"@id\":\"https:\/\/mobensescolar.com\/ca\/producto\/penjador-escolar-peggy\/#primaryimage\"},\"image\":{\"@id\":\"https:\/\/mobensescolar.com\/ca\/producto\/penjador-escolar-peggy\/#primaryimage\"},\"thumbnailUrl\":\"https:\/\/mobensescolar.com\/wp-content\/uploads\/2024\/11\/751-peggy.png\",\"datePublished\":\"2024-11-10T13:00:36+00:00\",\"dateModified\":\"2025-05-30T10:42:36+00:00\",\"description\":\"El penjador escolar PEGGY \u00e9s una soluci\u00f3 pr\u00e0ctica i econ\u00f2mica per mantenir l'ordre a les aules. Dissenyat especialment per a entorns educatius com llars d\u2019infants, educaci\u00f3 infantil i prim\u00e0ria, aquest penjador de paret per a escola facilita que els infants puguin penjar les seves pertinences de manera segura i organitzada.\",\"breadcrumb\":{\"@id\":\"https:\/\/mobensescolar.com\/ca\/producto\/penjador-escolar-peggy\/#breadcrumb\"},\"inLanguage\":\"ca\",\"potentialAction\":[{\"@type\":\"ReadAction\",\"target\":[\"https:\/\/mobensescolar.com\/ca\/producto\/penjador-escolar-peggy\/\"]}]},{\"@type\":\"ImageObject\",\"inLanguage\":\"ca\",\"@id\":\"https:\/\/mobensescolar.com\/ca\/producto\/penjador-escolar-peggy\/#primaryimage\",\"url\":\"https:\/\/mobensescolar.com\/wp-content\/uploads\/2024\/11\/751-peggy.png\",\"contentUrl\":\"https:\/\/mobensescolar.com\/wp-content\/uploads\/2024\/11\/751-peggy.png\",\"width\":1000,\"height\":1000},{\"@type\":\"BreadcrumbList\",\"@id\":\"https:\/\/mobensescolar.com\/ca\/producto\/penjador-escolar-peggy\/#breadcrumb\",\"itemListElement\":[{\"@type\":\"ListItem\",\"position\":1,\"name\":\"Inici\",\"item\":\"https:\/\/mobensescolar.com\/ca\/homepage\/\"},{\"@type\":\"ListItem\",\"position\":2,\"name\":\"Botiga\",\"item\":\"https:\/\/mobensescolar.com\/ca\/botiga\/\"},{\"@type\":\"ListItem\",\"position\":3,\"name\":\"Penjador Escolar PEGGY\"}]},{\"@type\":\"WebSite\",\"@id\":\"https:\/\/mobensescolar.com\/ca\/#website\",\"url\":\"https:\/\/mobensescolar.com\/ca\/\",\"name\":\"Mobens School\",\"description\":\"\",\"publisher\":{\"@id\":\"https:\/\/mobensescolar.com\/ca\/#organization\"},\"potentialAction\":[{\"@type\":\"SearchAction\",\"target\":{\"@type\":\"EntryPoint\",\"urlTemplate\":\"https:\/\/mobensescolar.com\/ca\/?s={search_term_string}\"},\"query-input\":{\"@type\":\"PropertyValueSpecification\",\"valueRequired\":true,\"valueName\":\"search_term_string\"}}],\"inLanguage\":\"ca\"},{\"@type\":\"Organization\",\"@id\":\"https:\/\/mobensescolar.com\/ca\/#organization\",\"name\":\"Mobens School\",\"url\":\"https:\/\/mobensescolar.com\/ca\/\",\"logo\":{\"@type\":\"ImageObject\",\"inLanguage\":\"ca\",\"@id\":\"https:\/\/mobensescolar.com\/ca\/#\/schema\/logo\/image\/\",\"url\":\"https:\/\/mobensescolar.com\/wp-content\/uploads\/2024\/10\/logo-mobens.webp\",\"contentUrl\":\"https:\/\/mobensescolar.com\/wp-content\/uploads\/2024\/10\/logo-mobens.webp\",\"width\":181,\"height\":181,\"caption\":\"Mobens School\"},\"image\":{\"@id\":\"https:\/\/mobensescolar.com\/ca\/#\/schema\/logo\/image\/\"},\"sameAs\":[\"https:\/\/www.instagram.com\/mobens.school\/\"]}]}<\/script>\n<!-- \/ Yoast SEO plugin. -->","yoast_head_json":{"title":"Penjador Escolar PEGGY - Mobens","description":"El penjador escolar PEGGY \u00e9s una soluci\u00f3 pr\u00e0ctica i econ\u00f2mica per mantenir l'ordre a les aules. Dissenyat especialment per a entorns educatius com llars d\u2019infants, educaci\u00f3 infantil i prim\u00e0ria, aquest penjador de paret per a escola facilita que els infants puguin penjar les seves pertinences de manera segura i organitzada.","robots":{"index":"index","follow":"follow","max-snippet":"max-snippet:-1","max-image-preview":"max-image-preview:large","max-video-preview":"max-video-preview:-1"},"canonical":"https:\/\/mobensescolar.com\/ca\/producto\/penjador-escolar-peggy\/","og_locale":"ca_ES","og_type":"article","og_title":"Penjador Escolar PEGGY - Mobens","og_description":"El penjador escolar PEGGY \u00e9s una soluci\u00f3 pr\u00e0ctica i econ\u00f2mica per mantenir l'ordre a les aules. Dissenyat especialment per a entorns educatius com llars d\u2019infants, educaci\u00f3 infantil i prim\u00e0ria, aquest penjador de paret per a escola facilita que els infants puguin penjar les seves pertinences de manera segura i organitzada.","og_url":"https:\/\/mobensescolar.com\/ca\/producto\/penjador-escolar-peggy\/","og_site_name":"Mobens","article_modified_time":"2025-05-30T10:42:36+00:00","og_image":[{"width":1000,"height":1000,"url":"https:\/\/mobensescolar.com\/wp-content\/uploads\/2024\/11\/751-peggy.png","type":"image\/png"}],"twitter_card":"summary_large_image","twitter_misc":{"Temps estimat de lectura":"2 minuts"},"schema":{"@context":"https:\/\/schema.org","@graph":[{"@type":"WebPage","@id":"https:\/\/mobensescolar.com\/ca\/producto\/penjador-escolar-peggy\/","url":"https:\/\/mobensescolar.com\/ca\/producto\/penjador-escolar-peggy\/","name":"Penjador Escolar PEGGY - Mobens","isPartOf":{"@id":"https:\/\/mobensescolar.com\/ca\/#website"},"primaryImageOfPage":{"@id":"https:\/\/mobensescolar.com\/ca\/producto\/penjador-escolar-peggy\/#primaryimage"},"image":{"@id":"https:\/\/mobensescolar.com\/ca\/producto\/penjador-escolar-peggy\/#primaryimage"},"thumbnailUrl":"https:\/\/mobensescolar.com\/wp-content\/uploads\/2024\/11\/751-peggy.png","datePublished":"2024-11-10T13:00:36+00:00","dateModified":"2025-05-30T10:42:36+00:00","description":"El penjador escolar PEGGY \u00e9s una soluci\u00f3 pr\u00e0ctica i econ\u00f2mica per mantenir l'ordre a les aules. Dissenyat especialment per a entorns educatius com llars d\u2019infants, educaci\u00f3 infantil i prim\u00e0ria, aquest penjador de paret per a escola facilita que els infants puguin penjar les seves pertinences de manera segura i organitzada.","breadcrumb":{"@id":"https:\/\/mobensescolar.com\/ca\/producto\/penjador-escolar-peggy\/#breadcrumb"},"inLanguage":"ca","potentialAction":[{"@type":"ReadAction","target":["https:\/\/mobensescolar.com\/ca\/producto\/penjador-escolar-peggy\/"]}]},{"@type":"ImageObject","inLanguage":"ca","@id":"https:\/\/mobensescolar.com\/ca\/producto\/penjador-escolar-peggy\/#primaryimage","url":"https:\/\/mobensescolar.com\/wp-content\/uploads\/2024\/11\/751-peggy.png","contentUrl":"https:\/\/mobensescolar.com\/wp-content\/uploads\/2024\/11\/751-peggy.png","width":1000,"height":1000},{"@type":"BreadcrumbList","@id":"https:\/\/mobensescolar.com\/ca\/producto\/penjador-escolar-peggy\/#breadcrumb","itemListElement":[{"@type":"ListItem","position":1,"name":"Inici","item":"https:\/\/mobensescolar.com\/ca\/homepage\/"},{"@type":"ListItem","position":2,"name":"Botiga","item":"https:\/\/mobensescolar.com\/ca\/botiga\/"},{"@type":"ListItem","position":3,"name":"Penjador Escolar PEGGY"}]},{"@type":"WebSite","@id":"https:\/\/mobensescolar.com\/ca\/#website","url":"https:\/\/mobensescolar.com\/ca\/","name":"Mobens School","description":"","publisher":{"@id":"https:\/\/mobensescolar.com\/ca\/#organization"},"potentialAction":[{"@type":"SearchAction","target":{"@type":"EntryPoint","urlTemplate":"https:\/\/mobensescolar.com\/ca\/?s={search_term_string}"},"query-input":{"@type":"PropertyValueSpecification","valueRequired":true,"valueName":"search_term_string"}}],"inLanguage":"ca"},{"@type":"Organization","@id":"https:\/\/mobensescolar.com\/ca\/#organization","name":"Mobens School","url":"https:\/\/mobensescolar.com\/ca\/","logo":{"@type":"ImageObject","inLanguage":"ca","@id":"https:\/\/mobensescolar.com\/ca\/#\/schema\/logo\/image\/","url":"https:\/\/mobensescolar.com\/wp-content\/uploads\/2024\/10\/logo-mobens.webp","contentUrl":"https:\/\/mobensescolar.com\/wp-content\/uploads\/2024\/10\/logo-mobens.webp","width":181,"height":181,"caption":"Mobens School"},"image":{"@id":"https:\/\/mobensescolar.com\/ca\/#\/schema\/logo\/image\/"},"sameAs":["https:\/\/www.instagram.com\/mobens.school\/"]}]}},"_links":{"self":[{"href":"https:\/\/mobensescolar.com\/ca\/wp-json\/wp\/v2\/product\/2300","targetHints":{"allow":["GET"]}}],"collection":[{"href":"https:\/\/mobensescolar.com\/ca\/wp-json\/wp\/v2\/product"}],"about":[{"href":"https:\/\/mobensescolar.com\/ca\/wp-json\/wp\/v2\/types\/product"}],"replies":[{"embeddable":true,"href":"https:\/\/mobensescolar.com\/ca\/wp-json\/wp\/v2\/comments?post=2300"}],"version-history":[{"count":1,"href":"https:\/\/mobensescolar.com\/ca\/wp-json\/wp\/v2\/product\/2300\/revisions"}],"predecessor-version":[{"id":4200,"href":"https:\/\/mobensescolar.com\/ca\/wp-json\/wp\/v2\/product\/2300\/revisions\/4200"}],"wp:featuredmedia":[{"embeddable":true,"href":"https:\/\/mobensescolar.com\/ca\/wp-json\/wp\/v2\/media\/2128"}],"wp:attachment":[{"href":"https:\/\/mobensescolar.com\/ca\/wp-json\/wp\/v2\/media?parent=2300"}],"wp:term":[{"taxonomy":"product_brand","embeddable":true,"href":"https:\/\/mobensescolar.com\/ca\/wp-json\/wp\/v2\/product_brand?post=2300"},{"taxonomy":"product_cat","embeddable":true,"href":"https:\/\/mobensescolar.com\/ca\/wp-json\/wp\/v2\/product_cat?post=2300"},{"taxonomy":"product_tag","embeddable":true,"href":"https:\/\/mobensescolar.com\/ca\/wp-json\/wp\/v2\/product_tag?post=2300"}],"curies":[{"name":"wp","href":"https:\/\/api.w.org\/{rel}","templated":true}]}}