{"id":2965,"date":"2024-11-20T12:56:52","date_gmt":"2024-11-20T11:56:52","guid":{"rendered":"http:\/\/mobensescolar.com\/?post_type=product&#038;p=2965"},"modified":"2025-05-14T14:47:09","modified_gmt":"2025-05-14T12:47:09","slug":"bancada-escolar-de-3-seients-slim-b","status":"publish","type":"product","link":"https:\/\/mobensescolar.com\/ca\/producto\/bancada-escolar-de-3-seients-slim-b\/","title":{"rendered":"Bancada escolar de 3 seients SLIM B"},"content":{"rendered":"<div class=\"container\">\n<div class=\"row\">\n<div class=\"col-md-6 \u00f2fset-md-3 col-xl-4 \u00f2fset-xl-4\">\n<p>La Bancada de 3 Seients \u00e9s una soluci\u00f3 moderna i funcional dins del mobiliari escolar, dissenyada per oferir comoditat, resist\u00e8ncia i versatilitat en entorns educatius. La seva estructura combina un disseny lleuger i minimalista, amb materials d&#8217;alta qualitat que garanteixen durabilitat i seguretat en \u00fas diari.<\/p>\n<p>La seva estructura est\u00e0 formada per peus d&#8217;acer laminat cromat i seients de polipropil\u00e8 r\u00edgid, disponibles en una gamma de colors harm\u00f2nics que s&#8217;integren perfectament a qualsevol espai d&#8217;aprenentatge. A m\u00e9s, est\u00e0 dissenyada sense arestes vives, assegurant una major seguretat per als usuaris.<\/p>\n<p>La Bancada de 3 Seients \u00e9s l&#8217;opci\u00f3 ideal per equipar aules, biblioteques, sales d&#8217;espera i espais de formaci\u00f3, oferint una combinaci\u00f3 perfecta de disseny, resist\u00e8ncia i confort dins del mobiliari escolar.<\/p>\n<\/div>\n<p>&nbsp;<\/p>\n<p><span style=\"font-size: inherit;\">\u2705 Estructura met\u00e0l\u00b7lica soldada, garantint estabilitat i resist\u00e8ncia.<\/span><\/p>\n<div class=\"col-md-6 \u00f2fset-md-3 col-xl-4 \u00f2fset-xl-4\">\n<p>\u2705 Peus d\u00b4acer laminat cromat, proporcionant durabilitat i un acabat elegant.<\/p>\n<p>\u2705 Seients de polipropil\u00e8 r\u00edgid, resistents i f\u00e0cils de netejar.<\/p>\n<p>\u2705 Disseny ergon\u00f2mic, ideal per a un \u00fas prolongat a aules i espais educatius.<\/p>\n<p>\u2705 Disponible en talla T6, recomanada per a alumnes de secund\u00e0ria i educaci\u00f3 superior (+11 anys).<\/p>\n<p>\u2705 S&#8217;entrega totalment muntada, llesta per al seu \u00fas immediat.<\/p>\n<\/div>\n<\/div>\n<\/div>\n","protected":false},"excerpt":{"rendered":"<p>La Bancada de 3 Seients \u00e9s una soluci\u00f3 moderna i funcional dins del mobiliari escolar, dissenyada per oferir comoditat, resist\u00e8ncia i versatilitat en entorns educatius. La seva estructura combina un disseny lleuger i minimalista, amb materials d&#8217;alta qualitat que garanteixen durabilitat i seguretat en \u00fas diari. La seva estructura est\u00e0 formada per peus d&#8217;acer laminat &#8230; <a title=\"Bancada escolar de 3 seients SLIM B\" class=\"read-more\" href=\"https:\/\/mobensescolar.com\/ca\/producto\/bancada-escolar-de-3-seients-slim-b\/\" aria-label=\"M\u00e9s informaci\u00f3 sobre Bancada escolar de 3 seients SLIM B\">Llegiu m\u00e9s<\/a><\/p>\n","protected":false},"featured_media":2972,"comment_status":"open","ping_status":"closed","template":"","meta":{"_acf_changed":false},"product_brand":[],"product_cat":[25],"product_tag":[],"class_list":{"0":"post-2965","1":"product","2":"type-product","3":"status-publish","4":"has-post-thumbnail","6":"product_cat-cadires","8":"first","9":"instock","10":"taxable","11":"shipping-taxable","12":"purchasable","13":"product-type-simple"},"supplier_id":null,"supplier_sku":"","barcode":null,"atum_controlled":true,"out_stock_date":null,"out_stock_threshold":null,"inheritable":false,"inbound_stock":0,"stock_on_hold":0,"sold_today":0,"sales_last_days":0,"reserved_stock":0,"customer_returns":0,"warehouse_damage":0,"lost_in_post":0,"other_logs":0,"out_stock_days":0,"lost_sales":0,"has_location":false,"update_date":"2026-04-29T00:11:26","atum_locations":[],"atum_stock_status":"instock","restock_status":false,"low_stock_amount":"","sales_update_date":"2026-04-29T00:11:26","calc_backorders":null,"acf":[],"yoast_head":"<!-- This site is optimized with the Yoast SEO plugin v24.4 - https:\/\/yoast.com\/wordpress\/plugins\/seo\/ -->\n<title>Bancada escolar de 3 seients SLIM B - Mobens<\/title>\n<meta name=\"robots\" content=\"index, follow, max-snippet:-1, max-image-preview:large, max-video-preview:-1\" \/>\n<link rel=\"canonical\" href=\"https:\/\/mobensescolar.com\/ca\/producto\/bancada-escolar-de-3-seients-slim-b\/\" \/>\n<meta property=\"og:locale\" content=\"ca_ES\" \/>\n<meta property=\"og:type\" content=\"article\" \/>\n<meta property=\"og:title\" content=\"Bancada escolar de 3 seients SLIM B - Mobens\" \/>\n<meta property=\"og:description\" content=\"La Bancada de 3 Seients \u00e9s una soluci\u00f3 moderna i funcional dins del mobiliari escolar, dissenyada per oferir comoditat, resist\u00e8ncia i versatilitat en entorns educatius. La seva estructura combina un disseny lleuger i minimalista, amb materials d&#8217;alta qualitat que garanteixen durabilitat i seguretat en \u00fas diari. La seva estructura est\u00e0 formada per peus d&#8217;acer laminat ... Llegiu m\u00e9s\" \/>\n<meta property=\"og:url\" content=\"https:\/\/mobensescolar.com\/ca\/producto\/bancada-escolar-de-3-seients-slim-b\/\" \/>\n<meta property=\"og:site_name\" content=\"Mobens\" \/>\n<meta property=\"article:modified_time\" content=\"2025-05-14T12:47:09+00:00\" \/>\n<meta property=\"og:image\" content=\"https:\/\/mobensescolar.com\/wp-content\/uploads\/2024\/11\/slim-b-bl-basic.jpg\" \/>\n\t<meta property=\"og:image:width\" content=\"1067\" \/>\n\t<meta property=\"og:image:height\" content=\"1020\" \/>\n\t<meta property=\"og:image:type\" content=\"image\/jpeg\" \/>\n<meta name=\"twitter:card\" content=\"summary_large_image\" \/>\n<meta name=\"twitter:label1\" content=\"Temps estimat de lectura\" \/>\n\t<meta name=\"twitter:data1\" content=\"1 minut\" \/>\n<script type=\"application\/ld+json\" class=\"yoast-schema-graph\">{\"@context\":\"https:\/\/schema.org\",\"@graph\":[{\"@type\":\"WebPage\",\"@id\":\"https:\/\/mobensescolar.com\/ca\/producto\/bancada-escolar-de-3-seients-slim-b\/\",\"url\":\"https:\/\/mobensescolar.com\/ca\/producto\/bancada-escolar-de-3-seients-slim-b\/\",\"name\":\"Bancada escolar de 3 seients SLIM B - Mobens\",\"isPartOf\":{\"@id\":\"https:\/\/mobensescolar.com\/ca\/#website\"},\"primaryImageOfPage\":{\"@id\":\"https:\/\/mobensescolar.com\/ca\/producto\/bancada-escolar-de-3-seients-slim-b\/#primaryimage\"},\"image\":{\"@id\":\"https:\/\/mobensescolar.com\/ca\/producto\/bancada-escolar-de-3-seients-slim-b\/#primaryimage\"},\"thumbnailUrl\":\"https:\/\/mobensescolar.com\/wp-content\/uploads\/2024\/11\/slim-b-bl-basic.jpg\",\"datePublished\":\"2024-11-20T11:56:52+00:00\",\"dateModified\":\"2025-05-14T12:47:09+00:00\",\"breadcrumb\":{\"@id\":\"https:\/\/mobensescolar.com\/ca\/producto\/bancada-escolar-de-3-seients-slim-b\/#breadcrumb\"},\"inLanguage\":\"ca\",\"potentialAction\":[{\"@type\":\"ReadAction\",\"target\":[\"https:\/\/mobensescolar.com\/ca\/producto\/bancada-escolar-de-3-seients-slim-b\/\"]}]},{\"@type\":\"ImageObject\",\"inLanguage\":\"ca\",\"@id\":\"https:\/\/mobensescolar.com\/ca\/producto\/bancada-escolar-de-3-seients-slim-b\/#primaryimage\",\"url\":\"https:\/\/mobensescolar.com\/wp-content\/uploads\/2024\/11\/slim-b-bl-basic.jpg\",\"contentUrl\":\"https:\/\/mobensescolar.com\/wp-content\/uploads\/2024\/11\/slim-b-bl-basic.jpg\",\"width\":1067,\"height\":1020},{\"@type\":\"BreadcrumbList\",\"@id\":\"https:\/\/mobensescolar.com\/ca\/producto\/bancada-escolar-de-3-seients-slim-b\/#breadcrumb\",\"itemListElement\":[{\"@type\":\"ListItem\",\"position\":1,\"name\":\"Inici\",\"item\":\"https:\/\/mobensescolar.com\/ca\/homepage\/\"},{\"@type\":\"ListItem\",\"position\":2,\"name\":\"Botiga\",\"item\":\"https:\/\/mobensescolar.com\/ca\/botiga\/\"},{\"@type\":\"ListItem\",\"position\":3,\"name\":\"Bancada escolar de 3 seients SLIM B\"}]},{\"@type\":\"WebSite\",\"@id\":\"https:\/\/mobensescolar.com\/ca\/#website\",\"url\":\"https:\/\/mobensescolar.com\/ca\/\",\"name\":\"Mobens School\",\"description\":\"\",\"publisher\":{\"@id\":\"https:\/\/mobensescolar.com\/ca\/#organization\"},\"potentialAction\":[{\"@type\":\"SearchAction\",\"target\":{\"@type\":\"EntryPoint\",\"urlTemplate\":\"https:\/\/mobensescolar.com\/ca\/?s={search_term_string}\"},\"query-input\":{\"@type\":\"PropertyValueSpecification\",\"valueRequired\":true,\"valueName\":\"search_term_string\"}}],\"inLanguage\":\"ca\"},{\"@type\":\"Organization\",\"@id\":\"https:\/\/mobensescolar.com\/ca\/#organization\",\"name\":\"Mobens School\",\"url\":\"https:\/\/mobensescolar.com\/ca\/\",\"logo\":{\"@type\":\"ImageObject\",\"inLanguage\":\"ca\",\"@id\":\"https:\/\/mobensescolar.com\/ca\/#\/schema\/logo\/image\/\",\"url\":\"https:\/\/mobensescolar.com\/wp-content\/uploads\/2024\/10\/logo-mobens.webp\",\"contentUrl\":\"https:\/\/mobensescolar.com\/wp-content\/uploads\/2024\/10\/logo-mobens.webp\",\"width\":181,\"height\":181,\"caption\":\"Mobens School\"},\"image\":{\"@id\":\"https:\/\/mobensescolar.com\/ca\/#\/schema\/logo\/image\/\"},\"sameAs\":[\"https:\/\/www.instagram.com\/mobens.school\/\"]}]}<\/script>\n<!-- \/ Yoast SEO plugin. -->","yoast_head_json":{"title":"Bancada escolar de 3 seients SLIM B - Mobens","robots":{"index":"index","follow":"follow","max-snippet":"max-snippet:-1","max-image-preview":"max-image-preview:large","max-video-preview":"max-video-preview:-1"},"canonical":"https:\/\/mobensescolar.com\/ca\/producto\/bancada-escolar-de-3-seients-slim-b\/","og_locale":"ca_ES","og_type":"article","og_title":"Bancada escolar de 3 seients SLIM B - Mobens","og_description":"La Bancada de 3 Seients \u00e9s una soluci\u00f3 moderna i funcional dins del mobiliari escolar, dissenyada per oferir comoditat, resist\u00e8ncia i versatilitat en entorns educatius. La seva estructura combina un disseny lleuger i minimalista, amb materials d&#8217;alta qualitat que garanteixen durabilitat i seguretat en \u00fas diari. La seva estructura est\u00e0 formada per peus d&#8217;acer laminat ... Llegiu m\u00e9s","og_url":"https:\/\/mobensescolar.com\/ca\/producto\/bancada-escolar-de-3-seients-slim-b\/","og_site_name":"Mobens","article_modified_time":"2025-05-14T12:47:09+00:00","og_image":[{"width":1067,"height":1020,"url":"https:\/\/mobensescolar.com\/wp-content\/uploads\/2024\/11\/slim-b-bl-basic.jpg","type":"image\/jpeg"}],"twitter_card":"summary_large_image","twitter_misc":{"Temps estimat de lectura":"1 minut"},"schema":{"@context":"https:\/\/schema.org","@graph":[{"@type":"WebPage","@id":"https:\/\/mobensescolar.com\/ca\/producto\/bancada-escolar-de-3-seients-slim-b\/","url":"https:\/\/mobensescolar.com\/ca\/producto\/bancada-escolar-de-3-seients-slim-b\/","name":"Bancada escolar de 3 seients SLIM B - Mobens","isPartOf":{"@id":"https:\/\/mobensescolar.com\/ca\/#website"},"primaryImageOfPage":{"@id":"https:\/\/mobensescolar.com\/ca\/producto\/bancada-escolar-de-3-seients-slim-b\/#primaryimage"},"image":{"@id":"https:\/\/mobensescolar.com\/ca\/producto\/bancada-escolar-de-3-seients-slim-b\/#primaryimage"},"thumbnailUrl":"https:\/\/mobensescolar.com\/wp-content\/uploads\/2024\/11\/slim-b-bl-basic.jpg","datePublished":"2024-11-20T11:56:52+00:00","dateModified":"2025-05-14T12:47:09+00:00","breadcrumb":{"@id":"https:\/\/mobensescolar.com\/ca\/producto\/bancada-escolar-de-3-seients-slim-b\/#breadcrumb"},"inLanguage":"ca","potentialAction":[{"@type":"ReadAction","target":["https:\/\/mobensescolar.com\/ca\/producto\/bancada-escolar-de-3-seients-slim-b\/"]}]},{"@type":"ImageObject","inLanguage":"ca","@id":"https:\/\/mobensescolar.com\/ca\/producto\/bancada-escolar-de-3-seients-slim-b\/#primaryimage","url":"https:\/\/mobensescolar.com\/wp-content\/uploads\/2024\/11\/slim-b-bl-basic.jpg","contentUrl":"https:\/\/mobensescolar.com\/wp-content\/uploads\/2024\/11\/slim-b-bl-basic.jpg","width":1067,"height":1020},{"@type":"BreadcrumbList","@id":"https:\/\/mobensescolar.com\/ca\/producto\/bancada-escolar-de-3-seients-slim-b\/#breadcrumb","itemListElement":[{"@type":"ListItem","position":1,"name":"Inici","item":"https:\/\/mobensescolar.com\/ca\/homepage\/"},{"@type":"ListItem","position":2,"name":"Botiga","item":"https:\/\/mobensescolar.com\/ca\/botiga\/"},{"@type":"ListItem","position":3,"name":"Bancada escolar de 3 seients SLIM B"}]},{"@type":"WebSite","@id":"https:\/\/mobensescolar.com\/ca\/#website","url":"https:\/\/mobensescolar.com\/ca\/","name":"Mobens School","description":"","publisher":{"@id":"https:\/\/mobensescolar.com\/ca\/#organization"},"potentialAction":[{"@type":"SearchAction","target":{"@type":"EntryPoint","urlTemplate":"https:\/\/mobensescolar.com\/ca\/?s={search_term_string}"},"query-input":{"@type":"PropertyValueSpecification","valueRequired":true,"valueName":"search_term_string"}}],"inLanguage":"ca"},{"@type":"Organization","@id":"https:\/\/mobensescolar.com\/ca\/#organization","name":"Mobens School","url":"https:\/\/mobensescolar.com\/ca\/","logo":{"@type":"ImageObject","inLanguage":"ca","@id":"https:\/\/mobensescolar.com\/ca\/#\/schema\/logo\/image\/","url":"https:\/\/mobensescolar.com\/wp-content\/uploads\/2024\/10\/logo-mobens.webp","contentUrl":"https:\/\/mobensescolar.com\/wp-content\/uploads\/2024\/10\/logo-mobens.webp","width":181,"height":181,"caption":"Mobens School"},"image":{"@id":"https:\/\/mobensescolar.com\/ca\/#\/schema\/logo\/image\/"},"sameAs":["https:\/\/www.instagram.com\/mobens.school\/"]}]}},"_links":{"self":[{"href":"https:\/\/mobensescolar.com\/ca\/wp-json\/wp\/v2\/product\/2965","targetHints":{"allow":["GET"]}}],"collection":[{"href":"https:\/\/mobensescolar.com\/ca\/wp-json\/wp\/v2\/product"}],"about":[{"href":"https:\/\/mobensescolar.com\/ca\/wp-json\/wp\/v2\/types\/product"}],"replies":[{"embeddable":true,"href":"https:\/\/mobensescolar.com\/ca\/wp-json\/wp\/v2\/comments?post=2965"}],"version-history":[{"count":0,"href":"https:\/\/mobensescolar.com\/ca\/wp-json\/wp\/v2\/product\/2965\/revisions"}],"wp:featuredmedia":[{"embeddable":true,"href":"https:\/\/mobensescolar.com\/ca\/wp-json\/wp\/v2\/media\/2972"}],"wp:attachment":[{"href":"https:\/\/mobensescolar.com\/ca\/wp-json\/wp\/v2\/media?parent=2965"}],"wp:term":[{"taxonomy":"product_brand","embeddable":true,"href":"https:\/\/mobensescolar.com\/ca\/wp-json\/wp\/v2\/product_brand?post=2965"},{"taxonomy":"product_cat","embeddable":true,"href":"https:\/\/mobensescolar.com\/ca\/wp-json\/wp\/v2\/product_cat?post=2965"},{"taxonomy":"product_tag","embeddable":true,"href":"https:\/\/mobensescolar.com\/ca\/wp-json\/wp\/v2\/product_tag?post=2965"}],"curies":[{"name":"wp","href":"https:\/\/api.w.org\/{rel}","templated":true}]}}