{"id":3054,"date":"2024-11-20T14:17:56","date_gmt":"2024-11-20T13:17:56","guid":{"rendered":"http:\/\/mobensescolar.com\/?post_type=product&#038;p=3054"},"modified":"2025-05-30T12:35:05","modified_gmt":"2025-05-30T10:35:05","slug":"calaix-per-a-pupitre-box","status":"publish","type":"product","link":"https:\/\/mobensescolar.com\/ca\/producto\/calaix-per-a-pupitre-box\/","title":{"rendered":"Calaix per a pupitre BOX"},"content":{"rendered":"<div class=\"container\">\n<div class=\"row\">\n<div class=\"col-md-6 offset-md-3 col-xl-4 offset-xl-4\">\n<article class=\"w-full text-token-text-primary\" dir=\"auto\" data-testid=\"conversation-turn-2\" data-scroll-anchor=\"false\">\n<div class=\"text-base my-auto mx-auto pi-5 px-6\">\n<div class=\"mx-auto flex flex-1 text-base gap-4 md:gap-5 lg:gap-6 md:max-w-3xl lg:max-w-[40rem] xl:max-w-[48rem] group\/turn-messages focus-visible:outline-none\">\n<div class=\"group\/conversation-turn relative flex w-full min-w-0 flex-col agent-turn @xs\/thread:px-0 @sm\/thread:px-1.5 @md\/thread:px-4\">\n<div class=\"relative flex-col gap-1 md:gap-3\">\n<div class=\"flex max-w-full flex-col flex-grow\">\n<div class=\"min-h-8 text-message relative flex w-full flex-col items-end gap-2 whitespace-normal break-words text-start [.text-message+&amp;]:mt-5\" dir=\"auto\" data-message-author-role=\"assistant\" data-message-id=\"f7526a71-8084-4b60-891f-0da5c252f5be\" data-message-model-slug=\"gpt-4o\">\n<div class=\"flex w-full flex-col gap-1 empty:hidden first:pt-[3px]\">\n<div class=\"markdown prose w-full break-words dark:prose-invert light\">\n<p data-start=\"1008\" data-end=\"1385\">El <strong>calaix per a pupitre BOX<\/strong> \u00e9s una soluci\u00f3 pr\u00e0ctica i resistent dissenyada per transformar una taula en un pupitre escolar funcional.<br data-start=\"1158\" data-end=\"1161\" \/>Fabricat en polipropil\u00e8 injectat refor\u00e7at, aquest calaix s\u2019instal\u00b7la f\u00e0cilment sota el tauler, oferint una alternativa efica\u00e7 d\u2019emmagatzematge escolar. Ideal per mantenir el material escolar ordenat i a l\u2019abast de l\u2019alumnat.<\/p>\n<p data-start=\"1387\" data-end=\"1501\">Converteix una taula escolar en un pupitre amb calaixera, optimitzant l\u2019espai i millorant l\u2019organitzaci\u00f3 a l\u2019aula.<\/p>\n<p data-start=\"1503\" data-end=\"1958\"><strong data-start=\"1503\" data-end=\"1523\">Caracter\u00edstiques<\/strong><br data-start=\"1523\" data-end=\"1526\" \/>\u2022 Material: Polipropil\u00e8 injectat refor\u00e7at per a m\u00e0xima resist\u00e8ncia i durabilitat.<br data-start=\"1607\" data-end=\"1610\" \/>\u2022 Instal\u00b7laci\u00f3: Es fixa f\u00e0cilment sota el tauler de qualsevol taula escolar est\u00e0ndard.<br data-start=\"1696\" data-end=\"1699\" \/>\u2022 Versatilitat: Compatible amb diferents models de taules escolars.<br data-start=\"1766\" data-end=\"1769\" \/>\u2022 Funcionalitat: Millora l\u2019organitzaci\u00f3 oferint espai extra per guardar llibres, quaderns i material escolar.<br data-start=\"1878\" data-end=\"1881\" \/>\u2022 Disseny compacte: Discret i ergon\u00f2mic, pensat per a l\u2019\u00fas diari a les aules.<\/p>\n<p data-start=\"1960\" data-end=\"2019\" data-is-last-node=\"\" data-is-only-node=\"\"><strong data-start=\"1960\" data-end=\"1982\">Colors disponibles<\/strong><br data-start=\"1982\" data-end=\"1985\" \/>Grafit, turquesa, oliva, mostassa.<\/p>\n<\/div>\n<\/div>\n<\/div>\n<\/div>\n<\/div>\n<div class=\"absolute\">\n<div class=\"flex items-center justify-center\"><\/div>\n<\/div>\n<\/div>\n<\/div>\n<\/div>\n<\/article>\n<article class=\"w-full text-token-text-primary\" dir=\"auto\" data-testid=\"conversation-turn-3\" data-scroll-anchor=\"false\">\n<h5 class=\"sr-only\"><\/h5>\n<\/article>\n<\/div>\n<\/div>\n<\/div>\n","protected":false},"excerpt":{"rendered":"<p>El calaix per a pupitre BOX \u00e9s una soluci\u00f3 pr\u00e0ctica i resistent dissenyada per transformar una taula en un pupitre escolar funcional.Fabricat en polipropil\u00e8 injectat refor\u00e7at, aquest calaix s\u2019instal\u00b7la f\u00e0cilment sota el tauler, oferint una alternativa efica\u00e7 d\u2019emmagatzematge escolar. Ideal per mantenir el material escolar ordenat i a l\u2019abast de l\u2019alumnat. Converteix una taula escolar &#8230; <a title=\"Calaix per a pupitre BOX\" class=\"read-more\" href=\"https:\/\/mobensescolar.com\/ca\/producto\/calaix-per-a-pupitre-box\/\" aria-label=\"M\u00e9s informaci\u00f3 sobre Calaix per a pupitre BOX\">Llegiu m\u00e9s<\/a><\/p>\n","protected":false},"featured_media":3069,"comment_status":"open","ping_status":"closed","template":"","meta":{"_acf_changed":false},"product_brand":[],"product_cat":[30],"product_tag":[],"class_list":{"0":"post-3054","1":"product","2":"type-product","3":"status-publish","4":"has-post-thumbnail","6":"product_cat-complements","8":"first","9":"instock","10":"taxable","11":"shipping-taxable","12":"purchasable","13":"product-type-simple"},"supplier_id":null,"supplier_sku":"","barcode":null,"atum_controlled":true,"out_stock_date":null,"out_stock_threshold":null,"inheritable":false,"inbound_stock":0,"stock_on_hold":0,"sold_today":0,"sales_last_days":0,"reserved_stock":0,"customer_returns":0,"warehouse_damage":0,"lost_in_post":0,"other_logs":0,"out_stock_days":0,"lost_sales":0,"has_location":false,"update_date":"2026-04-29T00:11:28","atum_locations":[],"atum_stock_status":"instock","restock_status":false,"low_stock_amount":"","sales_update_date":"2026-04-29T00:11:28","calc_backorders":null,"acf":[],"yoast_head":"<!-- This site is optimized with the Yoast SEO plugin v24.4 - https:\/\/yoast.com\/wordpress\/plugins\/seo\/ -->\n<title>Calaix per a pupitre BOX - Mobens<\/title>\n<meta name=\"description\" content=\"El calaix per a pupitre BOX \u00e9s una soluci\u00f3 pr\u00e0ctica i resistent dissenyada per transformar una taula en un pupitre escolar funcional.\" \/>\n<meta name=\"robots\" content=\"index, follow, max-snippet:-1, max-image-preview:large, max-video-preview:-1\" \/>\n<link rel=\"canonical\" href=\"https:\/\/mobensescolar.com\/ca\/producto\/calaix-per-a-pupitre-box\/\" \/>\n<meta property=\"og:locale\" content=\"ca_ES\" \/>\n<meta property=\"og:type\" content=\"article\" \/>\n<meta property=\"og:title\" content=\"Calaix per a pupitre BOX - Mobens\" \/>\n<meta property=\"og:description\" content=\"El calaix per a pupitre BOX \u00e9s una soluci\u00f3 pr\u00e0ctica i resistent dissenyada per transformar una taula en un pupitre escolar funcional.\" \/>\n<meta property=\"og:url\" content=\"https:\/\/mobensescolar.com\/ca\/producto\/calaix-per-a-pupitre-box\/\" \/>\n<meta property=\"og:site_name\" content=\"Mobens\" \/>\n<meta property=\"article:modified_time\" content=\"2025-05-30T10:35:05+00:00\" \/>\n<meta property=\"og:image\" content=\"https:\/\/mobensescolar.com\/wp-content\/uploads\/2024\/11\/box-bl-basic.jpg\" \/>\n\t<meta property=\"og:image:width\" content=\"1067\" \/>\n\t<meta property=\"og:image:height\" content=\"1020\" \/>\n\t<meta property=\"og:image:type\" content=\"image\/jpeg\" \/>\n<meta name=\"twitter:card\" content=\"summary_large_image\" \/>\n<meta name=\"twitter:label1\" content=\"Temps estimat de lectura\" \/>\n\t<meta name=\"twitter:data1\" content=\"1 minut\" \/>\n<script type=\"application\/ld+json\" class=\"yoast-schema-graph\">{\"@context\":\"https:\/\/schema.org\",\"@graph\":[{\"@type\":\"WebPage\",\"@id\":\"https:\/\/mobensescolar.com\/ca\/producto\/calaix-per-a-pupitre-box\/\",\"url\":\"https:\/\/mobensescolar.com\/ca\/producto\/calaix-per-a-pupitre-box\/\",\"name\":\"Calaix per a pupitre BOX - Mobens\",\"isPartOf\":{\"@id\":\"https:\/\/mobensescolar.com\/ca\/#website\"},\"primaryImageOfPage\":{\"@id\":\"https:\/\/mobensescolar.com\/ca\/producto\/calaix-per-a-pupitre-box\/#primaryimage\"},\"image\":{\"@id\":\"https:\/\/mobensescolar.com\/ca\/producto\/calaix-per-a-pupitre-box\/#primaryimage\"},\"thumbnailUrl\":\"https:\/\/mobensescolar.com\/wp-content\/uploads\/2024\/11\/box-bl-basic.jpg\",\"datePublished\":\"2024-11-20T13:17:56+00:00\",\"dateModified\":\"2025-05-30T10:35:05+00:00\",\"description\":\"El calaix per a pupitre BOX \u00e9s una soluci\u00f3 pr\u00e0ctica i resistent dissenyada per transformar una taula en un pupitre escolar funcional.\",\"breadcrumb\":{\"@id\":\"https:\/\/mobensescolar.com\/ca\/producto\/calaix-per-a-pupitre-box\/#breadcrumb\"},\"inLanguage\":\"ca\",\"potentialAction\":[{\"@type\":\"ReadAction\",\"target\":[\"https:\/\/mobensescolar.com\/ca\/producto\/calaix-per-a-pupitre-box\/\"]}]},{\"@type\":\"ImageObject\",\"inLanguage\":\"ca\",\"@id\":\"https:\/\/mobensescolar.com\/ca\/producto\/calaix-per-a-pupitre-box\/#primaryimage\",\"url\":\"https:\/\/mobensescolar.com\/wp-content\/uploads\/2024\/11\/box-bl-basic.jpg\",\"contentUrl\":\"https:\/\/mobensescolar.com\/wp-content\/uploads\/2024\/11\/box-bl-basic.jpg\",\"width\":1067,\"height\":1020},{\"@type\":\"BreadcrumbList\",\"@id\":\"https:\/\/mobensescolar.com\/ca\/producto\/calaix-per-a-pupitre-box\/#breadcrumb\",\"itemListElement\":[{\"@type\":\"ListItem\",\"position\":1,\"name\":\"Inici\",\"item\":\"https:\/\/mobensescolar.com\/ca\/homepage\/\"},{\"@type\":\"ListItem\",\"position\":2,\"name\":\"Botiga\",\"item\":\"https:\/\/mobensescolar.com\/ca\/botiga\/\"},{\"@type\":\"ListItem\",\"position\":3,\"name\":\"Calaix per a pupitre BOX\"}]},{\"@type\":\"WebSite\",\"@id\":\"https:\/\/mobensescolar.com\/ca\/#website\",\"url\":\"https:\/\/mobensescolar.com\/ca\/\",\"name\":\"Mobens School\",\"description\":\"\",\"publisher\":{\"@id\":\"https:\/\/mobensescolar.com\/ca\/#organization\"},\"potentialAction\":[{\"@type\":\"SearchAction\",\"target\":{\"@type\":\"EntryPoint\",\"urlTemplate\":\"https:\/\/mobensescolar.com\/ca\/?s={search_term_string}\"},\"query-input\":{\"@type\":\"PropertyValueSpecification\",\"valueRequired\":true,\"valueName\":\"search_term_string\"}}],\"inLanguage\":\"ca\"},{\"@type\":\"Organization\",\"@id\":\"https:\/\/mobensescolar.com\/ca\/#organization\",\"name\":\"Mobens School\",\"url\":\"https:\/\/mobensescolar.com\/ca\/\",\"logo\":{\"@type\":\"ImageObject\",\"inLanguage\":\"ca\",\"@id\":\"https:\/\/mobensescolar.com\/ca\/#\/schema\/logo\/image\/\",\"url\":\"https:\/\/mobensescolar.com\/wp-content\/uploads\/2024\/10\/logo-mobens.webp\",\"contentUrl\":\"https:\/\/mobensescolar.com\/wp-content\/uploads\/2024\/10\/logo-mobens.webp\",\"width\":181,\"height\":181,\"caption\":\"Mobens School\"},\"image\":{\"@id\":\"https:\/\/mobensescolar.com\/ca\/#\/schema\/logo\/image\/\"},\"sameAs\":[\"https:\/\/www.instagram.com\/mobens.school\/\"]}]}<\/script>\n<!-- \/ Yoast SEO plugin. -->","yoast_head_json":{"title":"Calaix per a pupitre BOX - Mobens","description":"El calaix per a pupitre BOX \u00e9s una soluci\u00f3 pr\u00e0ctica i resistent dissenyada per transformar una taula en un pupitre escolar funcional.","robots":{"index":"index","follow":"follow","max-snippet":"max-snippet:-1","max-image-preview":"max-image-preview:large","max-video-preview":"max-video-preview:-1"},"canonical":"https:\/\/mobensescolar.com\/ca\/producto\/calaix-per-a-pupitre-box\/","og_locale":"ca_ES","og_type":"article","og_title":"Calaix per a pupitre BOX - Mobens","og_description":"El calaix per a pupitre BOX \u00e9s una soluci\u00f3 pr\u00e0ctica i resistent dissenyada per transformar una taula en un pupitre escolar funcional.","og_url":"https:\/\/mobensescolar.com\/ca\/producto\/calaix-per-a-pupitre-box\/","og_site_name":"Mobens","article_modified_time":"2025-05-30T10:35:05+00:00","og_image":[{"width":1067,"height":1020,"url":"https:\/\/mobensescolar.com\/wp-content\/uploads\/2024\/11\/box-bl-basic.jpg","type":"image\/jpeg"}],"twitter_card":"summary_large_image","twitter_misc":{"Temps estimat de lectura":"1 minut"},"schema":{"@context":"https:\/\/schema.org","@graph":[{"@type":"WebPage","@id":"https:\/\/mobensescolar.com\/ca\/producto\/calaix-per-a-pupitre-box\/","url":"https:\/\/mobensescolar.com\/ca\/producto\/calaix-per-a-pupitre-box\/","name":"Calaix per a pupitre BOX - Mobens","isPartOf":{"@id":"https:\/\/mobensescolar.com\/ca\/#website"},"primaryImageOfPage":{"@id":"https:\/\/mobensescolar.com\/ca\/producto\/calaix-per-a-pupitre-box\/#primaryimage"},"image":{"@id":"https:\/\/mobensescolar.com\/ca\/producto\/calaix-per-a-pupitre-box\/#primaryimage"},"thumbnailUrl":"https:\/\/mobensescolar.com\/wp-content\/uploads\/2024\/11\/box-bl-basic.jpg","datePublished":"2024-11-20T13:17:56+00:00","dateModified":"2025-05-30T10:35:05+00:00","description":"El calaix per a pupitre BOX \u00e9s una soluci\u00f3 pr\u00e0ctica i resistent dissenyada per transformar una taula en un pupitre escolar funcional.","breadcrumb":{"@id":"https:\/\/mobensescolar.com\/ca\/producto\/calaix-per-a-pupitre-box\/#breadcrumb"},"inLanguage":"ca","potentialAction":[{"@type":"ReadAction","target":["https:\/\/mobensescolar.com\/ca\/producto\/calaix-per-a-pupitre-box\/"]}]},{"@type":"ImageObject","inLanguage":"ca","@id":"https:\/\/mobensescolar.com\/ca\/producto\/calaix-per-a-pupitre-box\/#primaryimage","url":"https:\/\/mobensescolar.com\/wp-content\/uploads\/2024\/11\/box-bl-basic.jpg","contentUrl":"https:\/\/mobensescolar.com\/wp-content\/uploads\/2024\/11\/box-bl-basic.jpg","width":1067,"height":1020},{"@type":"BreadcrumbList","@id":"https:\/\/mobensescolar.com\/ca\/producto\/calaix-per-a-pupitre-box\/#breadcrumb","itemListElement":[{"@type":"ListItem","position":1,"name":"Inici","item":"https:\/\/mobensescolar.com\/ca\/homepage\/"},{"@type":"ListItem","position":2,"name":"Botiga","item":"https:\/\/mobensescolar.com\/ca\/botiga\/"},{"@type":"ListItem","position":3,"name":"Calaix per a pupitre BOX"}]},{"@type":"WebSite","@id":"https:\/\/mobensescolar.com\/ca\/#website","url":"https:\/\/mobensescolar.com\/ca\/","name":"Mobens School","description":"","publisher":{"@id":"https:\/\/mobensescolar.com\/ca\/#organization"},"potentialAction":[{"@type":"SearchAction","target":{"@type":"EntryPoint","urlTemplate":"https:\/\/mobensescolar.com\/ca\/?s={search_term_string}"},"query-input":{"@type":"PropertyValueSpecification","valueRequired":true,"valueName":"search_term_string"}}],"inLanguage":"ca"},{"@type":"Organization","@id":"https:\/\/mobensescolar.com\/ca\/#organization","name":"Mobens School","url":"https:\/\/mobensescolar.com\/ca\/","logo":{"@type":"ImageObject","inLanguage":"ca","@id":"https:\/\/mobensescolar.com\/ca\/#\/schema\/logo\/image\/","url":"https:\/\/mobensescolar.com\/wp-content\/uploads\/2024\/10\/logo-mobens.webp","contentUrl":"https:\/\/mobensescolar.com\/wp-content\/uploads\/2024\/10\/logo-mobens.webp","width":181,"height":181,"caption":"Mobens School"},"image":{"@id":"https:\/\/mobensescolar.com\/ca\/#\/schema\/logo\/image\/"},"sameAs":["https:\/\/www.instagram.com\/mobens.school\/"]}]}},"_links":{"self":[{"href":"https:\/\/mobensescolar.com\/ca\/wp-json\/wp\/v2\/product\/3054","targetHints":{"allow":["GET"]}}],"collection":[{"href":"https:\/\/mobensescolar.com\/ca\/wp-json\/wp\/v2\/product"}],"about":[{"href":"https:\/\/mobensescolar.com\/ca\/wp-json\/wp\/v2\/types\/product"}],"replies":[{"embeddable":true,"href":"https:\/\/mobensescolar.com\/ca\/wp-json\/wp\/v2\/comments?post=3054"}],"version-history":[{"count":1,"href":"https:\/\/mobensescolar.com\/ca\/wp-json\/wp\/v2\/product\/3054\/revisions"}],"predecessor-version":[{"id":4199,"href":"https:\/\/mobensescolar.com\/ca\/wp-json\/wp\/v2\/product\/3054\/revisions\/4199"}],"wp:featuredmedia":[{"embeddable":true,"href":"https:\/\/mobensescolar.com\/ca\/wp-json\/wp\/v2\/media\/3069"}],"wp:attachment":[{"href":"https:\/\/mobensescolar.com\/ca\/wp-json\/wp\/v2\/media?parent=3054"}],"wp:term":[{"taxonomy":"product_brand","embeddable":true,"href":"https:\/\/mobensescolar.com\/ca\/wp-json\/wp\/v2\/product_brand?post=3054"},{"taxonomy":"product_cat","embeddable":true,"href":"https:\/\/mobensescolar.com\/ca\/wp-json\/wp\/v2\/product_cat?post=3054"},{"taxonomy":"product_tag","embeddable":true,"href":"https:\/\/mobensescolar.com\/ca\/wp-json\/wp\/v2\/product_tag?post=3054"}],"curies":[{"name":"wp","href":"https:\/\/api.w.org\/{rel}","templated":true}]}}