{"id":3072,"date":"2024-12-03T10:08:19","date_gmt":"2024-12-03T09:08:19","guid":{"rendered":"http:\/\/mobensescolar.com\/?post_type=product&#038;p=3072"},"modified":"2025-05-14T14:47:14","modified_gmt":"2025-05-14T12:47:14","slug":"taula-escolar-desk-one","status":"publish","type":"product","link":"https:\/\/mobensescolar.com\/ca\/producto\/taula-escolar-desk-one\/","title":{"rendered":"Taula escolar DESK ONE"},"content":{"rendered":"<p>La <strong>Taula Escolar Louise<\/strong> \u00e9s una opci\u00f3 innovadora dins del <strong>mobiliari escolar<\/strong>, dissenyada per oferir la m\u00e0xima flexibilitat a l&#8217;aula. disseny modular permet configuracions din\u00e0miques, ideals per fomentar el treball col\u00b7laboratiu o individual.<\/p>\n<p>&nbsp;<\/p>\n<p>Caracter\u00edstiques principals:<\/p>\n<p>\u2705 Al\u00e7ada regulable (47-70 cm): Ajust senzill amb pist\u00f3 de gas per a m\u00e9s comoditat i ergonomia.<\/p>\n<p>\u2705 Estructura met\u00e0l\u00b7lica resistent: Base d&#8217;estrella amb 4 peus per garantir estabilitat i durabilitat.<\/p>\n<p>\u2705 Superf\u00edcie de melamina blanca: F\u00e0cil de netejar i altament resistent a l&#8217;\u00fas diari en entorns educatius.<\/p>\n<p>\u2705 Disseny modular: Es combina f\u00e0cilment amb altres taules escolars per crear diferents espais de treball.<\/p>\n<p>\u2705 \u00das polivalent: Funciona com a taula per a aules, sales de formaci\u00f3, biblioteques i oficines.<\/p>\n<p>&nbsp;<\/p>\n<p>La Taula Louise \u00e9s ideal per a centres educatius que busquen un mobiliari escolar flexible, ergon\u00f2mic i funcional.<\/p>\n<p>&nbsp;<\/p>\n<p>&nbsp;<\/p>\n","protected":false},"excerpt":{"rendered":"<p>La Taula Escolar Louise \u00e9s una opci\u00f3 innovadora dins del mobiliari escolar, dissenyada per oferir la m\u00e0xima flexibilitat a l&#8217;aula. disseny modular permet configuracions din\u00e0miques, ideals per fomentar el treball col\u00b7laboratiu o individual. &nbsp; Caracter\u00edstiques principals: \u2705 Al\u00e7ada regulable (47-70 cm): Ajust senzill amb pist\u00f3 de gas per a m\u00e9s comoditat i ergonomia. \u2705 Estructura &#8230; <a title=\"Taula escolar DESK ONE\" class=\"read-more\" href=\"https:\/\/mobensescolar.com\/ca\/producto\/taula-escolar-desk-one\/\" aria-label=\"M\u00e9s informaci\u00f3 sobre Taula escolar DESK ONE\">Llegiu m\u00e9s<\/a><\/p>\n","protected":false},"featured_media":3075,"comment_status":"open","ping_status":"closed","template":"","meta":{"_acf_changed":false},"product_brand":[],"product_cat":[27],"product_tag":[],"class_list":{"0":"post-3072","1":"product","2":"type-product","3":"status-publish","4":"has-post-thumbnail","6":"product_cat-taules","8":"first","9":"instock","10":"taxable","11":"shipping-taxable","12":"purchasable","13":"product-type-simple"},"supplier_id":null,"supplier_sku":"","barcode":null,"atum_controlled":true,"out_stock_date":null,"out_stock_threshold":null,"inheritable":false,"inbound_stock":0,"stock_on_hold":0,"sold_today":0,"sales_last_days":0,"reserved_stock":0,"customer_returns":0,"warehouse_damage":0,"lost_in_post":0,"other_logs":0,"out_stock_days":0,"lost_sales":0,"has_location":false,"update_date":"2026-04-29T00:11:24","atum_locations":[],"atum_stock_status":"instock","restock_status":false,"low_stock_amount":"","sales_update_date":"2026-04-29T00:11:24","calc_backorders":null,"acf":[],"yoast_head":"<!-- This site is optimized with the Yoast SEO plugin v24.4 - https:\/\/yoast.com\/wordpress\/plugins\/seo\/ -->\n<title>Taula escolar DESK ONE - Mobens<\/title>\n<meta name=\"robots\" content=\"index, follow, max-snippet:-1, max-image-preview:large, max-video-preview:-1\" \/>\n<link rel=\"canonical\" href=\"https:\/\/mobensescolar.com\/ca\/producto\/taula-escolar-desk-one\/\" \/>\n<meta property=\"og:locale\" content=\"ca_ES\" \/>\n<meta property=\"og:type\" content=\"article\" \/>\n<meta property=\"og:title\" content=\"Taula escolar DESK ONE - Mobens\" \/>\n<meta property=\"og:description\" content=\"La Taula Escolar Louise \u00e9s una opci\u00f3 innovadora dins del mobiliari escolar, dissenyada per oferir la m\u00e0xima flexibilitat a l&#8217;aula. disseny modular permet configuracions din\u00e0miques, ideals per fomentar el treball col\u00b7laboratiu o individual. &nbsp; Caracter\u00edstiques principals: \u2705 Al\u00e7ada regulable (47-70 cm): Ajust senzill amb pist\u00f3 de gas per a m\u00e9s comoditat i ergonomia. \u2705 Estructura ... Llegiu m\u00e9s\" \/>\n<meta property=\"og:url\" content=\"https:\/\/mobensescolar.com\/ca\/producto\/taula-escolar-desk-one\/\" \/>\n<meta property=\"og:site_name\" content=\"Mobens\" \/>\n<meta property=\"article:modified_time\" content=\"2025-05-14T12:47:14+00:00\" \/>\n<meta property=\"og:image\" content=\"https:\/\/mobensescolar.com\/wp-content\/uploads\/2024\/12\/desk-one-fen-bl-basic.jpg\" \/>\n\t<meta property=\"og:image:width\" content=\"1067\" \/>\n\t<meta property=\"og:image:height\" content=\"1020\" \/>\n\t<meta property=\"og:image:type\" content=\"image\/jpeg\" \/>\n<meta name=\"twitter:card\" content=\"summary_large_image\" \/>\n<meta name=\"twitter:label1\" content=\"Temps estimat de lectura\" \/>\n\t<meta name=\"twitter:data1\" content=\"1 minut\" \/>\n<script type=\"application\/ld+json\" class=\"yoast-schema-graph\">{\"@context\":\"https:\/\/schema.org\",\"@graph\":[{\"@type\":\"WebPage\",\"@id\":\"https:\/\/mobensescolar.com\/ca\/producto\/taula-escolar-desk-one\/\",\"url\":\"https:\/\/mobensescolar.com\/ca\/producto\/taula-escolar-desk-one\/\",\"name\":\"Taula escolar DESK ONE - Mobens\",\"isPartOf\":{\"@id\":\"https:\/\/mobensescolar.com\/ca\/#website\"},\"primaryImageOfPage\":{\"@id\":\"https:\/\/mobensescolar.com\/ca\/producto\/taula-escolar-desk-one\/#primaryimage\"},\"image\":{\"@id\":\"https:\/\/mobensescolar.com\/ca\/producto\/taula-escolar-desk-one\/#primaryimage\"},\"thumbnailUrl\":\"https:\/\/mobensescolar.com\/wp-content\/uploads\/2024\/12\/desk-one-fen-bl-basic.jpg\",\"datePublished\":\"2024-12-03T09:08:19+00:00\",\"dateModified\":\"2025-05-14T12:47:14+00:00\",\"breadcrumb\":{\"@id\":\"https:\/\/mobensescolar.com\/ca\/producto\/taula-escolar-desk-one\/#breadcrumb\"},\"inLanguage\":\"ca\",\"potentialAction\":[{\"@type\":\"ReadAction\",\"target\":[\"https:\/\/mobensescolar.com\/ca\/producto\/taula-escolar-desk-one\/\"]}]},{\"@type\":\"ImageObject\",\"inLanguage\":\"ca\",\"@id\":\"https:\/\/mobensescolar.com\/ca\/producto\/taula-escolar-desk-one\/#primaryimage\",\"url\":\"https:\/\/mobensescolar.com\/wp-content\/uploads\/2024\/12\/desk-one-fen-bl-basic.jpg\",\"contentUrl\":\"https:\/\/mobensescolar.com\/wp-content\/uploads\/2024\/12\/desk-one-fen-bl-basic.jpg\",\"width\":1067,\"height\":1020},{\"@type\":\"BreadcrumbList\",\"@id\":\"https:\/\/mobensescolar.com\/ca\/producto\/taula-escolar-desk-one\/#breadcrumb\",\"itemListElement\":[{\"@type\":\"ListItem\",\"position\":1,\"name\":\"Inici\",\"item\":\"https:\/\/mobensescolar.com\/ca\/homepage\/\"},{\"@type\":\"ListItem\",\"position\":2,\"name\":\"Botiga\",\"item\":\"https:\/\/mobensescolar.com\/ca\/botiga\/\"},{\"@type\":\"ListItem\",\"position\":3,\"name\":\"Taula escolar DESK ONE\"}]},{\"@type\":\"WebSite\",\"@id\":\"https:\/\/mobensescolar.com\/ca\/#website\",\"url\":\"https:\/\/mobensescolar.com\/ca\/\",\"name\":\"Mobens School\",\"description\":\"\",\"publisher\":{\"@id\":\"https:\/\/mobensescolar.com\/ca\/#organization\"},\"potentialAction\":[{\"@type\":\"SearchAction\",\"target\":{\"@type\":\"EntryPoint\",\"urlTemplate\":\"https:\/\/mobensescolar.com\/ca\/?s={search_term_string}\"},\"query-input\":{\"@type\":\"PropertyValueSpecification\",\"valueRequired\":true,\"valueName\":\"search_term_string\"}}],\"inLanguage\":\"ca\"},{\"@type\":\"Organization\",\"@id\":\"https:\/\/mobensescolar.com\/ca\/#organization\",\"name\":\"Mobens School\",\"url\":\"https:\/\/mobensescolar.com\/ca\/\",\"logo\":{\"@type\":\"ImageObject\",\"inLanguage\":\"ca\",\"@id\":\"https:\/\/mobensescolar.com\/ca\/#\/schema\/logo\/image\/\",\"url\":\"https:\/\/mobensescolar.com\/wp-content\/uploads\/2024\/10\/logo-mobens.webp\",\"contentUrl\":\"https:\/\/mobensescolar.com\/wp-content\/uploads\/2024\/10\/logo-mobens.webp\",\"width\":181,\"height\":181,\"caption\":\"Mobens School\"},\"image\":{\"@id\":\"https:\/\/mobensescolar.com\/ca\/#\/schema\/logo\/image\/\"},\"sameAs\":[\"https:\/\/www.instagram.com\/mobens.school\/\"]}]}<\/script>\n<!-- \/ Yoast SEO plugin. -->","yoast_head_json":{"title":"Taula escolar DESK ONE - Mobens","robots":{"index":"index","follow":"follow","max-snippet":"max-snippet:-1","max-image-preview":"max-image-preview:large","max-video-preview":"max-video-preview:-1"},"canonical":"https:\/\/mobensescolar.com\/ca\/producto\/taula-escolar-desk-one\/","og_locale":"ca_ES","og_type":"article","og_title":"Taula escolar DESK ONE - Mobens","og_description":"La Taula Escolar Louise \u00e9s una opci\u00f3 innovadora dins del mobiliari escolar, dissenyada per oferir la m\u00e0xima flexibilitat a l&#8217;aula. disseny modular permet configuracions din\u00e0miques, ideals per fomentar el treball col\u00b7laboratiu o individual. &nbsp; Caracter\u00edstiques principals: \u2705 Al\u00e7ada regulable (47-70 cm): Ajust senzill amb pist\u00f3 de gas per a m\u00e9s comoditat i ergonomia. \u2705 Estructura ... Llegiu m\u00e9s","og_url":"https:\/\/mobensescolar.com\/ca\/producto\/taula-escolar-desk-one\/","og_site_name":"Mobens","article_modified_time":"2025-05-14T12:47:14+00:00","og_image":[{"width":1067,"height":1020,"url":"https:\/\/mobensescolar.com\/wp-content\/uploads\/2024\/12\/desk-one-fen-bl-basic.jpg","type":"image\/jpeg"}],"twitter_card":"summary_large_image","twitter_misc":{"Temps estimat de lectura":"1 minut"},"schema":{"@context":"https:\/\/schema.org","@graph":[{"@type":"WebPage","@id":"https:\/\/mobensescolar.com\/ca\/producto\/taula-escolar-desk-one\/","url":"https:\/\/mobensescolar.com\/ca\/producto\/taula-escolar-desk-one\/","name":"Taula escolar DESK ONE - Mobens","isPartOf":{"@id":"https:\/\/mobensescolar.com\/ca\/#website"},"primaryImageOfPage":{"@id":"https:\/\/mobensescolar.com\/ca\/producto\/taula-escolar-desk-one\/#primaryimage"},"image":{"@id":"https:\/\/mobensescolar.com\/ca\/producto\/taula-escolar-desk-one\/#primaryimage"},"thumbnailUrl":"https:\/\/mobensescolar.com\/wp-content\/uploads\/2024\/12\/desk-one-fen-bl-basic.jpg","datePublished":"2024-12-03T09:08:19+00:00","dateModified":"2025-05-14T12:47:14+00:00","breadcrumb":{"@id":"https:\/\/mobensescolar.com\/ca\/producto\/taula-escolar-desk-one\/#breadcrumb"},"inLanguage":"ca","potentialAction":[{"@type":"ReadAction","target":["https:\/\/mobensescolar.com\/ca\/producto\/taula-escolar-desk-one\/"]}]},{"@type":"ImageObject","inLanguage":"ca","@id":"https:\/\/mobensescolar.com\/ca\/producto\/taula-escolar-desk-one\/#primaryimage","url":"https:\/\/mobensescolar.com\/wp-content\/uploads\/2024\/12\/desk-one-fen-bl-basic.jpg","contentUrl":"https:\/\/mobensescolar.com\/wp-content\/uploads\/2024\/12\/desk-one-fen-bl-basic.jpg","width":1067,"height":1020},{"@type":"BreadcrumbList","@id":"https:\/\/mobensescolar.com\/ca\/producto\/taula-escolar-desk-one\/#breadcrumb","itemListElement":[{"@type":"ListItem","position":1,"name":"Inici","item":"https:\/\/mobensescolar.com\/ca\/homepage\/"},{"@type":"ListItem","position":2,"name":"Botiga","item":"https:\/\/mobensescolar.com\/ca\/botiga\/"},{"@type":"ListItem","position":3,"name":"Taula escolar DESK ONE"}]},{"@type":"WebSite","@id":"https:\/\/mobensescolar.com\/ca\/#website","url":"https:\/\/mobensescolar.com\/ca\/","name":"Mobens School","description":"","publisher":{"@id":"https:\/\/mobensescolar.com\/ca\/#organization"},"potentialAction":[{"@type":"SearchAction","target":{"@type":"EntryPoint","urlTemplate":"https:\/\/mobensescolar.com\/ca\/?s={search_term_string}"},"query-input":{"@type":"PropertyValueSpecification","valueRequired":true,"valueName":"search_term_string"}}],"inLanguage":"ca"},{"@type":"Organization","@id":"https:\/\/mobensescolar.com\/ca\/#organization","name":"Mobens School","url":"https:\/\/mobensescolar.com\/ca\/","logo":{"@type":"ImageObject","inLanguage":"ca","@id":"https:\/\/mobensescolar.com\/ca\/#\/schema\/logo\/image\/","url":"https:\/\/mobensescolar.com\/wp-content\/uploads\/2024\/10\/logo-mobens.webp","contentUrl":"https:\/\/mobensescolar.com\/wp-content\/uploads\/2024\/10\/logo-mobens.webp","width":181,"height":181,"caption":"Mobens School"},"image":{"@id":"https:\/\/mobensescolar.com\/ca\/#\/schema\/logo\/image\/"},"sameAs":["https:\/\/www.instagram.com\/mobens.school\/"]}]}},"_links":{"self":[{"href":"https:\/\/mobensescolar.com\/ca\/wp-json\/wp\/v2\/product\/3072","targetHints":{"allow":["GET"]}}],"collection":[{"href":"https:\/\/mobensescolar.com\/ca\/wp-json\/wp\/v2\/product"}],"about":[{"href":"https:\/\/mobensescolar.com\/ca\/wp-json\/wp\/v2\/types\/product"}],"replies":[{"embeddable":true,"href":"https:\/\/mobensescolar.com\/ca\/wp-json\/wp\/v2\/comments?post=3072"}],"version-history":[{"count":2,"href":"https:\/\/mobensescolar.com\/ca\/wp-json\/wp\/v2\/product\/3072\/revisions"}],"predecessor-version":[{"id":3978,"href":"https:\/\/mobensescolar.com\/ca\/wp-json\/wp\/v2\/product\/3072\/revisions\/3978"}],"wp:featuredmedia":[{"embeddable":true,"href":"https:\/\/mobensescolar.com\/ca\/wp-json\/wp\/v2\/media\/3075"}],"wp:attachment":[{"href":"https:\/\/mobensescolar.com\/ca\/wp-json\/wp\/v2\/media?parent=3072"}],"wp:term":[{"taxonomy":"product_brand","embeddable":true,"href":"https:\/\/mobensescolar.com\/ca\/wp-json\/wp\/v2\/product_brand?post=3072"},{"taxonomy":"product_cat","embeddable":true,"href":"https:\/\/mobensescolar.com\/ca\/wp-json\/wp\/v2\/product_cat?post=3072"},{"taxonomy":"product_tag","embeddable":true,"href":"https:\/\/mobensescolar.com\/ca\/wp-json\/wp\/v2\/product_tag?post=3072"}],"curies":[{"name":"wp","href":"https:\/\/api.w.org\/{rel}","templated":true}]}}