{"id":3487,"date":"2024-12-18T12:24:20","date_gmt":"2024-12-18T11:24:20","guid":{"rendered":"http:\/\/mobensescolar.com\/?post_type=product&#038;p=3487"},"modified":"2025-05-15T09:11:13","modified_gmt":"2025-05-15T07:11:13","slug":"taquilla-institut-dot-197t","status":"publish","type":"product","link":"https:\/\/mobensescolar.com\/ca\/producto\/taquilla-institut-dot-197t\/","title":{"rendered":"Taquilla d&#8217;Institut DOT 197T"},"content":{"rendered":"<div class=\"container\">\n<div class=\"row\">\n<div class=\"col-md-6 \u00f2fset-md-3 col-xl-4 \u00f2fset-xl-4\">\n<p>La <strong>Taquilla DOT 197T<\/strong> \u00e9s una soluci\u00f3 robusta i funcional dins del mobiliari escolar, dissenyada espec\u00edficament com a <strong>taquilla escolar<\/strong> per a l&#8217;\u00fas diari a <strong>col\u00b7legis, instituts i centres educatius<\/strong>.<\/p>\n<p>Gr\u00e0cies al seu disseny vertical amb <strong>portes i pany individual<\/strong>, permet als alumnes desar de manera segura les seves pertinences, llibres i dispositius personals.<\/p>\n<p>Equipada amb <strong>potes anivelladores<\/strong>, aquesta <strong>taquilla d&#8217;institut<\/strong> garanteix estabilitat sobre qualsevol tipus de superf\u00edcie, i la seva estructura resistent est\u00e0 preparada per suportar l&#8217;\u00fas intensiu de l&#8217;entorn escolar.<\/p>\n<p><strong>Caracter\u00edstiques:<\/strong><\/p>\n<p>\u2705 <strong>Amb portes individuals i pany:<\/strong> Assegura la privadesa i protecci\u00f3 del contingut.<br \/>\n\u2705 <strong>Disseny vertical compacte:<\/strong> Ideal per a passadissos, vest\u00edbuls o zones comunes amb espai limitat.<br \/>\n\u2705 <strong>Estructura duradora:<\/strong> Fabricada amb tauler d&#8217;aglomerat d&#8217;alta densitat de 19 mm, amb acabat melam\u00ednic a doble cara.<br \/>\n\u2705 <strong>Cantejat en PVC r\u00edgid de 1,2 mm:<\/strong> Aporta m\u00e9s resist\u00e8ncia al desgast.<br \/>\n\u2705 <strong>Potes anivelladores:<\/strong> Estabilitat garantida fins i tot en s\u00f2ls irregulars.<br \/>\n\u2705 <strong>\u00das vers\u00e0til:<\/strong> Perfecta com a <strong>taquilla per a escoles<\/strong> i altres institucions educatives.<\/p>\n<p><strong>Color estructura:<\/strong><\/p>\n<p>Fusta natural.<\/p>\n<p><strong>Colors:<\/strong><\/p>\n<p>Grafit, turquesa, oliva i mostassa per adaptar-se a la imatge del centre.<\/p>\n<\/div>\n<\/div>\n<\/div>\n","protected":false},"excerpt":{"rendered":"<p>La Taquilla DOT 197T \u00e9s una soluci\u00f3 robusta i funcional dins del mobiliari escolar, dissenyada espec\u00edficament com a taquilla escolar per a l&#8217;\u00fas diari a col\u00b7legis, instituts i centres educatius. Gr\u00e0cies al seu disseny vertical amb portes i pany individual, permet als alumnes desar de manera segura les seves pertinences, llibres i dispositius personals. Equipada &#8230; <a title=\"Taquilla d&#8217;Institut DOT 197T\" class=\"read-more\" href=\"https:\/\/mobensescolar.com\/ca\/producto\/taquilla-institut-dot-197t\/\" aria-label=\"M\u00e9s informaci\u00f3 sobre Taquilla d&#8217;Institut DOT 197T\">Llegiu m\u00e9s<\/a><\/p>\n","protected":false},"featured_media":3488,"comment_status":"open","ping_status":"closed","template":"","meta":{"_acf_changed":false},"product_brand":[],"product_cat":[29],"product_tag":[],"class_list":{"0":"post-3487","1":"product","2":"type-product","3":"status-publish","4":"has-post-thumbnail","6":"product_cat-armaris","8":"first","9":"instock","10":"taxable","11":"shipping-taxable","12":"purchasable","13":"product-type-simple"},"supplier_id":null,"supplier_sku":"","barcode":null,"atum_controlled":true,"out_stock_date":null,"out_stock_threshold":null,"inheritable":false,"inbound_stock":0,"stock_on_hold":0,"sold_today":0,"sales_last_days":0,"reserved_stock":0,"customer_returns":0,"warehouse_damage":0,"lost_in_post":0,"other_logs":0,"out_stock_days":0,"lost_sales":0,"has_location":false,"update_date":"2026-04-29T00:11:24","atum_locations":[],"atum_stock_status":"instock","restock_status":false,"low_stock_amount":"","sales_update_date":"2026-04-29T00:11:24","calc_backorders":null,"acf":[],"yoast_head":"<!-- This site is optimized with the Yoast SEO plugin v24.4 - https:\/\/yoast.com\/wordpress\/plugins\/seo\/ -->\n<title>Taquilla d&#039;Institut DOT 197T - Mobens<\/title>\n<meta name=\"description\" content=\"La Taquilla DOT 197T \u00e9s una soluci\u00f3 robusta i funcional dins del mobiliari escolar, dissenyada espec\u00edficament com a taquilla escolar per a l&#039;\u00fas diari a col\u00b7legis, instituts i centres educatius.\" \/>\n<meta name=\"robots\" content=\"index, follow, max-snippet:-1, max-image-preview:large, max-video-preview:-1\" \/>\n<link rel=\"canonical\" href=\"https:\/\/mobensescolar.com\/ca\/producto\/taquilla-institut-dot-197t\/\" \/>\n<meta property=\"og:locale\" content=\"ca_ES\" \/>\n<meta property=\"og:type\" content=\"article\" \/>\n<meta property=\"og:title\" content=\"Taquilla d&#039;Institut DOT 197T - Mobens\" \/>\n<meta property=\"og:description\" content=\"La Taquilla DOT 197T \u00e9s una soluci\u00f3 robusta i funcional dins del mobiliari escolar, dissenyada espec\u00edficament com a taquilla escolar per a l&#039;\u00fas diari a col\u00b7legis, instituts i centres educatius.\" \/>\n<meta property=\"og:url\" content=\"https:\/\/mobensescolar.com\/ca\/producto\/taquilla-institut-dot-197t\/\" \/>\n<meta property=\"og:site_name\" content=\"Mobens\" \/>\n<meta property=\"article:modified_time\" content=\"2025-05-15T07:11:13+00:00\" \/>\n<meta property=\"og:image\" content=\"https:\/\/mobensescolar.com\/wp-content\/uploads\/2024\/12\/dot-197-t-bl-basic.jpg\" \/>\n\t<meta property=\"og:image:width\" content=\"1067\" \/>\n\t<meta property=\"og:image:height\" content=\"1020\" \/>\n\t<meta property=\"og:image:type\" content=\"image\/jpeg\" \/>\n<meta name=\"twitter:card\" content=\"summary_large_image\" \/>\n<meta name=\"twitter:label1\" content=\"Temps estimat de lectura\" \/>\n\t<meta name=\"twitter:data1\" content=\"2 minuts\" \/>\n<script type=\"application\/ld+json\" class=\"yoast-schema-graph\">{\"@context\":\"https:\/\/schema.org\",\"@graph\":[{\"@type\":\"WebPage\",\"@id\":\"https:\/\/mobensescolar.com\/ca\/producto\/taquilla-institut-dot-197t\/\",\"url\":\"https:\/\/mobensescolar.com\/ca\/producto\/taquilla-institut-dot-197t\/\",\"name\":\"Taquilla d'Institut DOT 197T - Mobens\",\"isPartOf\":{\"@id\":\"https:\/\/mobensescolar.com\/ca\/#website\"},\"primaryImageOfPage\":{\"@id\":\"https:\/\/mobensescolar.com\/ca\/producto\/taquilla-institut-dot-197t\/#primaryimage\"},\"image\":{\"@id\":\"https:\/\/mobensescolar.com\/ca\/producto\/taquilla-institut-dot-197t\/#primaryimage\"},\"thumbnailUrl\":\"https:\/\/mobensescolar.com\/wp-content\/uploads\/2024\/12\/dot-197-t-bl-basic.jpg\",\"datePublished\":\"2024-12-18T11:24:20+00:00\",\"dateModified\":\"2025-05-15T07:11:13+00:00\",\"description\":\"La Taquilla DOT 197T \u00e9s una soluci\u00f3 robusta i funcional dins del mobiliari escolar, dissenyada espec\u00edficament com a taquilla escolar per a l'\u00fas diari a col\u00b7legis, instituts i centres educatius.\",\"breadcrumb\":{\"@id\":\"https:\/\/mobensescolar.com\/ca\/producto\/taquilla-institut-dot-197t\/#breadcrumb\"},\"inLanguage\":\"ca\",\"potentialAction\":[{\"@type\":\"ReadAction\",\"target\":[\"https:\/\/mobensescolar.com\/ca\/producto\/taquilla-institut-dot-197t\/\"]}]},{\"@type\":\"ImageObject\",\"inLanguage\":\"ca\",\"@id\":\"https:\/\/mobensescolar.com\/ca\/producto\/taquilla-institut-dot-197t\/#primaryimage\",\"url\":\"https:\/\/mobensescolar.com\/wp-content\/uploads\/2024\/12\/dot-197-t-bl-basic.jpg\",\"contentUrl\":\"https:\/\/mobensescolar.com\/wp-content\/uploads\/2024\/12\/dot-197-t-bl-basic.jpg\",\"width\":1067,\"height\":1020},{\"@type\":\"BreadcrumbList\",\"@id\":\"https:\/\/mobensescolar.com\/ca\/producto\/taquilla-institut-dot-197t\/#breadcrumb\",\"itemListElement\":[{\"@type\":\"ListItem\",\"position\":1,\"name\":\"Inici\",\"item\":\"https:\/\/mobensescolar.com\/ca\/homepage\/\"},{\"@type\":\"ListItem\",\"position\":2,\"name\":\"Botiga\",\"item\":\"https:\/\/mobensescolar.com\/ca\/botiga\/\"},{\"@type\":\"ListItem\",\"position\":3,\"name\":\"Taquilla d&#8217;Institut DOT 197T\"}]},{\"@type\":\"WebSite\",\"@id\":\"https:\/\/mobensescolar.com\/ca\/#website\",\"url\":\"https:\/\/mobensescolar.com\/ca\/\",\"name\":\"Mobens School\",\"description\":\"\",\"publisher\":{\"@id\":\"https:\/\/mobensescolar.com\/ca\/#organization\"},\"potentialAction\":[{\"@type\":\"SearchAction\",\"target\":{\"@type\":\"EntryPoint\",\"urlTemplate\":\"https:\/\/mobensescolar.com\/ca\/?s={search_term_string}\"},\"query-input\":{\"@type\":\"PropertyValueSpecification\",\"valueRequired\":true,\"valueName\":\"search_term_string\"}}],\"inLanguage\":\"ca\"},{\"@type\":\"Organization\",\"@id\":\"https:\/\/mobensescolar.com\/ca\/#organization\",\"name\":\"Mobens School\",\"url\":\"https:\/\/mobensescolar.com\/ca\/\",\"logo\":{\"@type\":\"ImageObject\",\"inLanguage\":\"ca\",\"@id\":\"https:\/\/mobensescolar.com\/ca\/#\/schema\/logo\/image\/\",\"url\":\"https:\/\/mobensescolar.com\/wp-content\/uploads\/2024\/10\/logo-mobens.webp\",\"contentUrl\":\"https:\/\/mobensescolar.com\/wp-content\/uploads\/2024\/10\/logo-mobens.webp\",\"width\":181,\"height\":181,\"caption\":\"Mobens School\"},\"image\":{\"@id\":\"https:\/\/mobensescolar.com\/ca\/#\/schema\/logo\/image\/\"},\"sameAs\":[\"https:\/\/www.instagram.com\/mobens.school\/\"]}]}<\/script>\n<!-- \/ Yoast SEO plugin. -->","yoast_head_json":{"title":"Taquilla d'Institut DOT 197T - Mobens","description":"La Taquilla DOT 197T \u00e9s una soluci\u00f3 robusta i funcional dins del mobiliari escolar, dissenyada espec\u00edficament com a taquilla escolar per a l'\u00fas diari a col\u00b7legis, instituts i centres educatius.","robots":{"index":"index","follow":"follow","max-snippet":"max-snippet:-1","max-image-preview":"max-image-preview:large","max-video-preview":"max-video-preview:-1"},"canonical":"https:\/\/mobensescolar.com\/ca\/producto\/taquilla-institut-dot-197t\/","og_locale":"ca_ES","og_type":"article","og_title":"Taquilla d'Institut DOT 197T - Mobens","og_description":"La Taquilla DOT 197T \u00e9s una soluci\u00f3 robusta i funcional dins del mobiliari escolar, dissenyada espec\u00edficament com a taquilla escolar per a l'\u00fas diari a col\u00b7legis, instituts i centres educatius.","og_url":"https:\/\/mobensescolar.com\/ca\/producto\/taquilla-institut-dot-197t\/","og_site_name":"Mobens","article_modified_time":"2025-05-15T07:11:13+00:00","og_image":[{"width":1067,"height":1020,"url":"https:\/\/mobensescolar.com\/wp-content\/uploads\/2024\/12\/dot-197-t-bl-basic.jpg","type":"image\/jpeg"}],"twitter_card":"summary_large_image","twitter_misc":{"Temps estimat de lectura":"2 minuts"},"schema":{"@context":"https:\/\/schema.org","@graph":[{"@type":"WebPage","@id":"https:\/\/mobensescolar.com\/ca\/producto\/taquilla-institut-dot-197t\/","url":"https:\/\/mobensescolar.com\/ca\/producto\/taquilla-institut-dot-197t\/","name":"Taquilla d'Institut DOT 197T - Mobens","isPartOf":{"@id":"https:\/\/mobensescolar.com\/ca\/#website"},"primaryImageOfPage":{"@id":"https:\/\/mobensescolar.com\/ca\/producto\/taquilla-institut-dot-197t\/#primaryimage"},"image":{"@id":"https:\/\/mobensescolar.com\/ca\/producto\/taquilla-institut-dot-197t\/#primaryimage"},"thumbnailUrl":"https:\/\/mobensescolar.com\/wp-content\/uploads\/2024\/12\/dot-197-t-bl-basic.jpg","datePublished":"2024-12-18T11:24:20+00:00","dateModified":"2025-05-15T07:11:13+00:00","description":"La Taquilla DOT 197T \u00e9s una soluci\u00f3 robusta i funcional dins del mobiliari escolar, dissenyada espec\u00edficament com a taquilla escolar per a l'\u00fas diari a col\u00b7legis, instituts i centres educatius.","breadcrumb":{"@id":"https:\/\/mobensescolar.com\/ca\/producto\/taquilla-institut-dot-197t\/#breadcrumb"},"inLanguage":"ca","potentialAction":[{"@type":"ReadAction","target":["https:\/\/mobensescolar.com\/ca\/producto\/taquilla-institut-dot-197t\/"]}]},{"@type":"ImageObject","inLanguage":"ca","@id":"https:\/\/mobensescolar.com\/ca\/producto\/taquilla-institut-dot-197t\/#primaryimage","url":"https:\/\/mobensescolar.com\/wp-content\/uploads\/2024\/12\/dot-197-t-bl-basic.jpg","contentUrl":"https:\/\/mobensescolar.com\/wp-content\/uploads\/2024\/12\/dot-197-t-bl-basic.jpg","width":1067,"height":1020},{"@type":"BreadcrumbList","@id":"https:\/\/mobensescolar.com\/ca\/producto\/taquilla-institut-dot-197t\/#breadcrumb","itemListElement":[{"@type":"ListItem","position":1,"name":"Inici","item":"https:\/\/mobensescolar.com\/ca\/homepage\/"},{"@type":"ListItem","position":2,"name":"Botiga","item":"https:\/\/mobensescolar.com\/ca\/botiga\/"},{"@type":"ListItem","position":3,"name":"Taquilla d&#8217;Institut DOT 197T"}]},{"@type":"WebSite","@id":"https:\/\/mobensescolar.com\/ca\/#website","url":"https:\/\/mobensescolar.com\/ca\/","name":"Mobens School","description":"","publisher":{"@id":"https:\/\/mobensescolar.com\/ca\/#organization"},"potentialAction":[{"@type":"SearchAction","target":{"@type":"EntryPoint","urlTemplate":"https:\/\/mobensescolar.com\/ca\/?s={search_term_string}"},"query-input":{"@type":"PropertyValueSpecification","valueRequired":true,"valueName":"search_term_string"}}],"inLanguage":"ca"},{"@type":"Organization","@id":"https:\/\/mobensescolar.com\/ca\/#organization","name":"Mobens School","url":"https:\/\/mobensescolar.com\/ca\/","logo":{"@type":"ImageObject","inLanguage":"ca","@id":"https:\/\/mobensescolar.com\/ca\/#\/schema\/logo\/image\/","url":"https:\/\/mobensescolar.com\/wp-content\/uploads\/2024\/10\/logo-mobens.webp","contentUrl":"https:\/\/mobensescolar.com\/wp-content\/uploads\/2024\/10\/logo-mobens.webp","width":181,"height":181,"caption":"Mobens School"},"image":{"@id":"https:\/\/mobensescolar.com\/ca\/#\/schema\/logo\/image\/"},"sameAs":["https:\/\/www.instagram.com\/mobens.school\/"]}]}},"_links":{"self":[{"href":"https:\/\/mobensescolar.com\/ca\/wp-json\/wp\/v2\/product\/3487","targetHints":{"allow":["GET"]}}],"collection":[{"href":"https:\/\/mobensescolar.com\/ca\/wp-json\/wp\/v2\/product"}],"about":[{"href":"https:\/\/mobensescolar.com\/ca\/wp-json\/wp\/v2\/types\/product"}],"replies":[{"embeddable":true,"href":"https:\/\/mobensescolar.com\/ca\/wp-json\/wp\/v2\/comments?post=3487"}],"version-history":[{"count":1,"href":"https:\/\/mobensescolar.com\/ca\/wp-json\/wp\/v2\/product\/3487\/revisions"}],"predecessor-version":[{"id":4188,"href":"https:\/\/mobensescolar.com\/ca\/wp-json\/wp\/v2\/product\/3487\/revisions\/4188"}],"wp:featuredmedia":[{"embeddable":true,"href":"https:\/\/mobensescolar.com\/ca\/wp-json\/wp\/v2\/media\/3488"}],"wp:attachment":[{"href":"https:\/\/mobensescolar.com\/ca\/wp-json\/wp\/v2\/media?parent=3487"}],"wp:term":[{"taxonomy":"product_brand","embeddable":true,"href":"https:\/\/mobensescolar.com\/ca\/wp-json\/wp\/v2\/product_brand?post=3487"},{"taxonomy":"product_cat","embeddable":true,"href":"https:\/\/mobensescolar.com\/ca\/wp-json\/wp\/v2\/product_cat?post=3487"},{"taxonomy":"product_tag","embeddable":true,"href":"https:\/\/mobensescolar.com\/ca\/wp-json\/wp\/v2\/product_tag?post=3487"}],"curies":[{"name":"wp","href":"https:\/\/api.w.org\/{rel}","templated":true}]}}