{"id":1467,"date":"2024-10-16T22:56:06","date_gmt":"2024-10-16T20:56:06","guid":{"rendered":"http:\/\/mobensescolar.com\/producte\/charlotte\/"},"modified":"2025-06-03T08:42:20","modified_gmt":"2025-06-03T06:42:20","slug":"butaca-escolar-charlotte","status":"publish","type":"product","link":"https:\/\/mobensescolar.com\/es\/producto\/butaca-escolar-charlotte\/","title":{"rendered":"Butaca Escolar Charlotte"},"content":{"rendered":"<article class=\"text-token-text-primary w-full\" dir=\"auto\" data-testid=\"conversation-turn-26\" data-scroll-anchor=\"true\">\n<div class=\"text-base my-auto mx-auto py-5 [--thread-content-margin:--spacing(4)] @[37rem]:[--thread-content-margin:--spacing(6)] @[72rem]:[--thread-content-margin:--spacing(16)] px-(--thread-content-margin)\">\n<div class=\"[--thread-content-max-width:32rem] @[34rem]:[--thread-content-max-width:40rem] @[64rem]:[--thread-content-max-width:48rem] mx-auto flex max-w-(--thread-content-max-width) flex-1 text-base gap-4 md:gap-5 lg:gap-6 group\/turn-messages focus-visible:outline-hidden\" tabindex=\"-1\">\n<div class=\"group\/conversation-turn relative flex w-full min-w-0 flex-col agent-turn\">\n<div class=\"relative flex-col gap-1 md:gap-3\">\n<div class=\"flex max-w-full flex-col grow\">\n<div class=\"min-h-8 text-message relative flex w-full flex-col items-end gap-2 text-start break-words whitespace-normal [.text-message+&amp;]:mt-5\" dir=\"auto\" data-message-author-role=\"assistant\" data-message-id=\"2dc66483-0800-4f09-a36f-e218a4e3dff7\" data-message-model-slug=\"gpt-4o\">\n<div class=\"flex w-full flex-col gap-1 empty:hidden first:pt-[3px]\">\n<div class=\"markdown prose dark:prose-invert w-full break-words light\">\n<p>La <strong>Butaca Escolar Charlotte<\/strong> es el mobiliario escolar ideal para equipar aulas modernas que promueven el aprendizaje colaborativo y para crear espacios de lectura.<\/p>\n<p>Dise\u00f1ada para ofrecer comodidad y funcionalidad, esta butaca giratoria de respaldo alto se adapta perfectamente a diversos entornos educativos, como guarder\u00edas, colegios, bibliotecas y salas de formaci\u00f3n. Su estructura robusta y materiales de alta calidad garantizan durabilidad y confort en el uso diario.<\/p>\n<p><strong>Caracter\u00edsticas<\/strong><\/p>\n<ul>\n<li><strong>Dise\u00f1o ergon\u00f3mico<\/strong>: Respaldo alto y asiento amplio para mayor comodidad durante largas sesiones.<\/li>\n<li><strong>Tapizado en poli-piel PVC<\/strong>: F\u00e1cil de limpiar y mantener, ideal para entornos escolares.<\/li>\n<li><strong>Estructura interior met\u00e1lica<\/strong>: Proporciona resistencia y estabilidad.<\/li>\n<li><strong>Espuma de alta densidad<\/strong>: Ofrece un asiento confortable con r\u00e1pida recuperaci\u00f3n de forma.<\/li>\n<li><strong>Base giratoria en forma de estrella<\/strong>: Facilita la movilidad y el acceso desde diferentes \u00e1ngulos.<\/li>\n<li><strong>Retardante al fuego<\/strong>: Cumple con las normativas de seguridad en espacios p\u00fablicos.<\/li>\n<li><strong>Montaje sencillo<\/strong>: Dise\u00f1ada para una instalaci\u00f3n r\u00e1pida y sin complicaciones.<\/li>\n<li><strong>Calidad certificada<\/strong>: Producto sometido a rigurosos controles de calidad para garantizar su durabilidad.<\/li>\n<\/ul>\n<\/div>\n<\/div>\n<\/div>\n<\/div>\n<div class=\"flex min-h-[46px] justify-start\">\n<div class=\"touch:-me-2 touch:-ms-3.5 -ms-2.5 -me-1 flex w-full items-center p-1 select-none -mt-1 duration-[1.5s] focus-within:transition-none hover:transition-none pointer-events-none [mask-image:linear-gradient(to_right,black_33%,transparent_66%)] [mask-size:300%_100%] [mask-position:100%_0%] motion-safe:transition-[mask-position] group-hover\/turn-messages:pointer-events-auto group-hover\/turn-messages:[mask-position:0_0] group-focus-within\/turn-messages:pointer-events-auto group-focus-within\/turn-messages:[mask-position:0_0] has-data-[state=open]:pointer-events-auto has-data-[state=open]:[mask-position:0_0]\">\n<div class=\"flex items-center\"><\/div>\n<\/div>\n<\/div>\n<div class=\"mt-3 w-full empty:hidden\">\n<div class=\"text-center\"><\/div>\n<\/div>\n<\/div>\n<div class=\"absolute\">\n<div class=\"flex items-center justify-center\"><\/div>\n<\/div>\n<\/div>\n<\/div>\n<\/div>\n<\/article>\n<div class=\"pointer-events-none h-px w-px\" aria-hidden=\"true\" data-edge=\"true\"><\/div>\n","protected":false},"excerpt":{"rendered":"<p>La Butaca Escolar Charlotte es el mobiliario escolar ideal para equipar aulas modernas que promueven el aprendizaje colaborativo y para crear espacios de lectura. Dise\u00f1ada para ofrecer comodidad y funcionalidad, esta butaca giratoria de respaldo alto se adapta perfectamente a diversos entornos educativos, como guarder\u00edas, colegios, bibliotecas y salas de formaci\u00f3n. Su estructura robusta y &#8230; <a title=\"Butaca Escolar Charlotte\" class=\"read-more\" href=\"https:\/\/mobensescolar.com\/es\/producto\/butaca-escolar-charlotte\/\" aria-label=\"Leer m\u00e1s sobre Butaca Escolar Charlotte\">Leer m\u00e1s<\/a><\/p>\n","protected":false},"featured_media":1466,"comment_status":"closed","ping_status":"closed","template":"","meta":{"_acf_changed":false},"product_brand":[],"product_cat":[40],"product_tag":[],"class_list":{"0":"post-1467","1":"product","2":"type-product","3":"status-publish","4":"has-post-thumbnail","6":"product_cat-soft-seating-es","8":"first","9":"instock","10":"taxable","11":"shipping-taxable","12":"purchasable","13":"product-type-simple"},"supplier_id":null,"supplier_sku":"","barcode":null,"atum_controlled":true,"out_stock_date":null,"out_stock_threshold":null,"inheritable":false,"inbound_stock":0,"stock_on_hold":0,"sold_today":0,"sales_last_days":0,"reserved_stock":0,"customer_returns":0,"warehouse_damage":0,"lost_in_post":0,"other_logs":0,"out_stock_days":0,"lost_sales":0,"has_location":false,"update_date":"2026-04-29T00:11:30","atum_locations":[],"atum_stock_status":"instock","restock_status":false,"low_stock_amount":"","sales_update_date":"2026-04-29T00:11:30","calc_backorders":null,"acf":[],"yoast_head":"<!-- This site is optimized with the Yoast SEO plugin v24.4 - https:\/\/yoast.com\/wordpress\/plugins\/seo\/ -->\n<title>Butaca Escolar Charlotte - Mobens Escolar<\/title>\n<meta name=\"description\" content=\"La Butaca Escolar Charlotte \u00e9s el mobiliari escolar ideal per equipar aules modernes que promouen l\u2019aprenentatge col\u00b7laboratiu i per crear espais de lectura.La Butaca Escolar Charlotte es el mobiliario escolar ideal para equipar aulas modernas que promueven el aprendizaje colaborativo y para crear espacios de lectura.\" \/>\n<meta name=\"robots\" content=\"index, follow, max-snippet:-1, max-image-preview:large, max-video-preview:-1\" \/>\n<link rel=\"canonical\" href=\"https:\/\/mobensescolar.com\/es\/producto\/butaca-escolar-charlotte\/\" \/>\n<meta property=\"og:locale\" content=\"es_ES\" \/>\n<meta property=\"og:type\" content=\"article\" \/>\n<meta property=\"og:title\" content=\"Butaca Escolar Charlotte - Mobens Escolar\" \/>\n<meta property=\"og:description\" content=\"La Butaca Escolar Charlotte \u00e9s el mobiliari escolar ideal per equipar aules modernes que promouen l\u2019aprenentatge col\u00b7laboratiu i per crear espais de lectura.La Butaca Escolar Charlotte es el mobiliario escolar ideal para equipar aulas modernas que promueven el aprendizaje colaborativo y para crear espacios de lectura.\" \/>\n<meta property=\"og:url\" content=\"https:\/\/mobensescolar.com\/es\/producto\/butaca-escolar-charlotte\/\" \/>\n<meta property=\"og:site_name\" content=\"Mobens Escolar\" \/>\n<meta property=\"article:modified_time\" content=\"2025-06-03T06:42:20+00:00\" \/>\n<meta property=\"og:image\" content=\"https:\/\/mobensescolar.com\/wp-content\/uploads\/2024\/10\/charlotte1952x1000.webp\" \/>\n\t<meta property=\"og:image:width\" content=\"1000\" \/>\n\t<meta property=\"og:image:height\" content=\"1000\" \/>\n\t<meta property=\"og:image:type\" content=\"image\/webp\" \/>\n<meta name=\"twitter:card\" content=\"summary_large_image\" \/>\n<meta name=\"twitter:label1\" content=\"Tiempo de lectura\" \/>\n\t<meta name=\"twitter:data1\" content=\"2 minutos\" \/>\n<script type=\"application\/ld+json\" class=\"yoast-schema-graph\">{\"@context\":\"https:\/\/schema.org\",\"@graph\":[{\"@type\":\"WebPage\",\"@id\":\"https:\/\/mobensescolar.com\/es\/producto\/butaca-escolar-charlotte\/\",\"url\":\"https:\/\/mobensescolar.com\/es\/producto\/butaca-escolar-charlotte\/\",\"name\":\"Butaca Escolar Charlotte - Mobens Escolar\",\"isPartOf\":{\"@id\":\"https:\/\/mobensescolar.com\/es\/#website\"},\"primaryImageOfPage\":{\"@id\":\"https:\/\/mobensescolar.com\/es\/producto\/butaca-escolar-charlotte\/#primaryimage\"},\"image\":{\"@id\":\"https:\/\/mobensescolar.com\/es\/producto\/butaca-escolar-charlotte\/#primaryimage\"},\"thumbnailUrl\":\"https:\/\/mobensescolar.com\/wp-content\/uploads\/2024\/10\/charlotte1952x1000.webp\",\"datePublished\":\"2024-10-16T20:56:06+00:00\",\"dateModified\":\"2025-06-03T06:42:20+00:00\",\"description\":\"La Butaca Escolar Charlotte \u00e9s el mobiliari escolar ideal per equipar aules modernes que promouen l\u2019aprenentatge col\u00b7laboratiu i per crear espais de lectura.La Butaca Escolar Charlotte es el mobiliario escolar ideal para equipar aulas modernas que promueven el aprendizaje colaborativo y para crear espacios de lectura.\",\"breadcrumb\":{\"@id\":\"https:\/\/mobensescolar.com\/es\/producto\/butaca-escolar-charlotte\/#breadcrumb\"},\"inLanguage\":\"es\",\"potentialAction\":[{\"@type\":\"ReadAction\",\"target\":[\"https:\/\/mobensescolar.com\/es\/producto\/butaca-escolar-charlotte\/\"]}]},{\"@type\":\"ImageObject\",\"inLanguage\":\"es\",\"@id\":\"https:\/\/mobensescolar.com\/es\/producto\/butaca-escolar-charlotte\/#primaryimage\",\"url\":\"https:\/\/mobensescolar.com\/wp-content\/uploads\/2024\/10\/charlotte1952x1000.webp\",\"contentUrl\":\"https:\/\/mobensescolar.com\/wp-content\/uploads\/2024\/10\/charlotte1952x1000.webp\",\"width\":1000,\"height\":1000},{\"@type\":\"BreadcrumbList\",\"@id\":\"https:\/\/mobensescolar.com\/es\/producto\/butaca-escolar-charlotte\/#breadcrumb\",\"itemListElement\":[{\"@type\":\"ListItem\",\"position\":1,\"name\":\"Inici\",\"item\":\"https:\/\/mobensescolar.com\/es\/mobens-school\/\"},{\"@type\":\"ListItem\",\"position\":2,\"name\":\"Tienda\",\"item\":\"https:\/\/mobensescolar.com\/es\/tienda\/\"},{\"@type\":\"ListItem\",\"position\":3,\"name\":\"Butaca Escolar Charlotte\"}]},{\"@type\":\"WebSite\",\"@id\":\"https:\/\/mobensescolar.com\/es\/#website\",\"url\":\"https:\/\/mobensescolar.com\/es\/\",\"name\":\"Mobens School\",\"description\":\"\",\"publisher\":{\"@id\":\"https:\/\/mobensescolar.com\/es\/#organization\"},\"potentialAction\":[{\"@type\":\"SearchAction\",\"target\":{\"@type\":\"EntryPoint\",\"urlTemplate\":\"https:\/\/mobensescolar.com\/es\/?s={search_term_string}\"},\"query-input\":{\"@type\":\"PropertyValueSpecification\",\"valueRequired\":true,\"valueName\":\"search_term_string\"}}],\"inLanguage\":\"es\"},{\"@type\":\"Organization\",\"@id\":\"https:\/\/mobensescolar.com\/es\/#organization\",\"name\":\"Mobens School\",\"url\":\"https:\/\/mobensescolar.com\/es\/\",\"logo\":{\"@type\":\"ImageObject\",\"inLanguage\":\"es\",\"@id\":\"https:\/\/mobensescolar.com\/es\/#\/schema\/logo\/image\/\",\"url\":\"https:\/\/mobensescolar.com\/wp-content\/uploads\/2024\/10\/logo-mobens.webp\",\"contentUrl\":\"https:\/\/mobensescolar.com\/wp-content\/uploads\/2024\/10\/logo-mobens.webp\",\"width\":181,\"height\":181,\"caption\":\"Mobens School\"},\"image\":{\"@id\":\"https:\/\/mobensescolar.com\/es\/#\/schema\/logo\/image\/\"},\"sameAs\":[\"https:\/\/www.instagram.com\/mobens.school\/\"]}]}<\/script>\n<!-- \/ Yoast SEO plugin. -->","yoast_head_json":{"title":"Butaca Escolar Charlotte - Mobens Escolar","description":"La Butaca Escolar Charlotte \u00e9s el mobiliari escolar ideal per equipar aules modernes que promouen l\u2019aprenentatge col\u00b7laboratiu i per crear espais de lectura.La Butaca Escolar Charlotte es el mobiliario escolar ideal para equipar aulas modernas que promueven el aprendizaje colaborativo y para crear espacios de lectura.","robots":{"index":"index","follow":"follow","max-snippet":"max-snippet:-1","max-image-preview":"max-image-preview:large","max-video-preview":"max-video-preview:-1"},"canonical":"https:\/\/mobensescolar.com\/es\/producto\/butaca-escolar-charlotte\/","og_locale":"es_ES","og_type":"article","og_title":"Butaca Escolar Charlotte - Mobens Escolar","og_description":"La Butaca Escolar Charlotte \u00e9s el mobiliari escolar ideal per equipar aules modernes que promouen l\u2019aprenentatge col\u00b7laboratiu i per crear espais de lectura.La Butaca Escolar Charlotte es el mobiliario escolar ideal para equipar aulas modernas que promueven el aprendizaje colaborativo y para crear espacios de lectura.","og_url":"https:\/\/mobensescolar.com\/es\/producto\/butaca-escolar-charlotte\/","og_site_name":"Mobens Escolar","article_modified_time":"2025-06-03T06:42:20+00:00","og_image":[{"width":1000,"height":1000,"url":"https:\/\/mobensescolar.com\/wp-content\/uploads\/2024\/10\/charlotte1952x1000.webp","type":"image\/webp"}],"twitter_card":"summary_large_image","twitter_misc":{"Tiempo de lectura":"2 minutos"},"schema":{"@context":"https:\/\/schema.org","@graph":[{"@type":"WebPage","@id":"https:\/\/mobensescolar.com\/es\/producto\/butaca-escolar-charlotte\/","url":"https:\/\/mobensescolar.com\/es\/producto\/butaca-escolar-charlotte\/","name":"Butaca Escolar Charlotte - Mobens Escolar","isPartOf":{"@id":"https:\/\/mobensescolar.com\/es\/#website"},"primaryImageOfPage":{"@id":"https:\/\/mobensescolar.com\/es\/producto\/butaca-escolar-charlotte\/#primaryimage"},"image":{"@id":"https:\/\/mobensescolar.com\/es\/producto\/butaca-escolar-charlotte\/#primaryimage"},"thumbnailUrl":"https:\/\/mobensescolar.com\/wp-content\/uploads\/2024\/10\/charlotte1952x1000.webp","datePublished":"2024-10-16T20:56:06+00:00","dateModified":"2025-06-03T06:42:20+00:00","description":"La Butaca Escolar Charlotte \u00e9s el mobiliari escolar ideal per equipar aules modernes que promouen l\u2019aprenentatge col\u00b7laboratiu i per crear espais de lectura.La Butaca Escolar Charlotte es el mobiliario escolar ideal para equipar aulas modernas que promueven el aprendizaje colaborativo y para crear espacios de lectura.","breadcrumb":{"@id":"https:\/\/mobensescolar.com\/es\/producto\/butaca-escolar-charlotte\/#breadcrumb"},"inLanguage":"es","potentialAction":[{"@type":"ReadAction","target":["https:\/\/mobensescolar.com\/es\/producto\/butaca-escolar-charlotte\/"]}]},{"@type":"ImageObject","inLanguage":"es","@id":"https:\/\/mobensescolar.com\/es\/producto\/butaca-escolar-charlotte\/#primaryimage","url":"https:\/\/mobensescolar.com\/wp-content\/uploads\/2024\/10\/charlotte1952x1000.webp","contentUrl":"https:\/\/mobensescolar.com\/wp-content\/uploads\/2024\/10\/charlotte1952x1000.webp","width":1000,"height":1000},{"@type":"BreadcrumbList","@id":"https:\/\/mobensescolar.com\/es\/producto\/butaca-escolar-charlotte\/#breadcrumb","itemListElement":[{"@type":"ListItem","position":1,"name":"Inici","item":"https:\/\/mobensescolar.com\/es\/mobens-school\/"},{"@type":"ListItem","position":2,"name":"Tienda","item":"https:\/\/mobensescolar.com\/es\/tienda\/"},{"@type":"ListItem","position":3,"name":"Butaca Escolar Charlotte"}]},{"@type":"WebSite","@id":"https:\/\/mobensescolar.com\/es\/#website","url":"https:\/\/mobensescolar.com\/es\/","name":"Mobens School","description":"","publisher":{"@id":"https:\/\/mobensescolar.com\/es\/#organization"},"potentialAction":[{"@type":"SearchAction","target":{"@type":"EntryPoint","urlTemplate":"https:\/\/mobensescolar.com\/es\/?s={search_term_string}"},"query-input":{"@type":"PropertyValueSpecification","valueRequired":true,"valueName":"search_term_string"}}],"inLanguage":"es"},{"@type":"Organization","@id":"https:\/\/mobensescolar.com\/es\/#organization","name":"Mobens School","url":"https:\/\/mobensescolar.com\/es\/","logo":{"@type":"ImageObject","inLanguage":"es","@id":"https:\/\/mobensescolar.com\/es\/#\/schema\/logo\/image\/","url":"https:\/\/mobensescolar.com\/wp-content\/uploads\/2024\/10\/logo-mobens.webp","contentUrl":"https:\/\/mobensescolar.com\/wp-content\/uploads\/2024\/10\/logo-mobens.webp","width":181,"height":181,"caption":"Mobens School"},"image":{"@id":"https:\/\/mobensescolar.com\/es\/#\/schema\/logo\/image\/"},"sameAs":["https:\/\/www.instagram.com\/mobens.school\/"]}]}},"_links":{"self":[{"href":"https:\/\/mobensescolar.com\/es\/wp-json\/wp\/v2\/product\/1467","targetHints":{"allow":["GET"]}}],"collection":[{"href":"https:\/\/mobensescolar.com\/es\/wp-json\/wp\/v2\/product"}],"about":[{"href":"https:\/\/mobensescolar.com\/es\/wp-json\/wp\/v2\/types\/product"}],"replies":[{"embeddable":true,"href":"https:\/\/mobensescolar.com\/es\/wp-json\/wp\/v2\/comments?post=1467"}],"version-history":[{"count":1,"href":"https:\/\/mobensescolar.com\/es\/wp-json\/wp\/v2\/product\/1467\/revisions"}],"predecessor-version":[{"id":4223,"href":"https:\/\/mobensescolar.com\/es\/wp-json\/wp\/v2\/product\/1467\/revisions\/4223"}],"wp:featuredmedia":[{"embeddable":true,"href":"https:\/\/mobensescolar.com\/es\/wp-json\/wp\/v2\/media\/1466"}],"wp:attachment":[{"href":"https:\/\/mobensescolar.com\/es\/wp-json\/wp\/v2\/media?parent=1467"}],"wp:term":[{"taxonomy":"product_brand","embeddable":true,"href":"https:\/\/mobensescolar.com\/es\/wp-json\/wp\/v2\/product_brand?post=1467"},{"taxonomy":"product_cat","embeddable":true,"href":"https:\/\/mobensescolar.com\/es\/wp-json\/wp\/v2\/product_cat?post=1467"},{"taxonomy":"product_tag","embeddable":true,"href":"https:\/\/mobensescolar.com\/es\/wp-json\/wp\/v2\/product_tag?post=1467"}],"curies":[{"name":"wp","href":"https:\/\/api.w.org\/{rel}","templated":true}]}}