{"id":3848,"date":"2024-11-20T12:24:05","date_gmt":"2024-11-20T11:24:05","guid":{"rendered":"https:\/\/mobensescolar.com\/producto\/slim\/"},"modified":"2025-02-20T15:11:18","modified_gmt":"2025-02-20T14:11:18","slug":"silla-escolar-slim","status":"publish","type":"product","link":"https:\/\/mobensescolar.com\/es\/producto\/silla-escolar-slim\/","title":{"rendered":"Silla escolar SLIM"},"content":{"rendered":"<p>La <strong>silla de colegio <\/strong>Slim es la opci\u00f3n ideal dentro del <strong>mobiliario escolar<\/strong>. Combina un dise\u00f1o minimalista, ligero y vers\u00e1til con la resistencia necesaria para un uso prolongado en entornos educativos. Su estructura met\u00e1lica soldada garantiza durabilidad, mientras que su dise\u00f1o sin aristas vivas proporciona seguridad en el aula.<\/p>\n<p>Perfecta como <strong>silla de colegios<\/strong>, <strong>silla de instituto<\/strong>, <strong>silla de escuelas<\/strong> y <strong>silla para academias<\/strong>, la Slim se adapta tanto a metodolog\u00edas de ense\u00f1anza tradicionales como colaborativas. Adem\u00e1s, su amplia gama de alegres colores permite crear espacios modernos y acogedores.<\/p>\n<p>La <strong>silla escolar<\/strong> Slim es una apuesta moderna y funcional dentro del <strong>mobiliario escolar<\/strong>, ofreciendo comodidad, resistencia y un dise\u00f1o que se adapta a cualquier entorno educativo.<\/p>\n<p>&nbsp;<\/p>\n<p>\u2705 Apilable, facilitando el almacenamiento.<\/p>\n<p>\u2705 Estructura met\u00e1lica soldada para mayor resistencia.<\/p>\n<p>\u2705 Disponible en tres tallas, adaptadas a diferentes niveles educativos:<\/p>\n<p>T6: Para alumnos de secundaria y estudios superiores (+11 a\u00f1os).<\/p>\n<p>T5: Para alumnos de primaria de 8 a 11 a\u00f1os.<\/p>\n<p>T4: Para alumnos de primaria de 6 a 8 a\u00f1os.<\/p>\n<p>&nbsp;<\/p>\n","protected":false},"excerpt":{"rendered":"<p>La silla de colegio Slim es la opci\u00f3n ideal dentro del mobiliario escolar. Combina un dise\u00f1o minimalista, ligero y vers\u00e1til con la resistencia necesaria para un uso prolongado en entornos educativos. Su estructura met\u00e1lica soldada garantiza durabilidad, mientras que su dise\u00f1o sin aristas vivas proporciona seguridad en el aula. Perfecta como silla de colegios, silla &#8230; <a title=\"Silla escolar SLIM\" class=\"read-more\" href=\"https:\/\/mobensescolar.com\/es\/producto\/silla-escolar-slim\/\" aria-label=\"Leer m\u00e1s sobre Silla escolar SLIM\">Leer m\u00e1s<\/a><\/p>\n","protected":false},"featured_media":2883,"comment_status":"open","ping_status":"closed","template":"","meta":{"_acf_changed":false},"product_brand":[],"product_cat":[47],"product_tag":[],"class_list":{"0":"post-3848","1":"product","2":"type-product","3":"status-publish","4":"has-post-thumbnail","6":"product_cat-sillas-escolares","8":"first","9":"instock","10":"taxable","11":"shipping-taxable","12":"purchasable","13":"product-type-simple"},"supplier_id":null,"supplier_sku":"","barcode":null,"atum_controlled":true,"out_stock_date":null,"out_stock_threshold":null,"inheritable":false,"inbound_stock":0,"stock_on_hold":0,"sold_today":0,"sales_last_days":0,"reserved_stock":0,"customer_returns":0,"warehouse_damage":0,"lost_in_post":0,"other_logs":0,"out_stock_days":0,"lost_sales":0,"has_location":false,"update_date":"2026-04-29T00:11:26","atum_locations":[],"atum_stock_status":"instock","restock_status":false,"low_stock_amount":"","sales_update_date":"2026-04-29T00:11:26","calc_backorders":null,"acf":[],"yoast_head":"<!-- This site is optimized with the Yoast SEO plugin v24.4 - https:\/\/yoast.com\/wordpress\/plugins\/seo\/ -->\n<title>Silla escolar SLIM - Mobens Escolar<\/title>\n<meta name=\"description\" content=\"La silla de colegio Slim es la opci\u00f3n ideal dentro del mobiliario escolar. Combina un dise\u00f1o minimalista, ligero y vers\u00e1til con la resistencia necesaria para un uso prolongado en entornos educativos.\" \/>\n<meta name=\"robots\" content=\"index, follow, max-snippet:-1, max-image-preview:large, max-video-preview:-1\" \/>\n<link rel=\"canonical\" href=\"https:\/\/mobensescolar.com\/es\/producto\/silla-escolar-slim\/\" \/>\n<meta property=\"og:locale\" content=\"es_ES\" \/>\n<meta property=\"og:type\" content=\"article\" \/>\n<meta property=\"og:title\" content=\"Silla escolar SLIM - Mobens Escolar\" \/>\n<meta property=\"og:description\" content=\"La silla de colegio Slim es la opci\u00f3n ideal dentro del mobiliario escolar. Combina un dise\u00f1o minimalista, ligero y vers\u00e1til con la resistencia necesaria para un uso prolongado en entornos educativos.\" \/>\n<meta property=\"og:url\" content=\"https:\/\/mobensescolar.com\/es\/producto\/silla-escolar-slim\/\" \/>\n<meta property=\"og:site_name\" content=\"Mobens Escolar\" \/>\n<meta property=\"article:modified_time\" content=\"2025-02-20T14:11:18+00:00\" \/>\n<meta property=\"og:image\" content=\"https:\/\/mobensescolar.com\/wp-content\/uploads\/2024\/11\/slim-ol.jpg\" \/>\n\t<meta property=\"og:image:width\" content=\"1067\" \/>\n\t<meta property=\"og:image:height\" content=\"1020\" \/>\n\t<meta property=\"og:image:type\" content=\"image\/jpeg\" \/>\n<meta name=\"twitter:card\" content=\"summary_large_image\" \/>\n<meta name=\"twitter:label1\" content=\"Tiempo de lectura\" \/>\n\t<meta name=\"twitter:data1\" content=\"2 minutos\" \/>\n<script type=\"application\/ld+json\" class=\"yoast-schema-graph\">{\"@context\":\"https:\/\/schema.org\",\"@graph\":[{\"@type\":\"WebPage\",\"@id\":\"https:\/\/mobensescolar.com\/es\/producto\/silla-escolar-slim\/\",\"url\":\"https:\/\/mobensescolar.com\/es\/producto\/silla-escolar-slim\/\",\"name\":\"Silla escolar SLIM - Mobens Escolar\",\"isPartOf\":{\"@id\":\"https:\/\/mobensescolar.com\/es\/#website\"},\"primaryImageOfPage\":{\"@id\":\"https:\/\/mobensescolar.com\/es\/producto\/silla-escolar-slim\/#primaryimage\"},\"image\":{\"@id\":\"https:\/\/mobensescolar.com\/es\/producto\/silla-escolar-slim\/#primaryimage\"},\"thumbnailUrl\":\"https:\/\/mobensescolar.com\/wp-content\/uploads\/2024\/11\/slim-ol.jpg\",\"datePublished\":\"2024-11-20T11:24:05+00:00\",\"dateModified\":\"2025-02-20T14:11:18+00:00\",\"description\":\"La silla de colegio Slim es la opci\u00f3n ideal dentro del mobiliario escolar. Combina un dise\u00f1o minimalista, ligero y vers\u00e1til con la resistencia necesaria para un uso prolongado en entornos educativos.\",\"breadcrumb\":{\"@id\":\"https:\/\/mobensescolar.com\/es\/producto\/silla-escolar-slim\/#breadcrumb\"},\"inLanguage\":\"es\",\"potentialAction\":[{\"@type\":\"ReadAction\",\"target\":[\"https:\/\/mobensescolar.com\/es\/producto\/silla-escolar-slim\/\"]}]},{\"@type\":\"ImageObject\",\"inLanguage\":\"es\",\"@id\":\"https:\/\/mobensescolar.com\/es\/producto\/silla-escolar-slim\/#primaryimage\",\"url\":\"https:\/\/mobensescolar.com\/wp-content\/uploads\/2024\/11\/slim-ol.jpg\",\"contentUrl\":\"https:\/\/mobensescolar.com\/wp-content\/uploads\/2024\/11\/slim-ol.jpg\",\"width\":1067,\"height\":1020},{\"@type\":\"BreadcrumbList\",\"@id\":\"https:\/\/mobensescolar.com\/es\/producto\/silla-escolar-slim\/#breadcrumb\",\"itemListElement\":[{\"@type\":\"ListItem\",\"position\":1,\"name\":\"Inici\",\"item\":\"https:\/\/mobensescolar.com\/es\/mobens-school\/\"},{\"@type\":\"ListItem\",\"position\":2,\"name\":\"Tienda\",\"item\":\"https:\/\/mobensescolar.com\/es\/tienda\/\"},{\"@type\":\"ListItem\",\"position\":3,\"name\":\"Silla escolar SLIM\"}]},{\"@type\":\"WebSite\",\"@id\":\"https:\/\/mobensescolar.com\/es\/#website\",\"url\":\"https:\/\/mobensescolar.com\/es\/\",\"name\":\"Mobens School\",\"description\":\"\",\"publisher\":{\"@id\":\"https:\/\/mobensescolar.com\/es\/#organization\"},\"potentialAction\":[{\"@type\":\"SearchAction\",\"target\":{\"@type\":\"EntryPoint\",\"urlTemplate\":\"https:\/\/mobensescolar.com\/es\/?s={search_term_string}\"},\"query-input\":{\"@type\":\"PropertyValueSpecification\",\"valueRequired\":true,\"valueName\":\"search_term_string\"}}],\"inLanguage\":\"es\"},{\"@type\":\"Organization\",\"@id\":\"https:\/\/mobensescolar.com\/es\/#organization\",\"name\":\"Mobens School\",\"url\":\"https:\/\/mobensescolar.com\/es\/\",\"logo\":{\"@type\":\"ImageObject\",\"inLanguage\":\"es\",\"@id\":\"https:\/\/mobensescolar.com\/es\/#\/schema\/logo\/image\/\",\"url\":\"https:\/\/mobensescolar.com\/wp-content\/uploads\/2024\/10\/logo-mobens.webp\",\"contentUrl\":\"https:\/\/mobensescolar.com\/wp-content\/uploads\/2024\/10\/logo-mobens.webp\",\"width\":181,\"height\":181,\"caption\":\"Mobens School\"},\"image\":{\"@id\":\"https:\/\/mobensescolar.com\/es\/#\/schema\/logo\/image\/\"},\"sameAs\":[\"https:\/\/www.instagram.com\/mobens.school\/\"]}]}<\/script>\n<!-- \/ Yoast SEO plugin. -->","yoast_head_json":{"title":"Silla escolar SLIM - Mobens Escolar","description":"La silla de colegio Slim es la opci\u00f3n ideal dentro del mobiliario escolar. Combina un dise\u00f1o minimalista, ligero y vers\u00e1til con la resistencia necesaria para un uso prolongado en entornos educativos.","robots":{"index":"index","follow":"follow","max-snippet":"max-snippet:-1","max-image-preview":"max-image-preview:large","max-video-preview":"max-video-preview:-1"},"canonical":"https:\/\/mobensescolar.com\/es\/producto\/silla-escolar-slim\/","og_locale":"es_ES","og_type":"article","og_title":"Silla escolar SLIM - Mobens Escolar","og_description":"La silla de colegio Slim es la opci\u00f3n ideal dentro del mobiliario escolar. Combina un dise\u00f1o minimalista, ligero y vers\u00e1til con la resistencia necesaria para un uso prolongado en entornos educativos.","og_url":"https:\/\/mobensescolar.com\/es\/producto\/silla-escolar-slim\/","og_site_name":"Mobens Escolar","article_modified_time":"2025-02-20T14:11:18+00:00","og_image":[{"width":1067,"height":1020,"url":"https:\/\/mobensescolar.com\/wp-content\/uploads\/2024\/11\/slim-ol.jpg","type":"image\/jpeg"}],"twitter_card":"summary_large_image","twitter_misc":{"Tiempo de lectura":"2 minutos"},"schema":{"@context":"https:\/\/schema.org","@graph":[{"@type":"WebPage","@id":"https:\/\/mobensescolar.com\/es\/producto\/silla-escolar-slim\/","url":"https:\/\/mobensescolar.com\/es\/producto\/silla-escolar-slim\/","name":"Silla escolar SLIM - Mobens Escolar","isPartOf":{"@id":"https:\/\/mobensescolar.com\/es\/#website"},"primaryImageOfPage":{"@id":"https:\/\/mobensescolar.com\/es\/producto\/silla-escolar-slim\/#primaryimage"},"image":{"@id":"https:\/\/mobensescolar.com\/es\/producto\/silla-escolar-slim\/#primaryimage"},"thumbnailUrl":"https:\/\/mobensescolar.com\/wp-content\/uploads\/2024\/11\/slim-ol.jpg","datePublished":"2024-11-20T11:24:05+00:00","dateModified":"2025-02-20T14:11:18+00:00","description":"La silla de colegio Slim es la opci\u00f3n ideal dentro del mobiliario escolar. Combina un dise\u00f1o minimalista, ligero y vers\u00e1til con la resistencia necesaria para un uso prolongado en entornos educativos.","breadcrumb":{"@id":"https:\/\/mobensescolar.com\/es\/producto\/silla-escolar-slim\/#breadcrumb"},"inLanguage":"es","potentialAction":[{"@type":"ReadAction","target":["https:\/\/mobensescolar.com\/es\/producto\/silla-escolar-slim\/"]}]},{"@type":"ImageObject","inLanguage":"es","@id":"https:\/\/mobensescolar.com\/es\/producto\/silla-escolar-slim\/#primaryimage","url":"https:\/\/mobensescolar.com\/wp-content\/uploads\/2024\/11\/slim-ol.jpg","contentUrl":"https:\/\/mobensescolar.com\/wp-content\/uploads\/2024\/11\/slim-ol.jpg","width":1067,"height":1020},{"@type":"BreadcrumbList","@id":"https:\/\/mobensescolar.com\/es\/producto\/silla-escolar-slim\/#breadcrumb","itemListElement":[{"@type":"ListItem","position":1,"name":"Inici","item":"https:\/\/mobensescolar.com\/es\/mobens-school\/"},{"@type":"ListItem","position":2,"name":"Tienda","item":"https:\/\/mobensescolar.com\/es\/tienda\/"},{"@type":"ListItem","position":3,"name":"Silla escolar SLIM"}]},{"@type":"WebSite","@id":"https:\/\/mobensescolar.com\/es\/#website","url":"https:\/\/mobensescolar.com\/es\/","name":"Mobens School","description":"","publisher":{"@id":"https:\/\/mobensescolar.com\/es\/#organization"},"potentialAction":[{"@type":"SearchAction","target":{"@type":"EntryPoint","urlTemplate":"https:\/\/mobensescolar.com\/es\/?s={search_term_string}"},"query-input":{"@type":"PropertyValueSpecification","valueRequired":true,"valueName":"search_term_string"}}],"inLanguage":"es"},{"@type":"Organization","@id":"https:\/\/mobensescolar.com\/es\/#organization","name":"Mobens School","url":"https:\/\/mobensescolar.com\/es\/","logo":{"@type":"ImageObject","inLanguage":"es","@id":"https:\/\/mobensescolar.com\/es\/#\/schema\/logo\/image\/","url":"https:\/\/mobensescolar.com\/wp-content\/uploads\/2024\/10\/logo-mobens.webp","contentUrl":"https:\/\/mobensescolar.com\/wp-content\/uploads\/2024\/10\/logo-mobens.webp","width":181,"height":181,"caption":"Mobens School"},"image":{"@id":"https:\/\/mobensescolar.com\/es\/#\/schema\/logo\/image\/"},"sameAs":["https:\/\/www.instagram.com\/mobens.school\/"]}]}},"_links":{"self":[{"href":"https:\/\/mobensescolar.com\/es\/wp-json\/wp\/v2\/product\/3848","targetHints":{"allow":["GET"]}}],"collection":[{"href":"https:\/\/mobensescolar.com\/es\/wp-json\/wp\/v2\/product"}],"about":[{"href":"https:\/\/mobensescolar.com\/es\/wp-json\/wp\/v2\/types\/product"}],"replies":[{"embeddable":true,"href":"https:\/\/mobensescolar.com\/es\/wp-json\/wp\/v2\/comments?post=3848"}],"version-history":[{"count":1,"href":"https:\/\/mobensescolar.com\/es\/wp-json\/wp\/v2\/product\/3848\/revisions"}],"predecessor-version":[{"id":3849,"href":"https:\/\/mobensescolar.com\/es\/wp-json\/wp\/v2\/product\/3848\/revisions\/3849"}],"wp:featuredmedia":[{"embeddable":true,"href":"https:\/\/mobensescolar.com\/es\/wp-json\/wp\/v2\/media\/2883"}],"wp:attachment":[{"href":"https:\/\/mobensescolar.com\/es\/wp-json\/wp\/v2\/media?parent=3848"}],"wp:term":[{"taxonomy":"product_brand","embeddable":true,"href":"https:\/\/mobensescolar.com\/es\/wp-json\/wp\/v2\/product_brand?post=3848"},{"taxonomy":"product_cat","embeddable":true,"href":"https:\/\/mobensescolar.com\/es\/wp-json\/wp\/v2\/product_cat?post=3848"},{"taxonomy":"product_tag","embeddable":true,"href":"https:\/\/mobensescolar.com\/es\/wp-json\/wp\/v2\/product_tag?post=3848"}],"curies":[{"name":"wp","href":"https:\/\/api.w.org\/{rel}","templated":true}]}}