{"id":3850,"date":"2024-11-20T12:29:24","date_gmt":"2024-11-20T11:29:24","guid":{"rendered":"https:\/\/mobensescolar.com\/producto\/slim-r\/"},"modified":"2025-02-25T13:40:32","modified_gmt":"2025-02-25T12:40:32","slug":"silla-escolar-con-ruedas-slim-r","status":"publish","type":"product","link":"https:\/\/mobensescolar.com\/es\/producto\/silla-escolar-con-ruedas-slim-r\/","title":{"rendered":"Silla escolar con ruedas SLIM R"},"content":{"rendered":"<p>La <strong>silla de colegio con ruedas<\/strong> Slim es una soluci\u00f3n innovadora dentro del <strong>mobiliario escolar<\/strong>, dise\u00f1ada para ofrecer movilidad, comodidad y resistencia en el aula.<\/p>\n<p>Ideal para educaci\u00f3n colaborativa o tradicional, la silla escolar con ruedas Slim se adapta perfectamente a cualquier entorno educativo, siendo una excelente elecci\u00f3n como silla para colegios, silla de instituto, silla de escuelas y silla para academias. Se entrega montada.<\/p>\n<p>Con una estructura met\u00e1lica soldada y un dise\u00f1o minimalista y ligero, esta silla permite desplazarse con facilidad, facilitando la interacci\u00f3n y la adaptaci\u00f3n a diferentes din\u00e1micas de aprendizaje.<\/p>\n<p>La silla Slim con ruedas aporta flexibilidad y dinamismo al aula, facilitando la movilidad y el aprendizaje en entornos educativos modernos y vers\u00e1tiles.<\/p>\n<p>&nbsp;<\/p>\n<p>\u2705 Estructura met\u00e1lica soldada, proporcionando m\u00e1xima resistencia.<\/p>\n<p>\u2705 Con ruedas, para un desplazamiento \u00e1gil y sin esfuerzo dentro del aula.<\/p>\n<p>\u2705 Dise\u00f1o ergon\u00f3mico, sin aristas vivas, pensado para un uso prolongado.<\/p>\n<p>\u2705 Disponible en tres tallas, adaptadas a diferentes niveles educativos:<\/p>\n<p>T6: Para alumnos de secundaria y estudios superiores (+11 a\u00f1os).<\/p>\n<p>T5: Para alumnos de primaria de 8 a 11 a\u00f1os.<\/p>\n<p>T4: Para alumnos de primaria de 6 a 8 a\u00f1os.<\/p>\n<p>&nbsp;<\/p>\n","protected":false},"excerpt":{"rendered":"<p>La silla de colegio con ruedas Slim es una soluci\u00f3n innovadora dentro del mobiliario escolar, dise\u00f1ada para ofrecer movilidad, comodidad y resistencia en el aula. Ideal para educaci\u00f3n colaborativa o tradicional, la silla escolar con ruedas Slim se adapta perfectamente a cualquier entorno educativo, siendo una excelente elecci\u00f3n como silla para colegios, silla de instituto, &#8230; <a title=\"Silla escolar con ruedas SLIM R\" class=\"read-more\" href=\"https:\/\/mobensescolar.com\/es\/producto\/silla-escolar-con-ruedas-slim-r\/\" aria-label=\"Leer m\u00e1s sobre Silla escolar con ruedas SLIM R\">Leer m\u00e1s<\/a><\/p>\n","protected":false},"featured_media":2890,"comment_status":"open","ping_status":"closed","template":"","meta":{"_acf_changed":false},"product_brand":[],"product_cat":[47],"product_tag":[],"class_list":{"0":"post-3850","1":"product","2":"type-product","3":"status-publish","4":"has-post-thumbnail","6":"product_cat-sillas-escolares","8":"first","9":"instock","10":"taxable","11":"shipping-taxable","12":"purchasable","13":"product-type-simple"},"supplier_id":null,"supplier_sku":"","barcode":null,"atum_controlled":true,"out_stock_date":null,"out_stock_threshold":null,"inheritable":false,"inbound_stock":0,"stock_on_hold":0,"sold_today":0,"sales_last_days":0,"reserved_stock":0,"customer_returns":0,"warehouse_damage":0,"lost_in_post":0,"other_logs":0,"out_stock_days":0,"lost_sales":0,"has_location":false,"update_date":"2026-04-29T00:11:26","atum_locations":[],"atum_stock_status":"instock","restock_status":false,"low_stock_amount":"","sales_update_date":"2026-04-29T00:11:26","calc_backorders":null,"acf":[],"yoast_head":"<!-- This site is optimized with the Yoast SEO plugin v24.4 - https:\/\/yoast.com\/wordpress\/plugins\/seo\/ -->\n<title>Silla escolar con ruedas SLIM R - Mobens Escolar<\/title>\n<meta name=\"description\" content=\"La silla de colegio con ruedas Slim es una soluci\u00f3n innovadora dentro del mobiliario escolar, dise\u00f1ada para ofrecer movilidad, comodidad y resistencia en el aula.\" \/>\n<meta name=\"robots\" content=\"index, follow, max-snippet:-1, max-image-preview:large, max-video-preview:-1\" \/>\n<link rel=\"canonical\" href=\"https:\/\/mobensescolar.com\/es\/producto\/silla-escolar-con-ruedas-slim-r\/\" \/>\n<meta property=\"og:locale\" content=\"es_ES\" \/>\n<meta property=\"og:type\" content=\"article\" \/>\n<meta property=\"og:title\" content=\"Silla escolar con ruedas SLIM R - Mobens Escolar\" \/>\n<meta property=\"og:description\" content=\"La silla de colegio con ruedas Slim es una soluci\u00f3n innovadora dentro del mobiliario escolar, dise\u00f1ada para ofrecer movilidad, comodidad y resistencia en el aula.\" \/>\n<meta property=\"og:url\" content=\"https:\/\/mobensescolar.com\/es\/producto\/silla-escolar-con-ruedas-slim-r\/\" \/>\n<meta property=\"og:site_name\" content=\"Mobens Escolar\" \/>\n<meta property=\"article:modified_time\" content=\"2025-02-25T12:40:32+00:00\" \/>\n<meta property=\"og:image\" content=\"https:\/\/mobensescolar.com\/wp-content\/uploads\/2024\/11\/slim-r-tu.jpg\" \/>\n\t<meta property=\"og:image:width\" content=\"1067\" \/>\n\t<meta property=\"og:image:height\" content=\"1020\" \/>\n\t<meta property=\"og:image:type\" content=\"image\/jpeg\" \/>\n<meta name=\"twitter:card\" content=\"summary_large_image\" \/>\n<meta name=\"twitter:label1\" content=\"Tiempo de lectura\" \/>\n\t<meta name=\"twitter:data1\" content=\"2 minutos\" \/>\n<script type=\"application\/ld+json\" class=\"yoast-schema-graph\">{\"@context\":\"https:\/\/schema.org\",\"@graph\":[{\"@type\":\"WebPage\",\"@id\":\"https:\/\/mobensescolar.com\/es\/producto\/silla-escolar-con-ruedas-slim-r\/\",\"url\":\"https:\/\/mobensescolar.com\/es\/producto\/silla-escolar-con-ruedas-slim-r\/\",\"name\":\"Silla escolar con ruedas SLIM R - Mobens Escolar\",\"isPartOf\":{\"@id\":\"https:\/\/mobensescolar.com\/es\/#website\"},\"primaryImageOfPage\":{\"@id\":\"https:\/\/mobensescolar.com\/es\/producto\/silla-escolar-con-ruedas-slim-r\/#primaryimage\"},\"image\":{\"@id\":\"https:\/\/mobensescolar.com\/es\/producto\/silla-escolar-con-ruedas-slim-r\/#primaryimage\"},\"thumbnailUrl\":\"https:\/\/mobensescolar.com\/wp-content\/uploads\/2024\/11\/slim-r-tu.jpg\",\"datePublished\":\"2024-11-20T11:29:24+00:00\",\"dateModified\":\"2025-02-25T12:40:32+00:00\",\"description\":\"La silla de colegio con ruedas Slim es una soluci\u00f3n innovadora dentro del mobiliario escolar, dise\u00f1ada para ofrecer movilidad, comodidad y resistencia en el aula.\",\"breadcrumb\":{\"@id\":\"https:\/\/mobensescolar.com\/es\/producto\/silla-escolar-con-ruedas-slim-r\/#breadcrumb\"},\"inLanguage\":\"es\",\"potentialAction\":[{\"@type\":\"ReadAction\",\"target\":[\"https:\/\/mobensescolar.com\/es\/producto\/silla-escolar-con-ruedas-slim-r\/\"]}]},{\"@type\":\"ImageObject\",\"inLanguage\":\"es\",\"@id\":\"https:\/\/mobensescolar.com\/es\/producto\/silla-escolar-con-ruedas-slim-r\/#primaryimage\",\"url\":\"https:\/\/mobensescolar.com\/wp-content\/uploads\/2024\/11\/slim-r-tu.jpg\",\"contentUrl\":\"https:\/\/mobensescolar.com\/wp-content\/uploads\/2024\/11\/slim-r-tu.jpg\",\"width\":1067,\"height\":1020},{\"@type\":\"BreadcrumbList\",\"@id\":\"https:\/\/mobensescolar.com\/es\/producto\/silla-escolar-con-ruedas-slim-r\/#breadcrumb\",\"itemListElement\":[{\"@type\":\"ListItem\",\"position\":1,\"name\":\"Inici\",\"item\":\"https:\/\/mobensescolar.com\/es\/mobens-school\/\"},{\"@type\":\"ListItem\",\"position\":2,\"name\":\"Tienda\",\"item\":\"https:\/\/mobensescolar.com\/es\/tienda\/\"},{\"@type\":\"ListItem\",\"position\":3,\"name\":\"Silla escolar con ruedas SLIM R\"}]},{\"@type\":\"WebSite\",\"@id\":\"https:\/\/mobensescolar.com\/es\/#website\",\"url\":\"https:\/\/mobensescolar.com\/es\/\",\"name\":\"Mobens School\",\"description\":\"\",\"publisher\":{\"@id\":\"https:\/\/mobensescolar.com\/es\/#organization\"},\"potentialAction\":[{\"@type\":\"SearchAction\",\"target\":{\"@type\":\"EntryPoint\",\"urlTemplate\":\"https:\/\/mobensescolar.com\/es\/?s={search_term_string}\"},\"query-input\":{\"@type\":\"PropertyValueSpecification\",\"valueRequired\":true,\"valueName\":\"search_term_string\"}}],\"inLanguage\":\"es\"},{\"@type\":\"Organization\",\"@id\":\"https:\/\/mobensescolar.com\/es\/#organization\",\"name\":\"Mobens School\",\"url\":\"https:\/\/mobensescolar.com\/es\/\",\"logo\":{\"@type\":\"ImageObject\",\"inLanguage\":\"es\",\"@id\":\"https:\/\/mobensescolar.com\/es\/#\/schema\/logo\/image\/\",\"url\":\"https:\/\/mobensescolar.com\/wp-content\/uploads\/2024\/10\/logo-mobens.webp\",\"contentUrl\":\"https:\/\/mobensescolar.com\/wp-content\/uploads\/2024\/10\/logo-mobens.webp\",\"width\":181,\"height\":181,\"caption\":\"Mobens School\"},\"image\":{\"@id\":\"https:\/\/mobensescolar.com\/es\/#\/schema\/logo\/image\/\"},\"sameAs\":[\"https:\/\/www.instagram.com\/mobens.school\/\"]}]}<\/script>\n<!-- \/ Yoast SEO plugin. -->","yoast_head_json":{"title":"Silla escolar con ruedas SLIM R - Mobens Escolar","description":"La silla de colegio con ruedas Slim es una soluci\u00f3n innovadora dentro del mobiliario escolar, dise\u00f1ada para ofrecer movilidad, comodidad y resistencia en el aula.","robots":{"index":"index","follow":"follow","max-snippet":"max-snippet:-1","max-image-preview":"max-image-preview:large","max-video-preview":"max-video-preview:-1"},"canonical":"https:\/\/mobensescolar.com\/es\/producto\/silla-escolar-con-ruedas-slim-r\/","og_locale":"es_ES","og_type":"article","og_title":"Silla escolar con ruedas SLIM R - Mobens Escolar","og_description":"La silla de colegio con ruedas Slim es una soluci\u00f3n innovadora dentro del mobiliario escolar, dise\u00f1ada para ofrecer movilidad, comodidad y resistencia en el aula.","og_url":"https:\/\/mobensescolar.com\/es\/producto\/silla-escolar-con-ruedas-slim-r\/","og_site_name":"Mobens Escolar","article_modified_time":"2025-02-25T12:40:32+00:00","og_image":[{"width":1067,"height":1020,"url":"https:\/\/mobensescolar.com\/wp-content\/uploads\/2024\/11\/slim-r-tu.jpg","type":"image\/jpeg"}],"twitter_card":"summary_large_image","twitter_misc":{"Tiempo de lectura":"2 minutos"},"schema":{"@context":"https:\/\/schema.org","@graph":[{"@type":"WebPage","@id":"https:\/\/mobensescolar.com\/es\/producto\/silla-escolar-con-ruedas-slim-r\/","url":"https:\/\/mobensescolar.com\/es\/producto\/silla-escolar-con-ruedas-slim-r\/","name":"Silla escolar con ruedas SLIM R - Mobens Escolar","isPartOf":{"@id":"https:\/\/mobensescolar.com\/es\/#website"},"primaryImageOfPage":{"@id":"https:\/\/mobensescolar.com\/es\/producto\/silla-escolar-con-ruedas-slim-r\/#primaryimage"},"image":{"@id":"https:\/\/mobensescolar.com\/es\/producto\/silla-escolar-con-ruedas-slim-r\/#primaryimage"},"thumbnailUrl":"https:\/\/mobensescolar.com\/wp-content\/uploads\/2024\/11\/slim-r-tu.jpg","datePublished":"2024-11-20T11:29:24+00:00","dateModified":"2025-02-25T12:40:32+00:00","description":"La silla de colegio con ruedas Slim es una soluci\u00f3n innovadora dentro del mobiliario escolar, dise\u00f1ada para ofrecer movilidad, comodidad y resistencia en el aula.","breadcrumb":{"@id":"https:\/\/mobensescolar.com\/es\/producto\/silla-escolar-con-ruedas-slim-r\/#breadcrumb"},"inLanguage":"es","potentialAction":[{"@type":"ReadAction","target":["https:\/\/mobensescolar.com\/es\/producto\/silla-escolar-con-ruedas-slim-r\/"]}]},{"@type":"ImageObject","inLanguage":"es","@id":"https:\/\/mobensescolar.com\/es\/producto\/silla-escolar-con-ruedas-slim-r\/#primaryimage","url":"https:\/\/mobensescolar.com\/wp-content\/uploads\/2024\/11\/slim-r-tu.jpg","contentUrl":"https:\/\/mobensescolar.com\/wp-content\/uploads\/2024\/11\/slim-r-tu.jpg","width":1067,"height":1020},{"@type":"BreadcrumbList","@id":"https:\/\/mobensescolar.com\/es\/producto\/silla-escolar-con-ruedas-slim-r\/#breadcrumb","itemListElement":[{"@type":"ListItem","position":1,"name":"Inici","item":"https:\/\/mobensescolar.com\/es\/mobens-school\/"},{"@type":"ListItem","position":2,"name":"Tienda","item":"https:\/\/mobensescolar.com\/es\/tienda\/"},{"@type":"ListItem","position":3,"name":"Silla escolar con ruedas SLIM R"}]},{"@type":"WebSite","@id":"https:\/\/mobensescolar.com\/es\/#website","url":"https:\/\/mobensescolar.com\/es\/","name":"Mobens School","description":"","publisher":{"@id":"https:\/\/mobensescolar.com\/es\/#organization"},"potentialAction":[{"@type":"SearchAction","target":{"@type":"EntryPoint","urlTemplate":"https:\/\/mobensescolar.com\/es\/?s={search_term_string}"},"query-input":{"@type":"PropertyValueSpecification","valueRequired":true,"valueName":"search_term_string"}}],"inLanguage":"es"},{"@type":"Organization","@id":"https:\/\/mobensescolar.com\/es\/#organization","name":"Mobens School","url":"https:\/\/mobensescolar.com\/es\/","logo":{"@type":"ImageObject","inLanguage":"es","@id":"https:\/\/mobensescolar.com\/es\/#\/schema\/logo\/image\/","url":"https:\/\/mobensescolar.com\/wp-content\/uploads\/2024\/10\/logo-mobens.webp","contentUrl":"https:\/\/mobensescolar.com\/wp-content\/uploads\/2024\/10\/logo-mobens.webp","width":181,"height":181,"caption":"Mobens School"},"image":{"@id":"https:\/\/mobensescolar.com\/es\/#\/schema\/logo\/image\/"},"sameAs":["https:\/\/www.instagram.com\/mobens.school\/"]}]}},"_links":{"self":[{"href":"https:\/\/mobensescolar.com\/es\/wp-json\/wp\/v2\/product\/3850","targetHints":{"allow":["GET"]}}],"collection":[{"href":"https:\/\/mobensescolar.com\/es\/wp-json\/wp\/v2\/product"}],"about":[{"href":"https:\/\/mobensescolar.com\/es\/wp-json\/wp\/v2\/types\/product"}],"replies":[{"embeddable":true,"href":"https:\/\/mobensescolar.com\/es\/wp-json\/wp\/v2\/comments?post=3850"}],"version-history":[{"count":1,"href":"https:\/\/mobensescolar.com\/es\/wp-json\/wp\/v2\/product\/3850\/revisions"}],"predecessor-version":[{"id":3852,"href":"https:\/\/mobensescolar.com\/es\/wp-json\/wp\/v2\/product\/3850\/revisions\/3852"}],"wp:featuredmedia":[{"embeddable":true,"href":"https:\/\/mobensescolar.com\/es\/wp-json\/wp\/v2\/media\/2890"}],"wp:attachment":[{"href":"https:\/\/mobensescolar.com\/es\/wp-json\/wp\/v2\/media?parent=3850"}],"wp:term":[{"taxonomy":"product_brand","embeddable":true,"href":"https:\/\/mobensescolar.com\/es\/wp-json\/wp\/v2\/product_brand?post=3850"},{"taxonomy":"product_cat","embeddable":true,"href":"https:\/\/mobensescolar.com\/es\/wp-json\/wp\/v2\/product_cat?post=3850"},{"taxonomy":"product_tag","embeddable":true,"href":"https:\/\/mobensescolar.com\/es\/wp-json\/wp\/v2\/product_tag?post=3850"}],"curies":[{"name":"wp","href":"https:\/\/api.w.org\/{rel}","templated":true}]}}