{"id":3885,"date":"2024-11-10T14:00:06","date_gmt":"2024-11-10T13:00:06","guid":{"rendered":"https:\/\/mobensescolar.com\/producto\/mia-lift\/"},"modified":"2025-02-25T13:40:36","modified_gmt":"2025-02-25T12:40:36","slug":"silla-escolar-mia-lift","status":"publish","type":"product","link":"https:\/\/mobensescolar.com\/es\/producto\/silla-escolar-mia-lift\/","title":{"rendered":"Silla escolar MIA LIFT"},"content":{"rendered":"<p>La <strong>silla de colegio con ruedas Mia Lift<\/strong> aporta <strong>movilidad, confort y funcionalidad<\/strong> al <strong>mobiliario escolar<\/strong>. Dise\u00f1ada con un <strong>respaldo curvado<\/strong> que favorece una postura ergon\u00f3mica. El <strong>pist\u00f3n de gas regulable en altura<\/strong>, permite que esta <strong>silla escolar con ruedas<\/strong> se adapte a diferentes alumnos y entornos de aprendizaje.<\/p>\n<p>Gracias a su <strong>base de polipropileno en forma de estrella con ruedas<\/strong>, la <strong>silla escolar Mia Lift<\/strong> permite un desplazamiento fluido y silencioso, optimizando la organizaci\u00f3n y flexibilidad en aulas, colegios, academias, universidades, bibliotecas y centros de formaci\u00f3n en general. Adem\u00e1s, su fabricaci\u00f3n con <strong>materiales reciclados<\/strong> garantiza una opci\u00f3n sostenible, sin comprometer la calidad ni la durabilidad.<\/p>\n<p><strong>\u00a0<\/strong><\/p>\n<p><strong>Caracter\u00edsticas principales:<\/strong><\/p>\n<p>\u2705 <strong>Silla escolar con ruedas y respaldo curvado<\/strong>, proporcionando m\u00e1ximo confort.<br \/>\n\u2705 <strong>Base en forma de estrella con ruedas \u00d865 mm<\/strong>, para una movilidad \u00e1gil y silenciosa.<br \/>\n\u2705 <strong>Pist\u00f3n de gas regulable en altura<\/strong>, ajustando el asiento entre <strong>400 y 510 mm<\/strong>.<br \/>\n\u2705 <strong>Fabricada con polipropileno reciclado (60%)<\/strong>, promoviendo la sostenibilidad.<br \/>\n\u2705 <strong>Estructura resistente y ligera<\/strong>, ideal para el uso diario en <strong>mobiliario escolar<\/strong>.<br \/>\n\u2705 <strong>Opci\u00f3n de asiento tapizado<\/strong>, para mayor comodidad.<\/p>\n","protected":false},"excerpt":{"rendered":"<p>La silla de colegio con ruedas Mia Lift aporta movilidad, confort y funcionalidad al mobiliario escolar. Dise\u00f1ada con un respaldo curvado que favorece una postura ergon\u00f3mica. El pist\u00f3n de gas regulable en altura, permite que esta silla escolar con ruedas se adapte a diferentes alumnos y entornos de aprendizaje. Gracias a su base de polipropileno &#8230; <a title=\"Silla escolar MIA LIFT\" class=\"read-more\" href=\"https:\/\/mobensescolar.com\/es\/producto\/silla-escolar-mia-lift\/\" aria-label=\"Leer m\u00e1s sobre Silla escolar MIA LIFT\">Leer m\u00e1s<\/a><\/p>\n","protected":false},"featured_media":2141,"comment_status":"closed","ping_status":"closed","template":"","meta":{"_acf_changed":false},"product_brand":[],"product_cat":[47],"product_tag":[],"class_list":{"0":"post-3885","1":"product","2":"type-product","3":"status-publish","4":"has-post-thumbnail","6":"product_cat-sillas-escolares","8":"first","9":"instock","10":"taxable","11":"shipping-taxable","12":"purchasable","13":"product-type-simple"},"supplier_id":null,"supplier_sku":"","barcode":null,"atum_controlled":true,"out_stock_date":null,"out_stock_threshold":null,"inheritable":false,"inbound_stock":0,"stock_on_hold":0,"sold_today":0,"sales_last_days":0,"reserved_stock":0,"customer_returns":0,"warehouse_damage":0,"lost_in_post":0,"other_logs":0,"out_stock_days":0,"lost_sales":0,"has_location":false,"update_date":"2026-04-29T00:11:28","atum_locations":[],"atum_stock_status":"instock","restock_status":false,"low_stock_amount":"","sales_update_date":"2026-04-29T00:11:28","calc_backorders":null,"acf":[],"yoast_head":"<!-- This site is optimized with the Yoast SEO plugin v24.4 - https:\/\/yoast.com\/wordpress\/plugins\/seo\/ -->\n<title>Silla escolar MIA LIFT - Mobens Escolar<\/title>\n<meta name=\"description\" content=\"La silla de colegio con ruedas Mia Lift aporta movilidad, confort y funcionalidad al mobiliario escolar. Dise\u00f1ada con un respaldo curvado que favorece una postura ergon\u00f3mica. El pist\u00f3n de gas regulable en altura, permite que esta silla escolar con ruedas se adapte a diferentes alumnos y entornos de aprendizaje.\" \/>\n<meta name=\"robots\" content=\"index, follow, max-snippet:-1, max-image-preview:large, max-video-preview:-1\" \/>\n<link rel=\"canonical\" href=\"https:\/\/mobensescolar.com\/es\/producto\/silla-escolar-mia-lift\/\" \/>\n<meta property=\"og:locale\" content=\"es_ES\" \/>\n<meta property=\"og:type\" content=\"article\" \/>\n<meta property=\"og:title\" content=\"Silla escolar MIA LIFT - Mobens Escolar\" \/>\n<meta property=\"og:description\" content=\"La silla de colegio con ruedas Mia Lift aporta movilidad, confort y funcionalidad al mobiliario escolar. Dise\u00f1ada con un respaldo curvado que favorece una postura ergon\u00f3mica. El pist\u00f3n de gas regulable en altura, permite que esta silla escolar con ruedas se adapte a diferentes alumnos y entornos de aprendizaje.\" \/>\n<meta property=\"og:url\" content=\"https:\/\/mobensescolar.com\/es\/producto\/silla-escolar-mia-lift\/\" \/>\n<meta property=\"og:site_name\" content=\"Mobens Escolar\" \/>\n<meta property=\"article:modified_time\" content=\"2025-02-25T12:40:36+00:00\" \/>\n<meta property=\"og:image\" content=\"https:\/\/mobensescolar.com\/wp-content\/uploads\/2024\/11\/1035-mia-lift.jpg\" \/>\n\t<meta property=\"og:image:width\" content=\"1000\" \/>\n\t<meta property=\"og:image:height\" content=\"1000\" \/>\n\t<meta property=\"og:image:type\" content=\"image\/jpeg\" \/>\n<meta name=\"twitter:card\" content=\"summary_large_image\" \/>\n<meta name=\"twitter:label1\" content=\"Tiempo de lectura\" \/>\n\t<meta name=\"twitter:data1\" content=\"2 minutos\" \/>\n<script type=\"application\/ld+json\" class=\"yoast-schema-graph\">{\"@context\":\"https:\/\/schema.org\",\"@graph\":[{\"@type\":\"WebPage\",\"@id\":\"https:\/\/mobensescolar.com\/es\/producto\/silla-escolar-mia-lift\/\",\"url\":\"https:\/\/mobensescolar.com\/es\/producto\/silla-escolar-mia-lift\/\",\"name\":\"Silla escolar MIA LIFT - Mobens Escolar\",\"isPartOf\":{\"@id\":\"https:\/\/mobensescolar.com\/es\/#website\"},\"primaryImageOfPage\":{\"@id\":\"https:\/\/mobensescolar.com\/es\/producto\/silla-escolar-mia-lift\/#primaryimage\"},\"image\":{\"@id\":\"https:\/\/mobensescolar.com\/es\/producto\/silla-escolar-mia-lift\/#primaryimage\"},\"thumbnailUrl\":\"https:\/\/mobensescolar.com\/wp-content\/uploads\/2024\/11\/1035-mia-lift.jpg\",\"datePublished\":\"2024-11-10T13:00:06+00:00\",\"dateModified\":\"2025-02-25T12:40:36+00:00\",\"description\":\"La silla de colegio con ruedas Mia Lift aporta movilidad, confort y funcionalidad al mobiliario escolar. Dise\u00f1ada con un respaldo curvado que favorece una postura ergon\u00f3mica. El pist\u00f3n de gas regulable en altura, permite que esta silla escolar con ruedas se adapte a diferentes alumnos y entornos de aprendizaje.\",\"breadcrumb\":{\"@id\":\"https:\/\/mobensescolar.com\/es\/producto\/silla-escolar-mia-lift\/#breadcrumb\"},\"inLanguage\":\"es\",\"potentialAction\":[{\"@type\":\"ReadAction\",\"target\":[\"https:\/\/mobensescolar.com\/es\/producto\/silla-escolar-mia-lift\/\"]}]},{\"@type\":\"ImageObject\",\"inLanguage\":\"es\",\"@id\":\"https:\/\/mobensescolar.com\/es\/producto\/silla-escolar-mia-lift\/#primaryimage\",\"url\":\"https:\/\/mobensescolar.com\/wp-content\/uploads\/2024\/11\/1035-mia-lift.jpg\",\"contentUrl\":\"https:\/\/mobensescolar.com\/wp-content\/uploads\/2024\/11\/1035-mia-lift.jpg\",\"width\":1000,\"height\":1000},{\"@type\":\"BreadcrumbList\",\"@id\":\"https:\/\/mobensescolar.com\/es\/producto\/silla-escolar-mia-lift\/#breadcrumb\",\"itemListElement\":[{\"@type\":\"ListItem\",\"position\":1,\"name\":\"Inici\",\"item\":\"https:\/\/mobensescolar.com\/es\/mobens-school\/\"},{\"@type\":\"ListItem\",\"position\":2,\"name\":\"Tienda\",\"item\":\"https:\/\/mobensescolar.com\/es\/tienda\/\"},{\"@type\":\"ListItem\",\"position\":3,\"name\":\"Silla escolar MIA LIFT\"}]},{\"@type\":\"WebSite\",\"@id\":\"https:\/\/mobensescolar.com\/es\/#website\",\"url\":\"https:\/\/mobensescolar.com\/es\/\",\"name\":\"Mobens School\",\"description\":\"\",\"publisher\":{\"@id\":\"https:\/\/mobensescolar.com\/es\/#organization\"},\"potentialAction\":[{\"@type\":\"SearchAction\",\"target\":{\"@type\":\"EntryPoint\",\"urlTemplate\":\"https:\/\/mobensescolar.com\/es\/?s={search_term_string}\"},\"query-input\":{\"@type\":\"PropertyValueSpecification\",\"valueRequired\":true,\"valueName\":\"search_term_string\"}}],\"inLanguage\":\"es\"},{\"@type\":\"Organization\",\"@id\":\"https:\/\/mobensescolar.com\/es\/#organization\",\"name\":\"Mobens School\",\"url\":\"https:\/\/mobensescolar.com\/es\/\",\"logo\":{\"@type\":\"ImageObject\",\"inLanguage\":\"es\",\"@id\":\"https:\/\/mobensescolar.com\/es\/#\/schema\/logo\/image\/\",\"url\":\"https:\/\/mobensescolar.com\/wp-content\/uploads\/2024\/10\/logo-mobens.webp\",\"contentUrl\":\"https:\/\/mobensescolar.com\/wp-content\/uploads\/2024\/10\/logo-mobens.webp\",\"width\":181,\"height\":181,\"caption\":\"Mobens School\"},\"image\":{\"@id\":\"https:\/\/mobensescolar.com\/es\/#\/schema\/logo\/image\/\"},\"sameAs\":[\"https:\/\/www.instagram.com\/mobens.school\/\"]}]}<\/script>\n<!-- \/ Yoast SEO plugin. -->","yoast_head_json":{"title":"Silla escolar MIA LIFT - Mobens Escolar","description":"La silla de colegio con ruedas Mia Lift aporta movilidad, confort y funcionalidad al mobiliario escolar. Dise\u00f1ada con un respaldo curvado que favorece una postura ergon\u00f3mica. El pist\u00f3n de gas regulable en altura, permite que esta silla escolar con ruedas se adapte a diferentes alumnos y entornos de aprendizaje.","robots":{"index":"index","follow":"follow","max-snippet":"max-snippet:-1","max-image-preview":"max-image-preview:large","max-video-preview":"max-video-preview:-1"},"canonical":"https:\/\/mobensescolar.com\/es\/producto\/silla-escolar-mia-lift\/","og_locale":"es_ES","og_type":"article","og_title":"Silla escolar MIA LIFT - Mobens Escolar","og_description":"La silla de colegio con ruedas Mia Lift aporta movilidad, confort y funcionalidad al mobiliario escolar. Dise\u00f1ada con un respaldo curvado que favorece una postura ergon\u00f3mica. El pist\u00f3n de gas regulable en altura, permite que esta silla escolar con ruedas se adapte a diferentes alumnos y entornos de aprendizaje.","og_url":"https:\/\/mobensescolar.com\/es\/producto\/silla-escolar-mia-lift\/","og_site_name":"Mobens Escolar","article_modified_time":"2025-02-25T12:40:36+00:00","og_image":[{"width":1000,"height":1000,"url":"https:\/\/mobensescolar.com\/wp-content\/uploads\/2024\/11\/1035-mia-lift.jpg","type":"image\/jpeg"}],"twitter_card":"summary_large_image","twitter_misc":{"Tiempo de lectura":"2 minutos"},"schema":{"@context":"https:\/\/schema.org","@graph":[{"@type":"WebPage","@id":"https:\/\/mobensescolar.com\/es\/producto\/silla-escolar-mia-lift\/","url":"https:\/\/mobensescolar.com\/es\/producto\/silla-escolar-mia-lift\/","name":"Silla escolar MIA LIFT - Mobens Escolar","isPartOf":{"@id":"https:\/\/mobensescolar.com\/es\/#website"},"primaryImageOfPage":{"@id":"https:\/\/mobensescolar.com\/es\/producto\/silla-escolar-mia-lift\/#primaryimage"},"image":{"@id":"https:\/\/mobensescolar.com\/es\/producto\/silla-escolar-mia-lift\/#primaryimage"},"thumbnailUrl":"https:\/\/mobensescolar.com\/wp-content\/uploads\/2024\/11\/1035-mia-lift.jpg","datePublished":"2024-11-10T13:00:06+00:00","dateModified":"2025-02-25T12:40:36+00:00","description":"La silla de colegio con ruedas Mia Lift aporta movilidad, confort y funcionalidad al mobiliario escolar. Dise\u00f1ada con un respaldo curvado que favorece una postura ergon\u00f3mica. El pist\u00f3n de gas regulable en altura, permite que esta silla escolar con ruedas se adapte a diferentes alumnos y entornos de aprendizaje.","breadcrumb":{"@id":"https:\/\/mobensescolar.com\/es\/producto\/silla-escolar-mia-lift\/#breadcrumb"},"inLanguage":"es","potentialAction":[{"@type":"ReadAction","target":["https:\/\/mobensescolar.com\/es\/producto\/silla-escolar-mia-lift\/"]}]},{"@type":"ImageObject","inLanguage":"es","@id":"https:\/\/mobensescolar.com\/es\/producto\/silla-escolar-mia-lift\/#primaryimage","url":"https:\/\/mobensescolar.com\/wp-content\/uploads\/2024\/11\/1035-mia-lift.jpg","contentUrl":"https:\/\/mobensescolar.com\/wp-content\/uploads\/2024\/11\/1035-mia-lift.jpg","width":1000,"height":1000},{"@type":"BreadcrumbList","@id":"https:\/\/mobensescolar.com\/es\/producto\/silla-escolar-mia-lift\/#breadcrumb","itemListElement":[{"@type":"ListItem","position":1,"name":"Inici","item":"https:\/\/mobensescolar.com\/es\/mobens-school\/"},{"@type":"ListItem","position":2,"name":"Tienda","item":"https:\/\/mobensescolar.com\/es\/tienda\/"},{"@type":"ListItem","position":3,"name":"Silla escolar MIA LIFT"}]},{"@type":"WebSite","@id":"https:\/\/mobensescolar.com\/es\/#website","url":"https:\/\/mobensescolar.com\/es\/","name":"Mobens School","description":"","publisher":{"@id":"https:\/\/mobensescolar.com\/es\/#organization"},"potentialAction":[{"@type":"SearchAction","target":{"@type":"EntryPoint","urlTemplate":"https:\/\/mobensescolar.com\/es\/?s={search_term_string}"},"query-input":{"@type":"PropertyValueSpecification","valueRequired":true,"valueName":"search_term_string"}}],"inLanguage":"es"},{"@type":"Organization","@id":"https:\/\/mobensescolar.com\/es\/#organization","name":"Mobens School","url":"https:\/\/mobensescolar.com\/es\/","logo":{"@type":"ImageObject","inLanguage":"es","@id":"https:\/\/mobensescolar.com\/es\/#\/schema\/logo\/image\/","url":"https:\/\/mobensescolar.com\/wp-content\/uploads\/2024\/10\/logo-mobens.webp","contentUrl":"https:\/\/mobensescolar.com\/wp-content\/uploads\/2024\/10\/logo-mobens.webp","width":181,"height":181,"caption":"Mobens School"},"image":{"@id":"https:\/\/mobensescolar.com\/es\/#\/schema\/logo\/image\/"},"sameAs":["https:\/\/www.instagram.com\/mobens.school\/"]}]}},"_links":{"self":[{"href":"https:\/\/mobensescolar.com\/es\/wp-json\/wp\/v2\/product\/3885","targetHints":{"allow":["GET"]}}],"collection":[{"href":"https:\/\/mobensescolar.com\/es\/wp-json\/wp\/v2\/product"}],"about":[{"href":"https:\/\/mobensescolar.com\/es\/wp-json\/wp\/v2\/types\/product"}],"replies":[{"embeddable":true,"href":"https:\/\/mobensescolar.com\/es\/wp-json\/wp\/v2\/comments?post=3885"}],"version-history":[{"count":1,"href":"https:\/\/mobensescolar.com\/es\/wp-json\/wp\/v2\/product\/3885\/revisions"}],"predecessor-version":[{"id":3886,"href":"https:\/\/mobensescolar.com\/es\/wp-json\/wp\/v2\/product\/3885\/revisions\/3886"}],"wp:featuredmedia":[{"embeddable":true,"href":"https:\/\/mobensescolar.com\/es\/wp-json\/wp\/v2\/media\/2141"}],"wp:attachment":[{"href":"https:\/\/mobensescolar.com\/es\/wp-json\/wp\/v2\/media?parent=3885"}],"wp:term":[{"taxonomy":"product_brand","embeddable":true,"href":"https:\/\/mobensescolar.com\/es\/wp-json\/wp\/v2\/product_brand?post=3885"},{"taxonomy":"product_cat","embeddable":true,"href":"https:\/\/mobensescolar.com\/es\/wp-json\/wp\/v2\/product_cat?post=3885"},{"taxonomy":"product_tag","embeddable":true,"href":"https:\/\/mobensescolar.com\/es\/wp-json\/wp\/v2\/product_tag?post=3885"}],"curies":[{"name":"wp","href":"https:\/\/api.w.org\/{rel}","templated":true}]}}