{"id":3972,"date":"2024-11-10T14:00:20","date_gmt":"2024-11-10T13:00:20","guid":{"rendered":"https:\/\/mobensescolar.com\/producto\/yang\/"},"modified":"2025-03-26T12:14:45","modified_gmt":"2025-03-26T11:14:45","slug":"mesa-escolar-yang","status":"publish","type":"product","link":"https:\/\/mobensescolar.com\/es\/producto\/mesa-escolar-yang\/","title":{"rendered":"Mesa escolar YANG"},"content":{"rendered":"<p>La <strong>mesa escolar YANG<\/strong> es una opci\u00f3n perfecta como mobiliario escolar de infantil y secundaria. Es una mesa colaborativa pensada para <strong>aulas de formaci\u00f3n, bibliotecas escolares y espacios educativos<\/strong> que necesitan mesas \u00a0que faciliten la <strong>colaboraci\u00f3n y el trabajo en equipo<\/strong>.<\/p>\n<p>Su dise\u00f1o ergon\u00f3mico y su tama\u00f1o permiten acomodar c\u00f3modamente hasta <strong>3 alumnos<\/strong>, proporcionando una superficie de trabajo ideal para din\u00e1micas grupales.<\/p>\n<p>Su gran ventaja es su dise\u00f1o <strong>modular y combinable<\/strong>, lo que permite expandir la capacidad seg\u00fan las necesidades del espacio educativo:<\/p>\n<ul>\n<li><strong>Combinando dos mesas Yang<\/strong>, obtenemos la <strong>mesa escolar YANG DUO<\/strong>, con espacio para <strong>6 alumnos<\/strong>.<\/li>\n<li><strong>A\u00f1adiendo una mesa Wave<\/strong> en el centro de la YANG DUO, logramos una gran <strong>mesa ovalada con capacidad para 8 alumnos<\/strong>, ideal para proyectos colaborativos y aprendizaje activo.<\/li>\n<\/ul>\n<p><strong>\u00a0<\/strong><\/p>\n<p><strong>Caracter\u00edsticas:<\/strong><\/p>\n<p>\u2714 <strong>Altura regulable<\/strong>, adaptable a distintas etapas educativas: infantil, primaria y secundaria.<br \/>\n\u2714 <strong>Dise\u00f1o modular<\/strong>, combinable con otras mesas para ampliar la capacidad de trabajo.<br \/>\n\u2714 <strong>Superficie ergon\u00f3mica<\/strong>, que mejora la comodidad y concentraci\u00f3n.<br \/>\n\u2714 <strong>Estructura robusta y estable<\/strong>, fabricada con materiales de alta calidad para un uso intensivo.<br \/>\n\u2714 <strong>Perfecta para bibliotecas, aulas de formaci\u00f3n y espacios colaborativos.<\/strong><\/p>\n<p>La <strong>mesa escolar YANG<\/strong> es una soluci\u00f3n vers\u00e1til que se adapta a cualquier entorno educativo, facilitando la creaci\u00f3n de espacios din\u00e1micos y flexibles para el aprendizaje.<\/p>\n<p>&nbsp;<\/p>\n<p><strong>Color estructura<\/strong><\/p>\n<p>Gris met\u00e1lico<\/p>\n","protected":false},"excerpt":{"rendered":"<p>La mesa escolar YANG es una opci\u00f3n perfecta como mobiliario escolar de infantil y secundaria. Es una mesa colaborativa pensada para aulas de formaci\u00f3n, bibliotecas escolares y espacios educativos que necesitan mesas \u00a0que faciliten la colaboraci\u00f3n y el trabajo en equipo. Su dise\u00f1o ergon\u00f3mico y su tama\u00f1o permiten acomodar c\u00f3modamente hasta 3 alumnos, proporcionando una &#8230; <a title=\"Mesa escolar YANG\" class=\"read-more\" href=\"https:\/\/mobensescolar.com\/es\/producto\/mesa-escolar-yang\/\" aria-label=\"Leer m\u00e1s sobre Mesa escolar YANG\">Leer m\u00e1s<\/a><\/p>\n","protected":false},"featured_media":2183,"comment_status":"closed","ping_status":"closed","template":"","meta":{"_acf_changed":false},"product_brand":[],"product_cat":[39],"product_tag":[],"class_list":{"0":"post-3972","1":"product","2":"type-product","3":"status-publish","4":"has-post-thumbnail","6":"product_cat-mesas-escolares","8":"first","9":"instock","10":"taxable","11":"shipping-taxable","12":"purchasable","13":"product-type-simple"},"supplier_id":null,"supplier_sku":"","barcode":null,"atum_controlled":true,"out_stock_date":null,"out_stock_threshold":null,"inheritable":false,"inbound_stock":0,"stock_on_hold":0,"sold_today":0,"sales_last_days":0,"reserved_stock":0,"customer_returns":0,"warehouse_damage":0,"lost_in_post":0,"other_logs":0,"out_stock_days":0,"lost_sales":0,"has_location":false,"update_date":"2026-04-29T00:11:29","atum_locations":[],"atum_stock_status":"instock","restock_status":false,"low_stock_amount":"","sales_update_date":"2026-04-29T00:11:29","calc_backorders":null,"acf":[],"yoast_head":"<!-- This site is optimized with the Yoast SEO plugin v24.4 - https:\/\/yoast.com\/wordpress\/plugins\/seo\/ -->\n<title>Mesa escolar YANG - Mobens Escolar<\/title>\n<meta name=\"description\" content=\"La mesa escolar YANG es una opci\u00f3n perfecta como mobiliario escolar de infantil y secundaria. Es una mesa colaborativa pensada para aulas de formaci\u00f3n, bibliotecas escolares y espacios educativos que necesitan mesas que faciliten la colaboraci\u00f3n y el trabajo en equipo.\" \/>\n<meta name=\"robots\" content=\"index, follow, max-snippet:-1, max-image-preview:large, max-video-preview:-1\" \/>\n<link rel=\"canonical\" href=\"https:\/\/mobensescolar.com\/es\/producto\/mesa-escolar-yang\/\" \/>\n<meta property=\"og:locale\" content=\"es_ES\" \/>\n<meta property=\"og:type\" content=\"article\" \/>\n<meta property=\"og:title\" content=\"Mesa escolar YANG - Mobens Escolar\" \/>\n<meta property=\"og:description\" content=\"La mesa escolar YANG es una opci\u00f3n perfecta como mobiliario escolar de infantil y secundaria. Es una mesa colaborativa pensada para aulas de formaci\u00f3n, bibliotecas escolares y espacios educativos que necesitan mesas que faciliten la colaboraci\u00f3n y el trabajo en equipo.\" \/>\n<meta property=\"og:url\" content=\"https:\/\/mobensescolar.com\/es\/producto\/mesa-escolar-yang\/\" \/>\n<meta property=\"og:site_name\" content=\"Mobens Escolar\" \/>\n<meta property=\"article:modified_time\" content=\"2025-03-26T11:14:45+00:00\" \/>\n<meta property=\"og:image\" content=\"https:\/\/mobensescolar.com\/wp-content\/uploads\/2024\/11\/2345R-yang.jpg\" \/>\n\t<meta property=\"og:image:width\" content=\"886\" \/>\n\t<meta property=\"og:image:height\" content=\"886\" \/>\n\t<meta property=\"og:image:type\" content=\"image\/jpeg\" \/>\n<meta name=\"twitter:card\" content=\"summary_large_image\" \/>\n<meta name=\"twitter:label1\" content=\"Tiempo de lectura\" \/>\n\t<meta name=\"twitter:data1\" content=\"2 minutos\" \/>\n<script type=\"application\/ld+json\" class=\"yoast-schema-graph\">{\"@context\":\"https:\/\/schema.org\",\"@graph\":[{\"@type\":\"WebPage\",\"@id\":\"https:\/\/mobensescolar.com\/es\/producto\/mesa-escolar-yang\/\",\"url\":\"https:\/\/mobensescolar.com\/es\/producto\/mesa-escolar-yang\/\",\"name\":\"Mesa escolar YANG - Mobens Escolar\",\"isPartOf\":{\"@id\":\"https:\/\/mobensescolar.com\/es\/#website\"},\"primaryImageOfPage\":{\"@id\":\"https:\/\/mobensescolar.com\/es\/producto\/mesa-escolar-yang\/#primaryimage\"},\"image\":{\"@id\":\"https:\/\/mobensescolar.com\/es\/producto\/mesa-escolar-yang\/#primaryimage\"},\"thumbnailUrl\":\"https:\/\/mobensescolar.com\/wp-content\/uploads\/2024\/11\/2345R-yang.jpg\",\"datePublished\":\"2024-11-10T13:00:20+00:00\",\"dateModified\":\"2025-03-26T11:14:45+00:00\",\"description\":\"La mesa escolar YANG es una opci\u00f3n perfecta como mobiliario escolar de infantil y secundaria. Es una mesa colaborativa pensada para aulas de formaci\u00f3n, bibliotecas escolares y espacios educativos que necesitan mesas que faciliten la colaboraci\u00f3n y el trabajo en equipo.\",\"breadcrumb\":{\"@id\":\"https:\/\/mobensescolar.com\/es\/producto\/mesa-escolar-yang\/#breadcrumb\"},\"inLanguage\":\"es\",\"potentialAction\":[{\"@type\":\"ReadAction\",\"target\":[\"https:\/\/mobensescolar.com\/es\/producto\/mesa-escolar-yang\/\"]}]},{\"@type\":\"ImageObject\",\"inLanguage\":\"es\",\"@id\":\"https:\/\/mobensescolar.com\/es\/producto\/mesa-escolar-yang\/#primaryimage\",\"url\":\"https:\/\/mobensescolar.com\/wp-content\/uploads\/2024\/11\/2345R-yang.jpg\",\"contentUrl\":\"https:\/\/mobensescolar.com\/wp-content\/uploads\/2024\/11\/2345R-yang.jpg\",\"width\":886,\"height\":886},{\"@type\":\"BreadcrumbList\",\"@id\":\"https:\/\/mobensescolar.com\/es\/producto\/mesa-escolar-yang\/#breadcrumb\",\"itemListElement\":[{\"@type\":\"ListItem\",\"position\":1,\"name\":\"Inici\",\"item\":\"https:\/\/mobensescolar.com\/es\/mobens-school\/\"},{\"@type\":\"ListItem\",\"position\":2,\"name\":\"Tienda\",\"item\":\"https:\/\/mobensescolar.com\/es\/tienda\/\"},{\"@type\":\"ListItem\",\"position\":3,\"name\":\"Mesa escolar YANG\"}]},{\"@type\":\"WebSite\",\"@id\":\"https:\/\/mobensescolar.com\/es\/#website\",\"url\":\"https:\/\/mobensescolar.com\/es\/\",\"name\":\"Mobens School\",\"description\":\"\",\"publisher\":{\"@id\":\"https:\/\/mobensescolar.com\/es\/#organization\"},\"potentialAction\":[{\"@type\":\"SearchAction\",\"target\":{\"@type\":\"EntryPoint\",\"urlTemplate\":\"https:\/\/mobensescolar.com\/es\/?s={search_term_string}\"},\"query-input\":{\"@type\":\"PropertyValueSpecification\",\"valueRequired\":true,\"valueName\":\"search_term_string\"}}],\"inLanguage\":\"es\"},{\"@type\":\"Organization\",\"@id\":\"https:\/\/mobensescolar.com\/es\/#organization\",\"name\":\"Mobens School\",\"url\":\"https:\/\/mobensescolar.com\/es\/\",\"logo\":{\"@type\":\"ImageObject\",\"inLanguage\":\"es\",\"@id\":\"https:\/\/mobensescolar.com\/es\/#\/schema\/logo\/image\/\",\"url\":\"https:\/\/mobensescolar.com\/wp-content\/uploads\/2024\/10\/logo-mobens.webp\",\"contentUrl\":\"https:\/\/mobensescolar.com\/wp-content\/uploads\/2024\/10\/logo-mobens.webp\",\"width\":181,\"height\":181,\"caption\":\"Mobens School\"},\"image\":{\"@id\":\"https:\/\/mobensescolar.com\/es\/#\/schema\/logo\/image\/\"},\"sameAs\":[\"https:\/\/www.instagram.com\/mobens.school\/\"]}]}<\/script>\n<!-- \/ Yoast SEO plugin. -->","yoast_head_json":{"title":"Mesa escolar YANG - Mobens Escolar","description":"La mesa escolar YANG es una opci\u00f3n perfecta como mobiliario escolar de infantil y secundaria. Es una mesa colaborativa pensada para aulas de formaci\u00f3n, bibliotecas escolares y espacios educativos que necesitan mesas que faciliten la colaboraci\u00f3n y el trabajo en equipo.","robots":{"index":"index","follow":"follow","max-snippet":"max-snippet:-1","max-image-preview":"max-image-preview:large","max-video-preview":"max-video-preview:-1"},"canonical":"https:\/\/mobensescolar.com\/es\/producto\/mesa-escolar-yang\/","og_locale":"es_ES","og_type":"article","og_title":"Mesa escolar YANG - Mobens Escolar","og_description":"La mesa escolar YANG es una opci\u00f3n perfecta como mobiliario escolar de infantil y secundaria. Es una mesa colaborativa pensada para aulas de formaci\u00f3n, bibliotecas escolares y espacios educativos que necesitan mesas que faciliten la colaboraci\u00f3n y el trabajo en equipo.","og_url":"https:\/\/mobensescolar.com\/es\/producto\/mesa-escolar-yang\/","og_site_name":"Mobens Escolar","article_modified_time":"2025-03-26T11:14:45+00:00","og_image":[{"width":886,"height":886,"url":"https:\/\/mobensescolar.com\/wp-content\/uploads\/2024\/11\/2345R-yang.jpg","type":"image\/jpeg"}],"twitter_card":"summary_large_image","twitter_misc":{"Tiempo de lectura":"2 minutos"},"schema":{"@context":"https:\/\/schema.org","@graph":[{"@type":"WebPage","@id":"https:\/\/mobensescolar.com\/es\/producto\/mesa-escolar-yang\/","url":"https:\/\/mobensescolar.com\/es\/producto\/mesa-escolar-yang\/","name":"Mesa escolar YANG - Mobens Escolar","isPartOf":{"@id":"https:\/\/mobensescolar.com\/es\/#website"},"primaryImageOfPage":{"@id":"https:\/\/mobensescolar.com\/es\/producto\/mesa-escolar-yang\/#primaryimage"},"image":{"@id":"https:\/\/mobensescolar.com\/es\/producto\/mesa-escolar-yang\/#primaryimage"},"thumbnailUrl":"https:\/\/mobensescolar.com\/wp-content\/uploads\/2024\/11\/2345R-yang.jpg","datePublished":"2024-11-10T13:00:20+00:00","dateModified":"2025-03-26T11:14:45+00:00","description":"La mesa escolar YANG es una opci\u00f3n perfecta como mobiliario escolar de infantil y secundaria. Es una mesa colaborativa pensada para aulas de formaci\u00f3n, bibliotecas escolares y espacios educativos que necesitan mesas que faciliten la colaboraci\u00f3n y el trabajo en equipo.","breadcrumb":{"@id":"https:\/\/mobensescolar.com\/es\/producto\/mesa-escolar-yang\/#breadcrumb"},"inLanguage":"es","potentialAction":[{"@type":"ReadAction","target":["https:\/\/mobensescolar.com\/es\/producto\/mesa-escolar-yang\/"]}]},{"@type":"ImageObject","inLanguage":"es","@id":"https:\/\/mobensescolar.com\/es\/producto\/mesa-escolar-yang\/#primaryimage","url":"https:\/\/mobensescolar.com\/wp-content\/uploads\/2024\/11\/2345R-yang.jpg","contentUrl":"https:\/\/mobensescolar.com\/wp-content\/uploads\/2024\/11\/2345R-yang.jpg","width":886,"height":886},{"@type":"BreadcrumbList","@id":"https:\/\/mobensescolar.com\/es\/producto\/mesa-escolar-yang\/#breadcrumb","itemListElement":[{"@type":"ListItem","position":1,"name":"Inici","item":"https:\/\/mobensescolar.com\/es\/mobens-school\/"},{"@type":"ListItem","position":2,"name":"Tienda","item":"https:\/\/mobensescolar.com\/es\/tienda\/"},{"@type":"ListItem","position":3,"name":"Mesa escolar YANG"}]},{"@type":"WebSite","@id":"https:\/\/mobensescolar.com\/es\/#website","url":"https:\/\/mobensescolar.com\/es\/","name":"Mobens School","description":"","publisher":{"@id":"https:\/\/mobensescolar.com\/es\/#organization"},"potentialAction":[{"@type":"SearchAction","target":{"@type":"EntryPoint","urlTemplate":"https:\/\/mobensescolar.com\/es\/?s={search_term_string}"},"query-input":{"@type":"PropertyValueSpecification","valueRequired":true,"valueName":"search_term_string"}}],"inLanguage":"es"},{"@type":"Organization","@id":"https:\/\/mobensescolar.com\/es\/#organization","name":"Mobens School","url":"https:\/\/mobensescolar.com\/es\/","logo":{"@type":"ImageObject","inLanguage":"es","@id":"https:\/\/mobensescolar.com\/es\/#\/schema\/logo\/image\/","url":"https:\/\/mobensescolar.com\/wp-content\/uploads\/2024\/10\/logo-mobens.webp","contentUrl":"https:\/\/mobensescolar.com\/wp-content\/uploads\/2024\/10\/logo-mobens.webp","width":181,"height":181,"caption":"Mobens School"},"image":{"@id":"https:\/\/mobensescolar.com\/es\/#\/schema\/logo\/image\/"},"sameAs":["https:\/\/www.instagram.com\/mobens.school\/"]}]}},"_links":{"self":[{"href":"https:\/\/mobensescolar.com\/es\/wp-json\/wp\/v2\/product\/3972","targetHints":{"allow":["GET"]}}],"collection":[{"href":"https:\/\/mobensescolar.com\/es\/wp-json\/wp\/v2\/product"}],"about":[{"href":"https:\/\/mobensescolar.com\/es\/wp-json\/wp\/v2\/types\/product"}],"replies":[{"embeddable":true,"href":"https:\/\/mobensescolar.com\/es\/wp-json\/wp\/v2\/comments?post=3972"}],"version-history":[{"count":1,"href":"https:\/\/mobensescolar.com\/es\/wp-json\/wp\/v2\/product\/3972\/revisions"}],"predecessor-version":[{"id":3973,"href":"https:\/\/mobensescolar.com\/es\/wp-json\/wp\/v2\/product\/3972\/revisions\/3973"}],"wp:featuredmedia":[{"embeddable":true,"href":"https:\/\/mobensescolar.com\/es\/wp-json\/wp\/v2\/media\/2183"}],"wp:attachment":[{"href":"https:\/\/mobensescolar.com\/es\/wp-json\/wp\/v2\/media?parent=3972"}],"wp:term":[{"taxonomy":"product_brand","embeddable":true,"href":"https:\/\/mobensescolar.com\/es\/wp-json\/wp\/v2\/product_brand?post=3972"},{"taxonomy":"product_cat","embeddable":true,"href":"https:\/\/mobensescolar.com\/es\/wp-json\/wp\/v2\/product_cat?post=3972"},{"taxonomy":"product_tag","embeddable":true,"href":"https:\/\/mobensescolar.com\/es\/wp-json\/wp\/v2\/product_tag?post=3972"}],"curies":[{"name":"wp","href":"https:\/\/api.w.org\/{rel}","templated":true}]}}