{"id":4009,"date":"2024-11-20T14:17:56","date_gmt":"2024-11-20T13:17:56","guid":{"rendered":"https:\/\/mobensescolar.com\/producto\/box\/"},"modified":"2025-05-30T12:40:00","modified_gmt":"2025-05-30T10:40:00","slug":"cajon-de-pupitre-box","status":"publish","type":"product","link":"https:\/\/mobensescolar.com\/es\/producto\/cajon-de-pupitre-box\/","title":{"rendered":"Caj\u00f3n de Pupitre BOX"},"content":{"rendered":"<div class=\"container\">\n<div class=\"row\">\n<div class=\"col-md-6 offset-md-3 col-xl-4 offset-xl-4\">\n<article class=\"w-full text-token-text-primary\" dir=\"auto\" data-testid=\"conversation-turn-2\" data-scroll-anchor=\"false\">\n<div class=\"text-base my-auto mx-auto py-5 px-6\">\n<div class=\"mx-auto flex flex-1 text-base gap-4 md:gap-5 lg:gap-6 md:max-w-3xl lg:max-w-[40rem] xl:max-w-[48rem] group\/turn-messages focus-visible:outline-none\" tabindex=\"-1\">\n<div class=\"group\/conversation-turn relative flex w-full min-w-0 flex-col agent-turn @xs\/thread:px-0 @sm\/thread:px-1.5 @md\/thread:px-4\">\n<div class=\"relative flex-col gap-1 md:gap-3\">\n<div class=\"flex max-w-full flex-col flex-grow\">\n<div class=\"min-h-8 text-message relative flex w-full flex-col items-end gap-2 whitespace-normal break-words text-start [.text-message+&amp;]:mt-5\" dir=\"auto\" data-message-author-role=\"assistant\" data-message-id=\"f7526a71-8084-4b60-891f-0da5c252f5be\" data-message-model-slug=\"gpt-4o\">\n<div class=\"flex w-full flex-col gap-1 empty:hidden first:pt-[3px]\">\n<div class=\"markdown prose w-full break-words dark:prose-invert light\">\n<p>El <strong>Caj\u00f3n de Pupitre BOX<\/strong> es una soluci\u00f3n pr\u00e1ctica y resistente dise\u00f1ada para transformar la mesa en un <strong>pupitre escolar<\/strong> funcional.<\/p>\n<p>Fabricado en polipropileno inyectado reforzado, este caj\u00f3n se instala f\u00e1cilmente bajo el tablero, ofreciendo una alternativa eficaz de <strong>almacenaje escolar.<\/strong> Ideal para mantener el material escolar ordenado y al alcance del alumnado.<\/p>\n<p>Convierte una mesa escolar en un <strong>pupitre con cajonera<\/strong>, optimizando el espacio y mejorando la organizaci\u00f3n en el aula.<\/p>\n<p><strong>Caracter\u00edsticas<\/strong><\/p>\n<ul>\n<li><strong>Material<\/strong>: Polipropileno inyectado reforzado para m\u00e1xima resistencia y durabilidad.<\/li>\n<li><strong>Instalaci\u00f3n<\/strong>: Se fija f\u00e1cilmente bajo el tablero de cualquier mesa escolar est\u00e1ndar.<\/li>\n<li><strong>Versatilidad<\/strong>: Compatible con distintos modelos de mesas escolares.<\/li>\n<li><strong>Funcionalidad<\/strong>: Mejora la organizaci\u00f3n al ofrecer espacio extra para guardar libros, cuadernos y \u00fatiles escolares.<\/li>\n<li><strong>Dise\u00f1o compacto<\/strong>: Discreto y ergon\u00f3mico, pensado para el uso diario en aulas.<\/li>\n<\/ul>\n<p>&nbsp;<\/p>\n<p><strong>Colores Disponibles<\/strong><\/p>\n<p>Grafito, turquesa, oliva, mostaza.<\/p>\n<\/div>\n<\/div>\n<\/div>\n<\/div>\n<\/div>\n<div class=\"absolute\">\n<div class=\"flex items-center justify-center\"><\/div>\n<\/div>\n<\/div>\n<\/div>\n<\/div>\n<\/article>\n<article class=\"w-full text-token-text-primary\" dir=\"auto\" data-testid=\"conversation-turn-3\" data-scroll-anchor=\"false\">\n<h5 class=\"sr-only\"><\/h5>\n<\/article>\n<\/div>\n<\/div>\n<\/div>\n","protected":false},"excerpt":{"rendered":"<p>El Caj\u00f3n de Pupitre BOX es una soluci\u00f3n pr\u00e1ctica y resistente dise\u00f1ada para transformar la mesa en un pupitre escolar funcional. Fabricado en polipropileno inyectado reforzado, este caj\u00f3n se instala f\u00e1cilmente bajo el tablero, ofreciendo una alternativa eficaz de almacenaje escolar. Ideal para mantener el material escolar ordenado y al alcance del alumnado. Convierte una &#8230; <a title=\"Caj\u00f3n de Pupitre BOX\" class=\"read-more\" href=\"https:\/\/mobensescolar.com\/es\/producto\/cajon-de-pupitre-box\/\" aria-label=\"Leer m\u00e1s sobre Caj\u00f3n de Pupitre BOX\">Leer m\u00e1s<\/a><\/p>\n","protected":false},"featured_media":3070,"comment_status":"open","ping_status":"closed","template":"","meta":{"_acf_changed":false},"product_brand":[],"product_cat":[45],"product_tag":[],"class_list":{"0":"post-4009","1":"product","2":"type-product","3":"status-publish","4":"has-post-thumbnail","6":"product_cat-complementos-de-mobiliario-escolar","8":"first","9":"instock","10":"taxable","11":"shipping-taxable","12":"purchasable","13":"product-type-simple"},"supplier_id":null,"supplier_sku":"","barcode":null,"atum_controlled":true,"out_stock_date":null,"out_stock_threshold":null,"inheritable":false,"inbound_stock":0,"stock_on_hold":0,"sold_today":0,"sales_last_days":0,"reserved_stock":0,"customer_returns":0,"warehouse_damage":0,"lost_in_post":0,"other_logs":0,"out_stock_days":0,"lost_sales":0,"has_location":false,"update_date":"2026-04-29T00:11:28","atum_locations":[],"atum_stock_status":"instock","restock_status":false,"low_stock_amount":"","sales_update_date":"2026-04-29T00:11:28","calc_backorders":null,"acf":[],"yoast_head":"<!-- This site is optimized with the Yoast SEO plugin v24.4 - https:\/\/yoast.com\/wordpress\/plugins\/seo\/ -->\n<title>Caj\u00f3n de Pupitre BOX - Mobens Escolar<\/title>\n<meta name=\"description\" content=\"Un pr\u00e1ctico accesorio bandeja para mesa escolar que facilita la organizaci\u00f3n del material en el aula. Dise\u00f1ada con l\u00edneas suaves y sin aristas vivas para garantizar la seguridad de los alumnos, ofrece una soluci\u00f3n funcional y est\u00e9tica para mantener el espacio de trabajo ordenado.\" \/>\n<meta name=\"robots\" content=\"index, follow, max-snippet:-1, max-image-preview:large, max-video-preview:-1\" \/>\n<link rel=\"canonical\" href=\"https:\/\/mobensescolar.com\/es\/producto\/cajon-de-pupitre-box\/\" \/>\n<meta property=\"og:locale\" content=\"es_ES\" \/>\n<meta property=\"og:type\" content=\"article\" \/>\n<meta property=\"og:title\" content=\"Caj\u00f3n de Pupitre BOX - Mobens Escolar\" \/>\n<meta property=\"og:description\" content=\"Un pr\u00e1ctico accesorio bandeja para mesa escolar que facilita la organizaci\u00f3n del material en el aula. Dise\u00f1ada con l\u00edneas suaves y sin aristas vivas para garantizar la seguridad de los alumnos, ofrece una soluci\u00f3n funcional y est\u00e9tica para mantener el espacio de trabajo ordenado.\" \/>\n<meta property=\"og:url\" content=\"https:\/\/mobensescolar.com\/es\/producto\/cajon-de-pupitre-box\/\" \/>\n<meta property=\"og:site_name\" content=\"Mobens Escolar\" \/>\n<meta property=\"article:modified_time\" content=\"2025-05-30T10:40:00+00:00\" \/>\n<meta property=\"og:image\" content=\"https:\/\/mobensescolar.com\/wp-content\/uploads\/2024\/11\/box-bl-basic.jpg\" \/>\n\t<meta property=\"og:image:width\" content=\"1067\" \/>\n\t<meta property=\"og:image:height\" content=\"1020\" \/>\n\t<meta property=\"og:image:type\" content=\"image\/jpeg\" \/>\n<meta name=\"twitter:card\" content=\"summary_large_image\" \/>\n<meta name=\"twitter:label1\" content=\"Tiempo de lectura\" \/>\n\t<meta name=\"twitter:data1\" content=\"1 minuto\" \/>\n<script type=\"application\/ld+json\" class=\"yoast-schema-graph\">{\"@context\":\"https:\/\/schema.org\",\"@graph\":[{\"@type\":\"WebPage\",\"@id\":\"https:\/\/mobensescolar.com\/es\/producto\/cajon-de-pupitre-box\/\",\"url\":\"https:\/\/mobensescolar.com\/es\/producto\/cajon-de-pupitre-box\/\",\"name\":\"Caj\u00f3n de Pupitre BOX - Mobens Escolar\",\"isPartOf\":{\"@id\":\"https:\/\/mobensescolar.com\/es\/#website\"},\"primaryImageOfPage\":{\"@id\":\"https:\/\/mobensescolar.com\/es\/producto\/cajon-de-pupitre-box\/#primaryimage\"},\"image\":{\"@id\":\"https:\/\/mobensescolar.com\/es\/producto\/cajon-de-pupitre-box\/#primaryimage\"},\"thumbnailUrl\":\"https:\/\/mobensescolar.com\/wp-content\/uploads\/2024\/11\/box-bl-basic.jpg\",\"datePublished\":\"2024-11-20T13:17:56+00:00\",\"dateModified\":\"2025-05-30T10:40:00+00:00\",\"description\":\"Un pr\u00e1ctico accesorio bandeja para mesa escolar que facilita la organizaci\u00f3n del material en el aula. Dise\u00f1ada con l\u00edneas suaves y sin aristas vivas para garantizar la seguridad de los alumnos, ofrece una soluci\u00f3n funcional y est\u00e9tica para mantener el espacio de trabajo ordenado.\",\"breadcrumb\":{\"@id\":\"https:\/\/mobensescolar.com\/es\/producto\/cajon-de-pupitre-box\/#breadcrumb\"},\"inLanguage\":\"es\",\"potentialAction\":[{\"@type\":\"ReadAction\",\"target\":[\"https:\/\/mobensescolar.com\/es\/producto\/cajon-de-pupitre-box\/\"]}]},{\"@type\":\"ImageObject\",\"inLanguage\":\"es\",\"@id\":\"https:\/\/mobensescolar.com\/es\/producto\/cajon-de-pupitre-box\/#primaryimage\",\"url\":\"https:\/\/mobensescolar.com\/wp-content\/uploads\/2024\/11\/box-bl-basic.jpg\",\"contentUrl\":\"https:\/\/mobensescolar.com\/wp-content\/uploads\/2024\/11\/box-bl-basic.jpg\",\"width\":1067,\"height\":1020},{\"@type\":\"BreadcrumbList\",\"@id\":\"https:\/\/mobensescolar.com\/es\/producto\/cajon-de-pupitre-box\/#breadcrumb\",\"itemListElement\":[{\"@type\":\"ListItem\",\"position\":1,\"name\":\"Inici\",\"item\":\"https:\/\/mobensescolar.com\/es\/mobens-school\/\"},{\"@type\":\"ListItem\",\"position\":2,\"name\":\"Tienda\",\"item\":\"https:\/\/mobensescolar.com\/es\/tienda\/\"},{\"@type\":\"ListItem\",\"position\":3,\"name\":\"Caj\u00f3n de Pupitre BOX\"}]},{\"@type\":\"WebSite\",\"@id\":\"https:\/\/mobensescolar.com\/es\/#website\",\"url\":\"https:\/\/mobensescolar.com\/es\/\",\"name\":\"Mobens School\",\"description\":\"\",\"publisher\":{\"@id\":\"https:\/\/mobensescolar.com\/es\/#organization\"},\"potentialAction\":[{\"@type\":\"SearchAction\",\"target\":{\"@type\":\"EntryPoint\",\"urlTemplate\":\"https:\/\/mobensescolar.com\/es\/?s={search_term_string}\"},\"query-input\":{\"@type\":\"PropertyValueSpecification\",\"valueRequired\":true,\"valueName\":\"search_term_string\"}}],\"inLanguage\":\"es\"},{\"@type\":\"Organization\",\"@id\":\"https:\/\/mobensescolar.com\/es\/#organization\",\"name\":\"Mobens School\",\"url\":\"https:\/\/mobensescolar.com\/es\/\",\"logo\":{\"@type\":\"ImageObject\",\"inLanguage\":\"es\",\"@id\":\"https:\/\/mobensescolar.com\/es\/#\/schema\/logo\/image\/\",\"url\":\"https:\/\/mobensescolar.com\/wp-content\/uploads\/2024\/10\/logo-mobens.webp\",\"contentUrl\":\"https:\/\/mobensescolar.com\/wp-content\/uploads\/2024\/10\/logo-mobens.webp\",\"width\":181,\"height\":181,\"caption\":\"Mobens School\"},\"image\":{\"@id\":\"https:\/\/mobensescolar.com\/es\/#\/schema\/logo\/image\/\"},\"sameAs\":[\"https:\/\/www.instagram.com\/mobens.school\/\"]}]}<\/script>\n<!-- \/ Yoast SEO plugin. -->","yoast_head_json":{"title":"Caj\u00f3n de Pupitre BOX - Mobens Escolar","description":"Un pr\u00e1ctico accesorio bandeja para mesa escolar que facilita la organizaci\u00f3n del material en el aula. Dise\u00f1ada con l\u00edneas suaves y sin aristas vivas para garantizar la seguridad de los alumnos, ofrece una soluci\u00f3n funcional y est\u00e9tica para mantener el espacio de trabajo ordenado.","robots":{"index":"index","follow":"follow","max-snippet":"max-snippet:-1","max-image-preview":"max-image-preview:large","max-video-preview":"max-video-preview:-1"},"canonical":"https:\/\/mobensescolar.com\/es\/producto\/cajon-de-pupitre-box\/","og_locale":"es_ES","og_type":"article","og_title":"Caj\u00f3n de Pupitre BOX - Mobens Escolar","og_description":"Un pr\u00e1ctico accesorio bandeja para mesa escolar que facilita la organizaci\u00f3n del material en el aula. Dise\u00f1ada con l\u00edneas suaves y sin aristas vivas para garantizar la seguridad de los alumnos, ofrece una soluci\u00f3n funcional y est\u00e9tica para mantener el espacio de trabajo ordenado.","og_url":"https:\/\/mobensescolar.com\/es\/producto\/cajon-de-pupitre-box\/","og_site_name":"Mobens Escolar","article_modified_time":"2025-05-30T10:40:00+00:00","og_image":[{"width":1067,"height":1020,"url":"https:\/\/mobensescolar.com\/wp-content\/uploads\/2024\/11\/box-bl-basic.jpg","type":"image\/jpeg"}],"twitter_card":"summary_large_image","twitter_misc":{"Tiempo de lectura":"1 minuto"},"schema":{"@context":"https:\/\/schema.org","@graph":[{"@type":"WebPage","@id":"https:\/\/mobensescolar.com\/es\/producto\/cajon-de-pupitre-box\/","url":"https:\/\/mobensescolar.com\/es\/producto\/cajon-de-pupitre-box\/","name":"Caj\u00f3n de Pupitre BOX - Mobens Escolar","isPartOf":{"@id":"https:\/\/mobensescolar.com\/es\/#website"},"primaryImageOfPage":{"@id":"https:\/\/mobensescolar.com\/es\/producto\/cajon-de-pupitre-box\/#primaryimage"},"image":{"@id":"https:\/\/mobensescolar.com\/es\/producto\/cajon-de-pupitre-box\/#primaryimage"},"thumbnailUrl":"https:\/\/mobensescolar.com\/wp-content\/uploads\/2024\/11\/box-bl-basic.jpg","datePublished":"2024-11-20T13:17:56+00:00","dateModified":"2025-05-30T10:40:00+00:00","description":"Un pr\u00e1ctico accesorio bandeja para mesa escolar que facilita la organizaci\u00f3n del material en el aula. Dise\u00f1ada con l\u00edneas suaves y sin aristas vivas para garantizar la seguridad de los alumnos, ofrece una soluci\u00f3n funcional y est\u00e9tica para mantener el espacio de trabajo ordenado.","breadcrumb":{"@id":"https:\/\/mobensescolar.com\/es\/producto\/cajon-de-pupitre-box\/#breadcrumb"},"inLanguage":"es","potentialAction":[{"@type":"ReadAction","target":["https:\/\/mobensescolar.com\/es\/producto\/cajon-de-pupitre-box\/"]}]},{"@type":"ImageObject","inLanguage":"es","@id":"https:\/\/mobensescolar.com\/es\/producto\/cajon-de-pupitre-box\/#primaryimage","url":"https:\/\/mobensescolar.com\/wp-content\/uploads\/2024\/11\/box-bl-basic.jpg","contentUrl":"https:\/\/mobensescolar.com\/wp-content\/uploads\/2024\/11\/box-bl-basic.jpg","width":1067,"height":1020},{"@type":"BreadcrumbList","@id":"https:\/\/mobensescolar.com\/es\/producto\/cajon-de-pupitre-box\/#breadcrumb","itemListElement":[{"@type":"ListItem","position":1,"name":"Inici","item":"https:\/\/mobensescolar.com\/es\/mobens-school\/"},{"@type":"ListItem","position":2,"name":"Tienda","item":"https:\/\/mobensescolar.com\/es\/tienda\/"},{"@type":"ListItem","position":3,"name":"Caj\u00f3n de Pupitre BOX"}]},{"@type":"WebSite","@id":"https:\/\/mobensescolar.com\/es\/#website","url":"https:\/\/mobensescolar.com\/es\/","name":"Mobens School","description":"","publisher":{"@id":"https:\/\/mobensescolar.com\/es\/#organization"},"potentialAction":[{"@type":"SearchAction","target":{"@type":"EntryPoint","urlTemplate":"https:\/\/mobensescolar.com\/es\/?s={search_term_string}"},"query-input":{"@type":"PropertyValueSpecification","valueRequired":true,"valueName":"search_term_string"}}],"inLanguage":"es"},{"@type":"Organization","@id":"https:\/\/mobensescolar.com\/es\/#organization","name":"Mobens School","url":"https:\/\/mobensescolar.com\/es\/","logo":{"@type":"ImageObject","inLanguage":"es","@id":"https:\/\/mobensescolar.com\/es\/#\/schema\/logo\/image\/","url":"https:\/\/mobensescolar.com\/wp-content\/uploads\/2024\/10\/logo-mobens.webp","contentUrl":"https:\/\/mobensescolar.com\/wp-content\/uploads\/2024\/10\/logo-mobens.webp","width":181,"height":181,"caption":"Mobens School"},"image":{"@id":"https:\/\/mobensescolar.com\/es\/#\/schema\/logo\/image\/"},"sameAs":["https:\/\/www.instagram.com\/mobens.school\/"]}]}},"_links":{"self":[{"href":"https:\/\/mobensescolar.com\/es\/wp-json\/wp\/v2\/product\/4009","targetHints":{"allow":["GET"]}}],"collection":[{"href":"https:\/\/mobensescolar.com\/es\/wp-json\/wp\/v2\/product"}],"about":[{"href":"https:\/\/mobensescolar.com\/es\/wp-json\/wp\/v2\/types\/product"}],"replies":[{"embeddable":true,"href":"https:\/\/mobensescolar.com\/es\/wp-json\/wp\/v2\/comments?post=4009"}],"version-history":[{"count":1,"href":"https:\/\/mobensescolar.com\/es\/wp-json\/wp\/v2\/product\/4009\/revisions"}],"predecessor-version":[{"id":4010,"href":"https:\/\/mobensescolar.com\/es\/wp-json\/wp\/v2\/product\/4009\/revisions\/4010"}],"wp:featuredmedia":[{"embeddable":true,"href":"https:\/\/mobensescolar.com\/es\/wp-json\/wp\/v2\/media\/3070"}],"wp:attachment":[{"href":"https:\/\/mobensescolar.com\/es\/wp-json\/wp\/v2\/media?parent=4009"}],"wp:term":[{"taxonomy":"product_brand","embeddable":true,"href":"https:\/\/mobensescolar.com\/es\/wp-json\/wp\/v2\/product_brand?post=4009"},{"taxonomy":"product_cat","embeddable":true,"href":"https:\/\/mobensescolar.com\/es\/wp-json\/wp\/v2\/product_cat?post=4009"},{"taxonomy":"product_tag","embeddable":true,"href":"https:\/\/mobensescolar.com\/es\/wp-json\/wp\/v2\/product_tag?post=4009"}],"curies":[{"name":"wp","href":"https:\/\/api.w.org\/{rel}","templated":true}]}}