{"id":4012,"date":"2024-11-10T14:00:35","date_gmt":"2024-11-10T13:00:35","guid":{"rendered":"https:\/\/mobensescolar.com\/producto\/gancho-mini-lily\/"},"modified":"2025-05-30T12:30:45","modified_gmt":"2025-05-30T10:30:45","slug":"colgador-para-mini-pizarra-lily","status":"publish","type":"product","link":"https:\/\/mobensescolar.com\/es\/producto\/colgador-para-mini-pizarra-lily\/","title":{"rendered":"Colgador para Mini Pizarra Lily"},"content":{"rendered":"<article class=\"w-full text-token-text-primary\" dir=\"auto\" data-testid=\"conversation-turn-10\" data-scroll-anchor=\"true\">\n<div class=\"text-base my-auto mx-auto py-5 px-6\">\n<div class=\"mx-auto flex flex-1 text-base gap-4 md:gap-5 lg:gap-6 md:max-w-3xl lg:max-w-[40rem] xl:max-w-[48rem] group\/turn-messages focus-visible:outline-none\" tabindex=\"-1\">\n<div class=\"group\/conversation-turn relative flex w-full min-w-0 flex-col agent-turn @xs\/thread:px-0 @sm\/thread:px-1.5 @md\/thread:px-4\">\n<div class=\"relative flex-col gap-1 md:gap-3\">\n<div class=\"flex max-w-full flex-col flex-grow\">\n<div class=\"min-h-8 text-message relative flex w-full flex-col items-end gap-2 whitespace-normal break-words text-start [.text-message+&amp;]:mt-5\" dir=\"auto\" data-message-author-role=\"assistant\" data-message-id=\"415bc41a-821e-4319-918b-7b6d0f408c20\" data-message-model-slug=\"gpt-4o\">\n<div class=\"flex w-full flex-col gap-1 empty:hidden first:pt-[3px]\">\n<div class=\"markdown prose w-full break-words dark:prose-invert light\">\n<p>El <strong>Colgador para Mini Pizarra Lily<\/strong> es la soluci\u00f3n perfecta para mantener organizadas las aulas y asegurar que las <strong>pizarras port\u00e1tiles<\/strong> est\u00e9n siempre al alcance y en buen estado. Dise\u00f1ado espec\u00edficamente para complementar el <strong>mobiliario escolar<\/strong>, este colgador facilita el almacenamiento y acceso a las mini pizarras, optimizando el espacio y promoviendo un entorno de aprendizaje ordenado.<\/p>\n<p><strong>Caracter\u00edsticas<\/strong><\/p>\n<ul>\n<li><strong>Dise\u00f1o funcional<\/strong>: Permite colgar las mini pizarras de forma segura y accesible.<\/li>\n<li><strong>Material resistente<\/strong>: Fabricado con materiales duraderos que garantizan una larga vida \u00fatil.<\/li>\n<li><strong>F\u00e1cil instalaci\u00f3n<\/strong>: Se adapta f\u00e1cilmente a diferentes superficies del aula.<\/li>\n<li><strong>Optimizaci\u00f3n del espacio<\/strong>: Contribuye a mantener el aula ordenada y libre de desorden.<\/li>\n<\/ul>\n<p><strong>Colores<\/strong><\/p>\n<p>Blanco<\/p>\n<\/div>\n<\/div>\n<\/div>\n<\/div>\n<\/div>\n<div class=\"absolute\">\n<div class=\"flex items-center justify-center\"><\/div>\n<\/div>\n<\/div>\n<\/div>\n<\/div>\n<\/article>\n<div class=\"pointer-events-none h-px w-px\" aria-hidden=\"true\" data-edge=\"true\"><\/div>\n","protected":false},"excerpt":{"rendered":"<p>El Colgador para Mini Pizarra Lily es la soluci\u00f3n perfecta para mantener organizadas las aulas y asegurar que las pizarras port\u00e1tiles est\u00e9n siempre al alcance y en buen estado. Dise\u00f1ado espec\u00edficamente para complementar el mobiliario escolar, este colgador facilita el almacenamiento y acceso a las mini pizarras, optimizando el espacio y promoviendo un entorno de &#8230; <a title=\"Colgador para Mini Pizarra Lily\" class=\"read-more\" href=\"https:\/\/mobensescolar.com\/es\/producto\/colgador-para-mini-pizarra-lily\/\" aria-label=\"Leer m\u00e1s sobre Colgador para Mini Pizarra Lily\">Leer m\u00e1s<\/a><\/p>\n","protected":false},"featured_media":2205,"comment_status":"closed","ping_status":"closed","template":"","meta":{"_acf_changed":false},"product_brand":[],"product_cat":[45],"product_tag":[],"class_list":{"0":"post-4012","1":"product","2":"type-product","3":"status-publish","4":"has-post-thumbnail","6":"product_cat-complementos-de-mobiliario-escolar","8":"first","9":"instock","10":"taxable","11":"shipping-taxable","12":"purchasable","13":"product-type-simple"},"supplier_id":null,"supplier_sku":"","barcode":null,"atum_controlled":true,"out_stock_date":null,"out_stock_threshold":null,"inheritable":false,"inbound_stock":0,"stock_on_hold":0,"sold_today":0,"sales_last_days":0,"reserved_stock":0,"customer_returns":0,"warehouse_damage":0,"lost_in_post":0,"other_logs":0,"out_stock_days":0,"lost_sales":0,"has_location":false,"update_date":"2026-04-29T00:11:28","atum_locations":[],"atum_stock_status":"instock","restock_status":false,"low_stock_amount":"","sales_update_date":"2026-04-29T00:11:28","calc_backorders":null,"acf":[],"yoast_head":"<!-- This site is optimized with the Yoast SEO plugin v24.4 - https:\/\/yoast.com\/wordpress\/plugins\/seo\/ -->\n<title>Colgador para Mini Pizarra Lily - Mobens Escolar<\/title>\n<meta name=\"description\" content=\"El Colgador para Mini Pizarra Lily es la soluci\u00f3n perfecta para mantener organizadas las aulas y asegurar que las pizarras port\u00e1tiles est\u00e9n siempre al alcance y en buen estado.\" \/>\n<meta name=\"robots\" content=\"index, follow, max-snippet:-1, max-image-preview:large, max-video-preview:-1\" \/>\n<link rel=\"canonical\" href=\"https:\/\/mobensescolar.com\/es\/producto\/colgador-para-mini-pizarra-lily\/\" \/>\n<meta property=\"og:locale\" content=\"es_ES\" \/>\n<meta property=\"og:type\" content=\"article\" \/>\n<meta property=\"og:title\" content=\"Colgador para Mini Pizarra Lily - Mobens Escolar\" \/>\n<meta property=\"og:description\" content=\"El Colgador para Mini Pizarra Lily es la soluci\u00f3n perfecta para mantener organizadas las aulas y asegurar que las pizarras port\u00e1tiles est\u00e9n siempre al alcance y en buen estado.\" \/>\n<meta property=\"og:url\" content=\"https:\/\/mobensescolar.com\/es\/producto\/colgador-para-mini-pizarra-lily\/\" \/>\n<meta property=\"og:site_name\" content=\"Mobens Escolar\" \/>\n<meta property=\"article:modified_time\" content=\"2025-05-30T10:30:45+00:00\" \/>\n<meta property=\"og:image\" content=\"https:\/\/mobensescolar.com\/wp-content\/uploads\/2024\/11\/7029-gancho.png\" \/>\n\t<meta property=\"og:image:width\" content=\"1000\" \/>\n\t<meta property=\"og:image:height\" content=\"1000\" \/>\n\t<meta property=\"og:image:type\" content=\"image\/png\" \/>\n<meta name=\"twitter:card\" content=\"summary_large_image\" \/>\n<meta name=\"twitter:label1\" content=\"Tiempo de lectura\" \/>\n\t<meta name=\"twitter:data1\" content=\"1 minuto\" \/>\n<script type=\"application\/ld+json\" class=\"yoast-schema-graph\">{\"@context\":\"https:\/\/schema.org\",\"@graph\":[{\"@type\":\"WebPage\",\"@id\":\"https:\/\/mobensescolar.com\/es\/producto\/colgador-para-mini-pizarra-lily\/\",\"url\":\"https:\/\/mobensescolar.com\/es\/producto\/colgador-para-mini-pizarra-lily\/\",\"name\":\"Colgador para Mini Pizarra Lily - Mobens Escolar\",\"isPartOf\":{\"@id\":\"https:\/\/mobensescolar.com\/es\/#website\"},\"primaryImageOfPage\":{\"@id\":\"https:\/\/mobensescolar.com\/es\/producto\/colgador-para-mini-pizarra-lily\/#primaryimage\"},\"image\":{\"@id\":\"https:\/\/mobensescolar.com\/es\/producto\/colgador-para-mini-pizarra-lily\/#primaryimage\"},\"thumbnailUrl\":\"https:\/\/mobensescolar.com\/wp-content\/uploads\/2024\/11\/7029-gancho.png\",\"datePublished\":\"2024-11-10T13:00:35+00:00\",\"dateModified\":\"2025-05-30T10:30:45+00:00\",\"description\":\"El Colgador para Mini Pizarra Lily es la soluci\u00f3n perfecta para mantener organizadas las aulas y asegurar que las pizarras port\u00e1tiles est\u00e9n siempre al alcance y en buen estado.\",\"breadcrumb\":{\"@id\":\"https:\/\/mobensescolar.com\/es\/producto\/colgador-para-mini-pizarra-lily\/#breadcrumb\"},\"inLanguage\":\"es\",\"potentialAction\":[{\"@type\":\"ReadAction\",\"target\":[\"https:\/\/mobensescolar.com\/es\/producto\/colgador-para-mini-pizarra-lily\/\"]}]},{\"@type\":\"ImageObject\",\"inLanguage\":\"es\",\"@id\":\"https:\/\/mobensescolar.com\/es\/producto\/colgador-para-mini-pizarra-lily\/#primaryimage\",\"url\":\"https:\/\/mobensescolar.com\/wp-content\/uploads\/2024\/11\/7029-gancho.png\",\"contentUrl\":\"https:\/\/mobensescolar.com\/wp-content\/uploads\/2024\/11\/7029-gancho.png\",\"width\":1000,\"height\":1000},{\"@type\":\"BreadcrumbList\",\"@id\":\"https:\/\/mobensescolar.com\/es\/producto\/colgador-para-mini-pizarra-lily\/#breadcrumb\",\"itemListElement\":[{\"@type\":\"ListItem\",\"position\":1,\"name\":\"Inici\",\"item\":\"https:\/\/mobensescolar.com\/es\/mobens-school\/\"},{\"@type\":\"ListItem\",\"position\":2,\"name\":\"Tienda\",\"item\":\"https:\/\/mobensescolar.com\/es\/tienda\/\"},{\"@type\":\"ListItem\",\"position\":3,\"name\":\"Colgador para Mini Pizarra Lily\"}]},{\"@type\":\"WebSite\",\"@id\":\"https:\/\/mobensescolar.com\/es\/#website\",\"url\":\"https:\/\/mobensescolar.com\/es\/\",\"name\":\"Mobens School\",\"description\":\"\",\"publisher\":{\"@id\":\"https:\/\/mobensescolar.com\/es\/#organization\"},\"potentialAction\":[{\"@type\":\"SearchAction\",\"target\":{\"@type\":\"EntryPoint\",\"urlTemplate\":\"https:\/\/mobensescolar.com\/es\/?s={search_term_string}\"},\"query-input\":{\"@type\":\"PropertyValueSpecification\",\"valueRequired\":true,\"valueName\":\"search_term_string\"}}],\"inLanguage\":\"es\"},{\"@type\":\"Organization\",\"@id\":\"https:\/\/mobensescolar.com\/es\/#organization\",\"name\":\"Mobens School\",\"url\":\"https:\/\/mobensescolar.com\/es\/\",\"logo\":{\"@type\":\"ImageObject\",\"inLanguage\":\"es\",\"@id\":\"https:\/\/mobensescolar.com\/es\/#\/schema\/logo\/image\/\",\"url\":\"https:\/\/mobensescolar.com\/wp-content\/uploads\/2024\/10\/logo-mobens.webp\",\"contentUrl\":\"https:\/\/mobensescolar.com\/wp-content\/uploads\/2024\/10\/logo-mobens.webp\",\"width\":181,\"height\":181,\"caption\":\"Mobens School\"},\"image\":{\"@id\":\"https:\/\/mobensescolar.com\/es\/#\/schema\/logo\/image\/\"},\"sameAs\":[\"https:\/\/www.instagram.com\/mobens.school\/\"]}]}<\/script>\n<!-- \/ Yoast SEO plugin. -->","yoast_head_json":{"title":"Colgador para Mini Pizarra Lily - Mobens Escolar","description":"El Colgador para Mini Pizarra Lily es la soluci\u00f3n perfecta para mantener organizadas las aulas y asegurar que las pizarras port\u00e1tiles est\u00e9n siempre al alcance y en buen estado.","robots":{"index":"index","follow":"follow","max-snippet":"max-snippet:-1","max-image-preview":"max-image-preview:large","max-video-preview":"max-video-preview:-1"},"canonical":"https:\/\/mobensescolar.com\/es\/producto\/colgador-para-mini-pizarra-lily\/","og_locale":"es_ES","og_type":"article","og_title":"Colgador para Mini Pizarra Lily - Mobens Escolar","og_description":"El Colgador para Mini Pizarra Lily es la soluci\u00f3n perfecta para mantener organizadas las aulas y asegurar que las pizarras port\u00e1tiles est\u00e9n siempre al alcance y en buen estado.","og_url":"https:\/\/mobensescolar.com\/es\/producto\/colgador-para-mini-pizarra-lily\/","og_site_name":"Mobens Escolar","article_modified_time":"2025-05-30T10:30:45+00:00","og_image":[{"width":1000,"height":1000,"url":"https:\/\/mobensescolar.com\/wp-content\/uploads\/2024\/11\/7029-gancho.png","type":"image\/png"}],"twitter_card":"summary_large_image","twitter_misc":{"Tiempo de lectura":"1 minuto"},"schema":{"@context":"https:\/\/schema.org","@graph":[{"@type":"WebPage","@id":"https:\/\/mobensescolar.com\/es\/producto\/colgador-para-mini-pizarra-lily\/","url":"https:\/\/mobensescolar.com\/es\/producto\/colgador-para-mini-pizarra-lily\/","name":"Colgador para Mini Pizarra Lily - Mobens Escolar","isPartOf":{"@id":"https:\/\/mobensescolar.com\/es\/#website"},"primaryImageOfPage":{"@id":"https:\/\/mobensescolar.com\/es\/producto\/colgador-para-mini-pizarra-lily\/#primaryimage"},"image":{"@id":"https:\/\/mobensescolar.com\/es\/producto\/colgador-para-mini-pizarra-lily\/#primaryimage"},"thumbnailUrl":"https:\/\/mobensescolar.com\/wp-content\/uploads\/2024\/11\/7029-gancho.png","datePublished":"2024-11-10T13:00:35+00:00","dateModified":"2025-05-30T10:30:45+00:00","description":"El Colgador para Mini Pizarra Lily es la soluci\u00f3n perfecta para mantener organizadas las aulas y asegurar que las pizarras port\u00e1tiles est\u00e9n siempre al alcance y en buen estado.","breadcrumb":{"@id":"https:\/\/mobensescolar.com\/es\/producto\/colgador-para-mini-pizarra-lily\/#breadcrumb"},"inLanguage":"es","potentialAction":[{"@type":"ReadAction","target":["https:\/\/mobensescolar.com\/es\/producto\/colgador-para-mini-pizarra-lily\/"]}]},{"@type":"ImageObject","inLanguage":"es","@id":"https:\/\/mobensescolar.com\/es\/producto\/colgador-para-mini-pizarra-lily\/#primaryimage","url":"https:\/\/mobensescolar.com\/wp-content\/uploads\/2024\/11\/7029-gancho.png","contentUrl":"https:\/\/mobensescolar.com\/wp-content\/uploads\/2024\/11\/7029-gancho.png","width":1000,"height":1000},{"@type":"BreadcrumbList","@id":"https:\/\/mobensescolar.com\/es\/producto\/colgador-para-mini-pizarra-lily\/#breadcrumb","itemListElement":[{"@type":"ListItem","position":1,"name":"Inici","item":"https:\/\/mobensescolar.com\/es\/mobens-school\/"},{"@type":"ListItem","position":2,"name":"Tienda","item":"https:\/\/mobensescolar.com\/es\/tienda\/"},{"@type":"ListItem","position":3,"name":"Colgador para Mini Pizarra Lily"}]},{"@type":"WebSite","@id":"https:\/\/mobensescolar.com\/es\/#website","url":"https:\/\/mobensescolar.com\/es\/","name":"Mobens School","description":"","publisher":{"@id":"https:\/\/mobensescolar.com\/es\/#organization"},"potentialAction":[{"@type":"SearchAction","target":{"@type":"EntryPoint","urlTemplate":"https:\/\/mobensescolar.com\/es\/?s={search_term_string}"},"query-input":{"@type":"PropertyValueSpecification","valueRequired":true,"valueName":"search_term_string"}}],"inLanguage":"es"},{"@type":"Organization","@id":"https:\/\/mobensescolar.com\/es\/#organization","name":"Mobens School","url":"https:\/\/mobensescolar.com\/es\/","logo":{"@type":"ImageObject","inLanguage":"es","@id":"https:\/\/mobensescolar.com\/es\/#\/schema\/logo\/image\/","url":"https:\/\/mobensescolar.com\/wp-content\/uploads\/2024\/10\/logo-mobens.webp","contentUrl":"https:\/\/mobensescolar.com\/wp-content\/uploads\/2024\/10\/logo-mobens.webp","width":181,"height":181,"caption":"Mobens School"},"image":{"@id":"https:\/\/mobensescolar.com\/es\/#\/schema\/logo\/image\/"},"sameAs":["https:\/\/www.instagram.com\/mobens.school\/"]}]}},"_links":{"self":[{"href":"https:\/\/mobensescolar.com\/es\/wp-json\/wp\/v2\/product\/4012","targetHints":{"allow":["GET"]}}],"collection":[{"href":"https:\/\/mobensescolar.com\/es\/wp-json\/wp\/v2\/product"}],"about":[{"href":"https:\/\/mobensescolar.com\/es\/wp-json\/wp\/v2\/types\/product"}],"replies":[{"embeddable":true,"href":"https:\/\/mobensescolar.com\/es\/wp-json\/wp\/v2\/comments?post=4012"}],"version-history":[{"count":1,"href":"https:\/\/mobensescolar.com\/es\/wp-json\/wp\/v2\/product\/4012\/revisions"}],"predecessor-version":[{"id":4013,"href":"https:\/\/mobensescolar.com\/es\/wp-json\/wp\/v2\/product\/4012\/revisions\/4013"}],"wp:featuredmedia":[{"embeddable":true,"href":"https:\/\/mobensescolar.com\/es\/wp-json\/wp\/v2\/media\/2205"}],"wp:attachment":[{"href":"https:\/\/mobensescolar.com\/es\/wp-json\/wp\/v2\/media?parent=4012"}],"wp:term":[{"taxonomy":"product_brand","embeddable":true,"href":"https:\/\/mobensescolar.com\/es\/wp-json\/wp\/v2\/product_brand?post=4012"},{"taxonomy":"product_cat","embeddable":true,"href":"https:\/\/mobensescolar.com\/es\/wp-json\/wp\/v2\/product_cat?post=4012"},{"taxonomy":"product_tag","embeddable":true,"href":"https:\/\/mobensescolar.com\/es\/wp-json\/wp\/v2\/product_tag?post=4012"}],"curies":[{"name":"wp","href":"https:\/\/api.w.org\/{rel}","templated":true}]}}