{"id":4052,"date":"2024-12-16T20:24:27","date_gmt":"2024-12-16T19:24:27","guid":{"rendered":"https:\/\/mobensescolar.com\/producto\/kiddy-r\/"},"modified":"2025-03-28T10:59:10","modified_gmt":"2025-03-28T09:59:10","slug":"mesa-infantil-kiddy-r","status":"publish","type":"product","link":"https:\/\/mobensescolar.com\/es\/producto\/mesa-infantil-kiddy-r\/","title":{"rendered":"Mesa Infantil Kiddy R"},"content":{"rendered":"<div class=\"container\">\n<div class=\"row\">\n<div class=\"col-md-6 offset-md-3 col-xl-4 offset-xl-4\">\n<p>La <strong>Mesa escolar Kiddy R<\/strong> es una opci\u00f3n vers\u00e1til dentro del <strong>mobiliario escolar para infantil.<\/strong> Dise\u00f1ada para proporcionar un entorno seguro y funcional en <strong>aulas infantiles. <\/strong>Su dise\u00f1o modular permite combinarse con las <strong>mesas Kiddy G, Kiddy T, Kiddy C y Kiddy E<\/strong>, creando espacios din\u00e1micos en un <strong>aula colaborativa<\/strong>.<\/p>\n<p>&nbsp;<\/p>\n<p><strong>Caracter\u00edsticas:<\/strong><\/p>\n<p>\u2705 <strong>Dise\u00f1o ergon\u00f3mico y seguro:<\/strong> Cantos redondeados sin aristas vivas para mayor protecci\u00f3n.<br \/>\n\u2705 <strong>Estructura resistente:<\/strong> Patas con pletinas met\u00e1licas soldadas que garantizan estabilidad y durabilidad.<br \/>\n\u2705 <strong>Superficie de melamina de f\u00e1cil limpieza:<\/strong> Resistente al uso diario en entornos infantiles.<br \/>\n\u2705 <strong>Configuraci\u00f3n colaborativa:<\/strong> Posibilidad de combinarse con <strong>Kiddy G, Kiddy T, Kiddy C y Kiddy E<\/strong> para optimizar el espacio y fomentar el trabajo en equipo.<br \/>\n\u2705 <strong>Versatilidad en el aula:<\/strong> Ideal como <strong>mesa de colegio<\/strong>, <strong>mesa colaborativa<\/strong> y <strong>mesa escolar colaborativa<\/strong>.<\/p>\n<p><strong>\u00a0<\/strong><\/p>\n<p><strong>Color estructura:<\/strong><\/p>\n<p>Blanco.<br \/>\n&nbsp;<\/p>\n<h3>Mesa combinable con:<\/h3>\n<p><img decoding=\"async\" class=\"emoji\" role=\"img\" draggable=\"false\" src=\"https:\/\/s.w.org\/images\/core\/emoji\/15.0.3\/svg\/1f449.svg\" alt=\"\ud83d\udc49\" \/ fetchpriority=\"high\"> <a href=\"\/es\/producto\/mesa-infantil-kiddy-c\/\">Mesa infantil KIDDY C<\/a><\/p>\n<p><img decoding=\"async\" class=\"emoji\" role=\"img\" draggable=\"false\" src=\"https:\/\/s.w.org\/images\/core\/emoji\/15.0.3\/svg\/1f449.svg\" alt=\"\ud83d\udc49\" \/ loading=\"lazy\" fetchpriority=\"low\"> <a href=\"\/es\/producto\/mesa-escolar-kiddy-T\/\">Mesa escolar KIDDY T<\/a><\/p>\n<p><img decoding=\"async\" class=\"emoji\" role=\"img\" draggable=\"false\" src=\"https:\/\/s.w.org\/images\/core\/emoji\/15.0.3\/svg\/1f449.svg\" alt=\"\ud83d\udc49\" \/ loading=\"lazy\" fetchpriority=\"low\"> <a href=\"\/es\/producto\/mesa-infantil-kiddy-e-eclipse\/\">Mesa infantil KIDDY E ECLIPSE<\/a><\/p>\n<p><img decoding=\"async\" class=\"emoji\" role=\"img\" draggable=\"false\" src=\"https:\/\/s.w.org\/images\/core\/emoji\/15.0.3\/svg\/1f449.svg\" alt=\"\ud83d\udc49\" \/ loading=\"lazy\" fetchpriority=\"low\"> <a href=\"\/es\/producto\/mesa-escolar-kiddy-g\/\">Mesa escolar KIDDY G<\/a><\/p>\n<\/div>\n<\/div>\n<\/div>\n","protected":false},"excerpt":{"rendered":"<p>La Mesa escolar Kiddy R es una opci\u00f3n vers\u00e1til dentro del mobiliario escolar para infantil. Dise\u00f1ada para proporcionar un entorno seguro y funcional en aulas infantiles. Su dise\u00f1o modular permite combinarse con las mesas Kiddy G, Kiddy T, Kiddy C y Kiddy E, creando espacios din\u00e1micos en un aula colaborativa. &nbsp; Caracter\u00edsticas: \u2705 Dise\u00f1o ergon\u00f3mico &#8230; <a title=\"Mesa Infantil Kiddy R\" class=\"read-more\" href=\"https:\/\/mobensescolar.com\/es\/producto\/mesa-infantil-kiddy-r\/\" aria-label=\"Leer m\u00e1s sobre Mesa Infantil Kiddy R\">Leer m\u00e1s<\/a><\/p>\n","protected":false},"featured_media":3362,"comment_status":"open","ping_status":"closed","template":"","meta":{"_acf_changed":false},"product_brand":[],"product_cat":[39],"product_tag":[],"class_list":{"0":"post-4052","1":"product","2":"type-product","3":"status-publish","4":"has-post-thumbnail","6":"product_cat-mesas-escolares","8":"first","9":"instock","10":"taxable","11":"shipping-taxable","12":"purchasable","13":"product-type-simple"},"supplier_id":null,"supplier_sku":"","barcode":null,"atum_controlled":true,"out_stock_date":null,"out_stock_threshold":null,"inheritable":false,"inbound_stock":0,"stock_on_hold":0,"sold_today":0,"sales_last_days":0,"reserved_stock":0,"customer_returns":0,"warehouse_damage":0,"lost_in_post":0,"other_logs":0,"out_stock_days":0,"lost_sales":0,"has_location":false,"update_date":"2026-04-29T00:11:22","atum_locations":[],"atum_stock_status":"instock","restock_status":false,"low_stock_amount":"","sales_update_date":"2026-04-29T00:11:22","calc_backorders":null,"acf":[],"yoast_head":"<!-- This site is optimized with the Yoast SEO plugin v24.4 - https:\/\/yoast.com\/wordpress\/plugins\/seo\/ -->\n<title>Mesa Infantil Kiddy R - Mobens Escolar<\/title>\n<meta name=\"description\" content=\"La Mesa escolar Kiddy R es una opci\u00f3n vers\u00e1til dentro del mobiliario escolar para infantil. Dise\u00f1ada para proporcionar un entorno seguro y funcional en aulas infantiles.\" \/>\n<meta name=\"robots\" content=\"index, follow, max-snippet:-1, max-image-preview:large, max-video-preview:-1\" \/>\n<link rel=\"canonical\" href=\"https:\/\/mobensescolar.com\/es\/producto\/mesa-infantil-kiddy-r\/\" \/>\n<meta property=\"og:locale\" content=\"es_ES\" \/>\n<meta property=\"og:type\" content=\"article\" \/>\n<meta property=\"og:title\" content=\"Mesa Infantil Kiddy R - Mobens Escolar\" \/>\n<meta property=\"og:description\" content=\"La Mesa escolar Kiddy R es una opci\u00f3n vers\u00e1til dentro del mobiliario escolar para infantil. Dise\u00f1ada para proporcionar un entorno seguro y funcional en aulas infantiles.\" \/>\n<meta property=\"og:url\" content=\"https:\/\/mobensescolar.com\/es\/producto\/mesa-infantil-kiddy-r\/\" \/>\n<meta property=\"og:site_name\" content=\"Mobens Escolar\" \/>\n<meta property=\"article:modified_time\" content=\"2025-03-28T09:59:10+00:00\" \/>\n<meta property=\"og:image\" content=\"https:\/\/mobensescolar.com\/wp-content\/uploads\/2024\/12\/kiddy-r-cdf-bl-basic.jpg\" \/>\n\t<meta property=\"og:image:width\" content=\"1067\" \/>\n\t<meta property=\"og:image:height\" content=\"1020\" \/>\n\t<meta property=\"og:image:type\" content=\"image\/jpeg\" \/>\n<meta name=\"twitter:card\" content=\"summary_large_image\" \/>\n<meta name=\"twitter:label1\" content=\"Tiempo de lectura\" \/>\n\t<meta name=\"twitter:data1\" content=\"2 minutos\" \/>\n<script type=\"application\/ld+json\" class=\"yoast-schema-graph\">{\"@context\":\"https:\/\/schema.org\",\"@graph\":[{\"@type\":\"WebPage\",\"@id\":\"https:\/\/mobensescolar.com\/es\/producto\/mesa-infantil-kiddy-r\/\",\"url\":\"https:\/\/mobensescolar.com\/es\/producto\/mesa-infantil-kiddy-r\/\",\"name\":\"Mesa Infantil Kiddy R - Mobens Escolar\",\"isPartOf\":{\"@id\":\"https:\/\/mobensescolar.com\/es\/#website\"},\"primaryImageOfPage\":{\"@id\":\"https:\/\/mobensescolar.com\/es\/producto\/mesa-infantil-kiddy-r\/#primaryimage\"},\"image\":{\"@id\":\"https:\/\/mobensescolar.com\/es\/producto\/mesa-infantil-kiddy-r\/#primaryimage\"},\"thumbnailUrl\":\"https:\/\/mobensescolar.com\/wp-content\/uploads\/2024\/12\/kiddy-r-cdf-bl-basic.jpg\",\"datePublished\":\"2024-12-16T19:24:27+00:00\",\"dateModified\":\"2025-03-28T09:59:10+00:00\",\"description\":\"La Mesa escolar Kiddy R es una opci\u00f3n vers\u00e1til dentro del mobiliario escolar para infantil. Dise\u00f1ada para proporcionar un entorno seguro y funcional en aulas infantiles.\",\"breadcrumb\":{\"@id\":\"https:\/\/mobensescolar.com\/es\/producto\/mesa-infantil-kiddy-r\/#breadcrumb\"},\"inLanguage\":\"es\",\"potentialAction\":[{\"@type\":\"ReadAction\",\"target\":[\"https:\/\/mobensescolar.com\/es\/producto\/mesa-infantil-kiddy-r\/\"]}]},{\"@type\":\"ImageObject\",\"inLanguage\":\"es\",\"@id\":\"https:\/\/mobensescolar.com\/es\/producto\/mesa-infantil-kiddy-r\/#primaryimage\",\"url\":\"https:\/\/mobensescolar.com\/wp-content\/uploads\/2024\/12\/kiddy-r-cdf-bl-basic.jpg\",\"contentUrl\":\"https:\/\/mobensescolar.com\/wp-content\/uploads\/2024\/12\/kiddy-r-cdf-bl-basic.jpg\",\"width\":1067,\"height\":1020},{\"@type\":\"BreadcrumbList\",\"@id\":\"https:\/\/mobensescolar.com\/es\/producto\/mesa-infantil-kiddy-r\/#breadcrumb\",\"itemListElement\":[{\"@type\":\"ListItem\",\"position\":1,\"name\":\"Inici\",\"item\":\"https:\/\/mobensescolar.com\/es\/mobens-school\/\"},{\"@type\":\"ListItem\",\"position\":2,\"name\":\"Tienda\",\"item\":\"https:\/\/mobensescolar.com\/es\/tienda\/\"},{\"@type\":\"ListItem\",\"position\":3,\"name\":\"Mesa Infantil Kiddy R\"}]},{\"@type\":\"WebSite\",\"@id\":\"https:\/\/mobensescolar.com\/es\/#website\",\"url\":\"https:\/\/mobensescolar.com\/es\/\",\"name\":\"Mobens School\",\"description\":\"\",\"publisher\":{\"@id\":\"https:\/\/mobensescolar.com\/es\/#organization\"},\"potentialAction\":[{\"@type\":\"SearchAction\",\"target\":{\"@type\":\"EntryPoint\",\"urlTemplate\":\"https:\/\/mobensescolar.com\/es\/?s={search_term_string}\"},\"query-input\":{\"@type\":\"PropertyValueSpecification\",\"valueRequired\":true,\"valueName\":\"search_term_string\"}}],\"inLanguage\":\"es\"},{\"@type\":\"Organization\",\"@id\":\"https:\/\/mobensescolar.com\/es\/#organization\",\"name\":\"Mobens School\",\"url\":\"https:\/\/mobensescolar.com\/es\/\",\"logo\":{\"@type\":\"ImageObject\",\"inLanguage\":\"es\",\"@id\":\"https:\/\/mobensescolar.com\/es\/#\/schema\/logo\/image\/\",\"url\":\"https:\/\/mobensescolar.com\/wp-content\/uploads\/2024\/10\/logo-mobens.webp\",\"contentUrl\":\"https:\/\/mobensescolar.com\/wp-content\/uploads\/2024\/10\/logo-mobens.webp\",\"width\":181,\"height\":181,\"caption\":\"Mobens School\"},\"image\":{\"@id\":\"https:\/\/mobensescolar.com\/es\/#\/schema\/logo\/image\/\"},\"sameAs\":[\"https:\/\/www.instagram.com\/mobens.school\/\"]}]}<\/script>\n<!-- \/ Yoast SEO plugin. -->","yoast_head_json":{"title":"Mesa Infantil Kiddy R - Mobens Escolar","description":"La Mesa escolar Kiddy R es una opci\u00f3n vers\u00e1til dentro del mobiliario escolar para infantil. Dise\u00f1ada para proporcionar un entorno seguro y funcional en aulas infantiles.","robots":{"index":"index","follow":"follow","max-snippet":"max-snippet:-1","max-image-preview":"max-image-preview:large","max-video-preview":"max-video-preview:-1"},"canonical":"https:\/\/mobensescolar.com\/es\/producto\/mesa-infantil-kiddy-r\/","og_locale":"es_ES","og_type":"article","og_title":"Mesa Infantil Kiddy R - Mobens Escolar","og_description":"La Mesa escolar Kiddy R es una opci\u00f3n vers\u00e1til dentro del mobiliario escolar para infantil. Dise\u00f1ada para proporcionar un entorno seguro y funcional en aulas infantiles.","og_url":"https:\/\/mobensescolar.com\/es\/producto\/mesa-infantil-kiddy-r\/","og_site_name":"Mobens Escolar","article_modified_time":"2025-03-28T09:59:10+00:00","og_image":[{"width":1067,"height":1020,"url":"https:\/\/mobensescolar.com\/wp-content\/uploads\/2024\/12\/kiddy-r-cdf-bl-basic.jpg","type":"image\/jpeg"}],"twitter_card":"summary_large_image","twitter_misc":{"Tiempo de lectura":"2 minutos"},"schema":{"@context":"https:\/\/schema.org","@graph":[{"@type":"WebPage","@id":"https:\/\/mobensescolar.com\/es\/producto\/mesa-infantil-kiddy-r\/","url":"https:\/\/mobensescolar.com\/es\/producto\/mesa-infantil-kiddy-r\/","name":"Mesa Infantil Kiddy R - Mobens Escolar","isPartOf":{"@id":"https:\/\/mobensescolar.com\/es\/#website"},"primaryImageOfPage":{"@id":"https:\/\/mobensescolar.com\/es\/producto\/mesa-infantil-kiddy-r\/#primaryimage"},"image":{"@id":"https:\/\/mobensescolar.com\/es\/producto\/mesa-infantil-kiddy-r\/#primaryimage"},"thumbnailUrl":"https:\/\/mobensescolar.com\/wp-content\/uploads\/2024\/12\/kiddy-r-cdf-bl-basic.jpg","datePublished":"2024-12-16T19:24:27+00:00","dateModified":"2025-03-28T09:59:10+00:00","description":"La Mesa escolar Kiddy R es una opci\u00f3n vers\u00e1til dentro del mobiliario escolar para infantil. Dise\u00f1ada para proporcionar un entorno seguro y funcional en aulas infantiles.","breadcrumb":{"@id":"https:\/\/mobensescolar.com\/es\/producto\/mesa-infantil-kiddy-r\/#breadcrumb"},"inLanguage":"es","potentialAction":[{"@type":"ReadAction","target":["https:\/\/mobensescolar.com\/es\/producto\/mesa-infantil-kiddy-r\/"]}]},{"@type":"ImageObject","inLanguage":"es","@id":"https:\/\/mobensescolar.com\/es\/producto\/mesa-infantil-kiddy-r\/#primaryimage","url":"https:\/\/mobensescolar.com\/wp-content\/uploads\/2024\/12\/kiddy-r-cdf-bl-basic.jpg","contentUrl":"https:\/\/mobensescolar.com\/wp-content\/uploads\/2024\/12\/kiddy-r-cdf-bl-basic.jpg","width":1067,"height":1020},{"@type":"BreadcrumbList","@id":"https:\/\/mobensescolar.com\/es\/producto\/mesa-infantil-kiddy-r\/#breadcrumb","itemListElement":[{"@type":"ListItem","position":1,"name":"Inici","item":"https:\/\/mobensescolar.com\/es\/mobens-school\/"},{"@type":"ListItem","position":2,"name":"Tienda","item":"https:\/\/mobensescolar.com\/es\/tienda\/"},{"@type":"ListItem","position":3,"name":"Mesa Infantil Kiddy R"}]},{"@type":"WebSite","@id":"https:\/\/mobensescolar.com\/es\/#website","url":"https:\/\/mobensescolar.com\/es\/","name":"Mobens School","description":"","publisher":{"@id":"https:\/\/mobensescolar.com\/es\/#organization"},"potentialAction":[{"@type":"SearchAction","target":{"@type":"EntryPoint","urlTemplate":"https:\/\/mobensescolar.com\/es\/?s={search_term_string}"},"query-input":{"@type":"PropertyValueSpecification","valueRequired":true,"valueName":"search_term_string"}}],"inLanguage":"es"},{"@type":"Organization","@id":"https:\/\/mobensescolar.com\/es\/#organization","name":"Mobens School","url":"https:\/\/mobensescolar.com\/es\/","logo":{"@type":"ImageObject","inLanguage":"es","@id":"https:\/\/mobensescolar.com\/es\/#\/schema\/logo\/image\/","url":"https:\/\/mobensescolar.com\/wp-content\/uploads\/2024\/10\/logo-mobens.webp","contentUrl":"https:\/\/mobensescolar.com\/wp-content\/uploads\/2024\/10\/logo-mobens.webp","width":181,"height":181,"caption":"Mobens School"},"image":{"@id":"https:\/\/mobensescolar.com\/es\/#\/schema\/logo\/image\/"},"sameAs":["https:\/\/www.instagram.com\/mobens.school\/"]}]}},"_links":{"self":[{"href":"https:\/\/mobensescolar.com\/es\/wp-json\/wp\/v2\/product\/4052","targetHints":{"allow":["GET"]}}],"collection":[{"href":"https:\/\/mobensescolar.com\/es\/wp-json\/wp\/v2\/product"}],"about":[{"href":"https:\/\/mobensescolar.com\/es\/wp-json\/wp\/v2\/types\/product"}],"replies":[{"embeddable":true,"href":"https:\/\/mobensescolar.com\/es\/wp-json\/wp\/v2\/comments?post=4052"}],"version-history":[{"count":1,"href":"https:\/\/mobensescolar.com\/es\/wp-json\/wp\/v2\/product\/4052\/revisions"}],"predecessor-version":[{"id":4053,"href":"https:\/\/mobensescolar.com\/es\/wp-json\/wp\/v2\/product\/4052\/revisions\/4053"}],"wp:featuredmedia":[{"embeddable":true,"href":"https:\/\/mobensescolar.com\/es\/wp-json\/wp\/v2\/media\/3362"}],"wp:attachment":[{"href":"https:\/\/mobensescolar.com\/es\/wp-json\/wp\/v2\/media?parent=4052"}],"wp:term":[{"taxonomy":"product_brand","embeddable":true,"href":"https:\/\/mobensescolar.com\/es\/wp-json\/wp\/v2\/product_brand?post=4052"},{"taxonomy":"product_cat","embeddable":true,"href":"https:\/\/mobensescolar.com\/es\/wp-json\/wp\/v2\/product_cat?post=4052"},{"taxonomy":"product_tag","embeddable":true,"href":"https:\/\/mobensescolar.com\/es\/wp-json\/wp\/v2\/product_tag?post=4052"}],"curies":[{"name":"wp","href":"https:\/\/api.w.org\/{rel}","templated":true}]}}