{"id":4239,"date":"2024-11-10T14:00:07","date_gmt":"2024-11-10T13:00:07","guid":{"rendered":"https:\/\/mobensescolar.com\/producto\/sofa-despuma-complet\/"},"modified":"2025-06-03T09:31:50","modified_gmt":"2025-06-03T07:31:50","slug":"sofa-de-espuma-complet","status":"publish","type":"product","link":"https:\/\/mobensescolar.com\/es\/producto\/sofa-de-espuma-complet\/","title":{"rendered":"Sof\u00e1 de espuma Complet"},"content":{"rendered":"<p>El <strong>Sof\u00e1 de espuma Complet<\/strong> es la evoluci\u00f3n del m\u00f3dulo rectangular Tube, al incorporar un respaldo que mejora la comodidad sin sacrificar la versatilidad.<\/p>\n<p>Este m\u00f3dulo permite crear composiciones funcionales y ergon\u00f3micas con el mobiliario escolar. Se combina a la perfecci\u00f3n con los sof\u00e1s escolares Cube, Angle y Tube. Su dise\u00f1o limpio y contempor\u00e1neo lo convierte en una pieza esencial para bibliotecas, aulas flexibles, zonas comunes o salas de espera.<\/p>\n<p>&nbsp;<\/p>\n<p><strong>Caracter\u00edsticas<\/strong><\/p>\n<ul>\n<li><strong>M\u00f3dulo rectangular con respaldo<\/strong>: Combina el formato pr\u00e1ctico del Sof\u00e1 Tube con un respaldo para mayor confort.<\/li>\n<li><strong>Dise\u00f1o modular compatible<\/strong>: Se integra perfectamente con los modelos Cube, Angle y Tube para formar composiciones personalizadas.<\/li>\n<li><strong>Estructura s\u00f3lida y estable<\/strong>: Fabricado con madera resistente y espuma de alta densidad.<\/li>\n<li><strong>Tapizado en polipiel<\/strong>: Superficie lavable, duradera y f\u00e1cil de mantener, ideal para uso escolar intensivo.<\/li>\n<li><strong>Ergonom\u00eda mejorada<\/strong>: El respaldo proporciona un soporte adecuado para sesiones prolongadas.<\/li>\n<li data-start=\"124\" data-end=\"601\"><strong>Montaje pr\u00e1ctico<\/strong>: Se entrega montado o con instrucciones simples para una instalaci\u00f3n r\u00e1pida.<\/li>\n<\/ul>\n","protected":false},"excerpt":{"rendered":"<p>El Sof\u00e1 de espuma Complet es la evoluci\u00f3n del m\u00f3dulo rectangular Tube, al incorporar un respaldo que mejora la comodidad sin sacrificar la versatilidad. Este m\u00f3dulo permite crear composiciones funcionales y ergon\u00f3micas con el mobiliario escolar. Se combina a la perfecci\u00f3n con los sof\u00e1s escolares Cube, Angle y Tube. Su dise\u00f1o limpio y contempor\u00e1neo lo &#8230; <a title=\"Sof\u00e1 de espuma Complet\" class=\"read-more\" href=\"https:\/\/mobensescolar.com\/es\/producto\/sofa-de-espuma-complet\/\" aria-label=\"Leer m\u00e1s sobre Sof\u00e1 de espuma Complet\">Leer m\u00e1s<\/a><\/p>\n","protected":false},"featured_media":2213,"comment_status":"closed","ping_status":"closed","template":"","meta":{"_acf_changed":false},"product_brand":[],"product_cat":[40],"product_tag":[],"class_list":{"0":"post-4239","1":"product","2":"type-product","3":"status-publish","4":"has-post-thumbnail","6":"product_cat-soft-seating-es","8":"first","9":"instock","10":"taxable","11":"shipping-taxable","12":"purchasable","13":"product-type-simple"},"supplier_id":null,"supplier_sku":"","barcode":null,"atum_controlled":true,"out_stock_date":null,"out_stock_threshold":null,"inheritable":false,"inbound_stock":0,"stock_on_hold":0,"sold_today":0,"sales_last_days":0,"reserved_stock":0,"customer_returns":0,"warehouse_damage":0,"lost_in_post":0,"other_logs":0,"out_stock_days":0,"lost_sales":0,"has_location":false,"update_date":"2026-04-29T00:11:30","atum_locations":[],"atum_stock_status":"instock","restock_status":false,"low_stock_amount":"","sales_update_date":"2026-04-29T00:11:30","calc_backorders":null,"acf":[],"yoast_head":"<!-- This site is optimized with the Yoast SEO plugin v24.4 - https:\/\/yoast.com\/wordpress\/plugins\/seo\/ -->\n<title>Sof\u00e1 de espuma Complet - Mobens Escolar<\/title>\n<meta name=\"description\" content=\"El Sof\u00e1 de espuma Complet es la evoluci\u00f3n del m\u00f3dulo rectangular Tube, al incorporar un respaldo que mejora la comodidad sin sacrificar la versatilidad.\" \/>\n<meta name=\"robots\" content=\"index, follow, max-snippet:-1, max-image-preview:large, max-video-preview:-1\" \/>\n<link rel=\"canonical\" href=\"https:\/\/mobensescolar.com\/es\/producto\/sofa-de-espuma-complet\/\" \/>\n<meta property=\"og:locale\" content=\"es_ES\" \/>\n<meta property=\"og:type\" content=\"article\" \/>\n<meta property=\"og:title\" content=\"Sof\u00e1 de espuma Complet - Mobens Escolar\" \/>\n<meta property=\"og:description\" content=\"El Sof\u00e1 de espuma Complet es la evoluci\u00f3n del m\u00f3dulo rectangular Tube, al incorporar un respaldo que mejora la comodidad sin sacrificar la versatilidad.\" \/>\n<meta property=\"og:url\" content=\"https:\/\/mobensescolar.com\/es\/producto\/sofa-de-espuma-complet\/\" \/>\n<meta property=\"og:site_name\" content=\"Mobens Escolar\" \/>\n<meta property=\"article:modified_time\" content=\"2025-06-03T07:31:50+00:00\" \/>\n<meta property=\"og:image\" content=\"https:\/\/mobensescolar.com\/wp-content\/uploads\/2024\/11\/12005-complete-sofa.jpg\" \/>\n\t<meta property=\"og:image:width\" content=\"1000\" \/>\n\t<meta property=\"og:image:height\" content=\"1000\" \/>\n\t<meta property=\"og:image:type\" content=\"image\/jpeg\" \/>\n<meta name=\"twitter:card\" content=\"summary_large_image\" \/>\n<meta name=\"twitter:label1\" content=\"Tiempo de lectura\" \/>\n\t<meta name=\"twitter:data1\" content=\"2 minutos\" \/>\n<script type=\"application\/ld+json\" class=\"yoast-schema-graph\">{\"@context\":\"https:\/\/schema.org\",\"@graph\":[{\"@type\":\"WebPage\",\"@id\":\"https:\/\/mobensescolar.com\/es\/producto\/sofa-de-espuma-complet\/\",\"url\":\"https:\/\/mobensescolar.com\/es\/producto\/sofa-de-espuma-complet\/\",\"name\":\"Sof\u00e1 de espuma Complet - Mobens Escolar\",\"isPartOf\":{\"@id\":\"https:\/\/mobensescolar.com\/es\/#website\"},\"primaryImageOfPage\":{\"@id\":\"https:\/\/mobensescolar.com\/es\/producto\/sofa-de-espuma-complet\/#primaryimage\"},\"image\":{\"@id\":\"https:\/\/mobensescolar.com\/es\/producto\/sofa-de-espuma-complet\/#primaryimage\"},\"thumbnailUrl\":\"https:\/\/mobensescolar.com\/wp-content\/uploads\/2024\/11\/12005-complete-sofa.jpg\",\"datePublished\":\"2024-11-10T13:00:07+00:00\",\"dateModified\":\"2025-06-03T07:31:50+00:00\",\"description\":\"El Sof\u00e1 de espuma Complet es la evoluci\u00f3n del m\u00f3dulo rectangular Tube, al incorporar un respaldo que mejora la comodidad sin sacrificar la versatilidad.\",\"breadcrumb\":{\"@id\":\"https:\/\/mobensescolar.com\/es\/producto\/sofa-de-espuma-complet\/#breadcrumb\"},\"inLanguage\":\"es\",\"potentialAction\":[{\"@type\":\"ReadAction\",\"target\":[\"https:\/\/mobensescolar.com\/es\/producto\/sofa-de-espuma-complet\/\"]}]},{\"@type\":\"ImageObject\",\"inLanguage\":\"es\",\"@id\":\"https:\/\/mobensescolar.com\/es\/producto\/sofa-de-espuma-complet\/#primaryimage\",\"url\":\"https:\/\/mobensescolar.com\/wp-content\/uploads\/2024\/11\/12005-complete-sofa.jpg\",\"contentUrl\":\"https:\/\/mobensescolar.com\/wp-content\/uploads\/2024\/11\/12005-complete-sofa.jpg\",\"width\":1000,\"height\":1000},{\"@type\":\"BreadcrumbList\",\"@id\":\"https:\/\/mobensescolar.com\/es\/producto\/sofa-de-espuma-complet\/#breadcrumb\",\"itemListElement\":[{\"@type\":\"ListItem\",\"position\":1,\"name\":\"Inici\",\"item\":\"https:\/\/mobensescolar.com\/es\/mobens-school\/\"},{\"@type\":\"ListItem\",\"position\":2,\"name\":\"Tienda\",\"item\":\"https:\/\/mobensescolar.com\/es\/tienda\/\"},{\"@type\":\"ListItem\",\"position\":3,\"name\":\"Sof\u00e1 de espuma Complet\"}]},{\"@type\":\"WebSite\",\"@id\":\"https:\/\/mobensescolar.com\/es\/#website\",\"url\":\"https:\/\/mobensescolar.com\/es\/\",\"name\":\"Mobens School\",\"description\":\"\",\"publisher\":{\"@id\":\"https:\/\/mobensescolar.com\/es\/#organization\"},\"potentialAction\":[{\"@type\":\"SearchAction\",\"target\":{\"@type\":\"EntryPoint\",\"urlTemplate\":\"https:\/\/mobensescolar.com\/es\/?s={search_term_string}\"},\"query-input\":{\"@type\":\"PropertyValueSpecification\",\"valueRequired\":true,\"valueName\":\"search_term_string\"}}],\"inLanguage\":\"es\"},{\"@type\":\"Organization\",\"@id\":\"https:\/\/mobensescolar.com\/es\/#organization\",\"name\":\"Mobens School\",\"url\":\"https:\/\/mobensescolar.com\/es\/\",\"logo\":{\"@type\":\"ImageObject\",\"inLanguage\":\"es\",\"@id\":\"https:\/\/mobensescolar.com\/es\/#\/schema\/logo\/image\/\",\"url\":\"https:\/\/mobensescolar.com\/wp-content\/uploads\/2024\/10\/logo-mobens.webp\",\"contentUrl\":\"https:\/\/mobensescolar.com\/wp-content\/uploads\/2024\/10\/logo-mobens.webp\",\"width\":181,\"height\":181,\"caption\":\"Mobens School\"},\"image\":{\"@id\":\"https:\/\/mobensescolar.com\/es\/#\/schema\/logo\/image\/\"},\"sameAs\":[\"https:\/\/www.instagram.com\/mobens.school\/\"]}]}<\/script>\n<!-- \/ Yoast SEO plugin. -->","yoast_head_json":{"title":"Sof\u00e1 de espuma Complet - Mobens Escolar","description":"El Sof\u00e1 de espuma Complet es la evoluci\u00f3n del m\u00f3dulo rectangular Tube, al incorporar un respaldo que mejora la comodidad sin sacrificar la versatilidad.","robots":{"index":"index","follow":"follow","max-snippet":"max-snippet:-1","max-image-preview":"max-image-preview:large","max-video-preview":"max-video-preview:-1"},"canonical":"https:\/\/mobensescolar.com\/es\/producto\/sofa-de-espuma-complet\/","og_locale":"es_ES","og_type":"article","og_title":"Sof\u00e1 de espuma Complet - Mobens Escolar","og_description":"El Sof\u00e1 de espuma Complet es la evoluci\u00f3n del m\u00f3dulo rectangular Tube, al incorporar un respaldo que mejora la comodidad sin sacrificar la versatilidad.","og_url":"https:\/\/mobensescolar.com\/es\/producto\/sofa-de-espuma-complet\/","og_site_name":"Mobens Escolar","article_modified_time":"2025-06-03T07:31:50+00:00","og_image":[{"width":1000,"height":1000,"url":"https:\/\/mobensescolar.com\/wp-content\/uploads\/2024\/11\/12005-complete-sofa.jpg","type":"image\/jpeg"}],"twitter_card":"summary_large_image","twitter_misc":{"Tiempo de lectura":"2 minutos"},"schema":{"@context":"https:\/\/schema.org","@graph":[{"@type":"WebPage","@id":"https:\/\/mobensescolar.com\/es\/producto\/sofa-de-espuma-complet\/","url":"https:\/\/mobensescolar.com\/es\/producto\/sofa-de-espuma-complet\/","name":"Sof\u00e1 de espuma Complet - Mobens Escolar","isPartOf":{"@id":"https:\/\/mobensescolar.com\/es\/#website"},"primaryImageOfPage":{"@id":"https:\/\/mobensescolar.com\/es\/producto\/sofa-de-espuma-complet\/#primaryimage"},"image":{"@id":"https:\/\/mobensescolar.com\/es\/producto\/sofa-de-espuma-complet\/#primaryimage"},"thumbnailUrl":"https:\/\/mobensescolar.com\/wp-content\/uploads\/2024\/11\/12005-complete-sofa.jpg","datePublished":"2024-11-10T13:00:07+00:00","dateModified":"2025-06-03T07:31:50+00:00","description":"El Sof\u00e1 de espuma Complet es la evoluci\u00f3n del m\u00f3dulo rectangular Tube, al incorporar un respaldo que mejora la comodidad sin sacrificar la versatilidad.","breadcrumb":{"@id":"https:\/\/mobensescolar.com\/es\/producto\/sofa-de-espuma-complet\/#breadcrumb"},"inLanguage":"es","potentialAction":[{"@type":"ReadAction","target":["https:\/\/mobensescolar.com\/es\/producto\/sofa-de-espuma-complet\/"]}]},{"@type":"ImageObject","inLanguage":"es","@id":"https:\/\/mobensescolar.com\/es\/producto\/sofa-de-espuma-complet\/#primaryimage","url":"https:\/\/mobensescolar.com\/wp-content\/uploads\/2024\/11\/12005-complete-sofa.jpg","contentUrl":"https:\/\/mobensescolar.com\/wp-content\/uploads\/2024\/11\/12005-complete-sofa.jpg","width":1000,"height":1000},{"@type":"BreadcrumbList","@id":"https:\/\/mobensescolar.com\/es\/producto\/sofa-de-espuma-complet\/#breadcrumb","itemListElement":[{"@type":"ListItem","position":1,"name":"Inici","item":"https:\/\/mobensescolar.com\/es\/mobens-school\/"},{"@type":"ListItem","position":2,"name":"Tienda","item":"https:\/\/mobensescolar.com\/es\/tienda\/"},{"@type":"ListItem","position":3,"name":"Sof\u00e1 de espuma Complet"}]},{"@type":"WebSite","@id":"https:\/\/mobensescolar.com\/es\/#website","url":"https:\/\/mobensescolar.com\/es\/","name":"Mobens School","description":"","publisher":{"@id":"https:\/\/mobensescolar.com\/es\/#organization"},"potentialAction":[{"@type":"SearchAction","target":{"@type":"EntryPoint","urlTemplate":"https:\/\/mobensescolar.com\/es\/?s={search_term_string}"},"query-input":{"@type":"PropertyValueSpecification","valueRequired":true,"valueName":"search_term_string"}}],"inLanguage":"es"},{"@type":"Organization","@id":"https:\/\/mobensescolar.com\/es\/#organization","name":"Mobens School","url":"https:\/\/mobensescolar.com\/es\/","logo":{"@type":"ImageObject","inLanguage":"es","@id":"https:\/\/mobensescolar.com\/es\/#\/schema\/logo\/image\/","url":"https:\/\/mobensescolar.com\/wp-content\/uploads\/2024\/10\/logo-mobens.webp","contentUrl":"https:\/\/mobensescolar.com\/wp-content\/uploads\/2024\/10\/logo-mobens.webp","width":181,"height":181,"caption":"Mobens School"},"image":{"@id":"https:\/\/mobensescolar.com\/es\/#\/schema\/logo\/image\/"},"sameAs":["https:\/\/www.instagram.com\/mobens.school\/"]}]}},"_links":{"self":[{"href":"https:\/\/mobensescolar.com\/es\/wp-json\/wp\/v2\/product\/4239","targetHints":{"allow":["GET"]}}],"collection":[{"href":"https:\/\/mobensescolar.com\/es\/wp-json\/wp\/v2\/product"}],"about":[{"href":"https:\/\/mobensescolar.com\/es\/wp-json\/wp\/v2\/types\/product"}],"replies":[{"embeddable":true,"href":"https:\/\/mobensescolar.com\/es\/wp-json\/wp\/v2\/comments?post=4239"}],"version-history":[{"count":0,"href":"https:\/\/mobensescolar.com\/es\/wp-json\/wp\/v2\/product\/4239\/revisions"}],"wp:featuredmedia":[{"embeddable":true,"href":"https:\/\/mobensescolar.com\/es\/wp-json\/wp\/v2\/media\/2213"}],"wp:attachment":[{"href":"https:\/\/mobensescolar.com\/es\/wp-json\/wp\/v2\/media?parent=4239"}],"wp:term":[{"taxonomy":"product_brand","embeddable":true,"href":"https:\/\/mobensescolar.com\/es\/wp-json\/wp\/v2\/product_brand?post=4239"},{"taxonomy":"product_cat","embeddable":true,"href":"https:\/\/mobensescolar.com\/es\/wp-json\/wp\/v2\/product_cat?post=4239"},{"taxonomy":"product_tag","embeddable":true,"href":"https:\/\/mobensescolar.com\/es\/wp-json\/wp\/v2\/product_tag?post=4239"}],"curies":[{"name":"wp","href":"https:\/\/api.w.org\/{rel}","templated":true}]}}